{"id":766991,"date":"2025-08-28T12:32:39","date_gmt":"2025-08-28T09:32:39","guid":{"rendered":"https:\/\/roveyayinevi.com.tr\/index.php\/urun\/iki-dilli-ingilizce-turkce-my-book-of-numbers-sayilar-kitabim-first-steps-to-english-ingilizceye-ilk-adimlar-ingilizce-ogreniyorum\/"},"modified":"2026-04-15T03:32:44","modified_gmt":"2026-04-15T00:32:44","slug":"iki-dilli-ingilizce-turkce-my-book-of-numbers-sayilar-kitabim-first-steps-to-english-ingilizceye-ilk-adimlar-ingilizce-ogreniyorum","status":"publish","type":"product","link":"https:\/\/roveyayinevi.com.tr\/index.php\/urun\/iki-dilli-ingilizce-turkce-my-book-of-numbers-sayilar-kitabim-first-steps-to-english-ingilizceye-ilk-adimlar-ingilizce-ogreniyorum\/","title":{"rendered":"\u0130ki Dilli: \u0130ngilizce-T\u00fcrk\u00e7e My Book Of Numbers \/ Say\u0131lar Kitab\u0131m &#8211; First Steps To English \/ \u0130ngilizceye \u0130lk Ad\u0131mlar \u0130ngilizce \u00d6\u011freniyorum"},"content":{"rendered":"<p>FIRST STEPS TO ENGLISH \u0130NG\u0130L\u0130ZCEYE \u0130LK ADIMLAR \u00c7ocu\u011funuz \u0130ngilizce say\u0131lar\u0131 kolayca \u00f6\u011frensin. \u0130ngilizce \u00d6\u011freniyorum serisi, \u00e7ocuklar\u0131n \u0130ngilizceyi g\u00fcnl\u00fck ya\u015fam\u0131n bir par\u00e7as\u0131 haline getirerek \u00f6\u011frenmesi i\u00e7in haz\u0131rlanm\u0131\u015ft\u0131r. \u00d6\u011eRENME REHBER\u0130\u2022 Dil geli\u015fimine yard\u0131mc\u0131 olur ve \u0130ngilizceye giri\u015f sa\u011flar. \u2022 Kelime da\u011farc\u0131\u011f\u0131n\u0131 zenginle\u015ftirir, konu bilgisini geli\u015ftirir. \u2022 \u00c7ocuk ile ebeveyn aras\u0131nda daha fazla etkile\u015fim imk\u00e2n\u0131 sunar.<\/p>\n","protected":false},"excerpt":{"rendered":"<p>FIRST STEPS TO ENGLISH \u0130NG\u0130L\u0130ZCEYE \u0130LK ADIMLAR \u00c7ocu\u011funuz \u0130ngilizce say\u0131lar\u0131 kolayca \u00f6\u011frensin. \u0130ngilizce \u00d6\u011freniyorum serisi, \u00e7ocuklar\u0131n \u0130ngilizceyi g\u00fcnl\u00fck ya\u015fam\u0131n bir par\u00e7as\u0131 haline getirerek \u00f6\u011frenmesi i\u00e7in haz\u0131rlanm\u0131\u015ft\u0131r.<span class=\"excerpt-hellip\"> [\u2026]<\/span><\/p>\n","protected":false},"featured_media":0,"template":"","meta":{"_monsterinsights_skip_tracking":false,"_monsterinsights_sitenote_active":false,"_monsterinsights_sitenote_note":"","_monsterinsights_sitenote_category":0},"product_brand":[],"product_cat":[12274,12518],"product_tag":[],"class_list":{"0":"post-766991","1":"product","2":"type-product","3":"status-publish","5":"product_cat-cocuk-ve-genclik-kitaplari","6":"product_cat-okul-oncesi-kitaplar","7":"pa_cilt-ciltsiz","8":"pa_tur-kitap","9":"pa_yayinevi-koc-universitesi-yayinlari","10":"pa_yazar-michael-garton","12":"first","13":"instock","14":"sale","15":"shipping-taxable","16":"purchasable","17":"product-type-simple"},"_links":{"self":[{"href":"https:\/\/roveyayinevi.com.tr\/index.php\/wp-json\/wp\/v2\/product\/766991","targetHints":{"allow":["GET"]}}],"collection":[{"href":"https:\/\/roveyayinevi.com.tr\/index.php\/wp-json\/wp\/v2\/product"}],"about":[{"href":"https:\/\/roveyayinevi.com.tr\/index.php\/wp-json\/wp\/v2\/types\/product"}],"wp:attachment":[{"href":"https:\/\/roveyayinevi.com.tr\/index.php\/wp-json\/wp\/v2\/media?parent=766991"}],"wp:term":[{"taxonomy":"product_brand","embeddable":true,"href":"https:\/\/roveyayinevi.com.tr\/index.php\/wp-json\/wp\/v2\/product_brand?post=766991"},{"taxonomy":"product_cat","embeddable":true,"href":"https:\/\/roveyayinevi.com.tr\/index.php\/wp-json\/wp\/v2\/product_cat?post=766991"},{"taxonomy":"product_tag","embeddable":true,"href":"https:\/\/roveyayinevi.com.tr\/index.php\/wp-json\/wp\/v2\/product_tag?post=766991"}],"curies":[{"name":"wp","href":"https:\/\/api.w.org\/{rel}","templated":true}]}}