{"id":766979,"date":"2025-08-28T12:32:16","date_gmt":"2025-08-28T09:32:16","guid":{"rendered":"https:\/\/roveyayinevi.com.tr\/index.php\/urun\/robotlar-teknolojik-cihazlar-ve-yapay-zeka-ve-bunlar-dunyamizi-nasil-degistiriyor\/"},"modified":"2026-04-15T03:32:43","modified_gmt":"2026-04-15T00:32:43","slug":"robotlar-teknolojik-cihazlar-ve-yapay-zeka-ve-bunlar-dunyamizi-nasil-degistiriyor","status":"publish","type":"product","link":"https:\/\/roveyayinevi.com.tr\/index.php\/urun\/robotlar-teknolojik-cihazlar-ve-yapay-zeka-ve-bunlar-dunyamizi-nasil-degistiriyor\/","title":{"rendered":"Robotlar, Teknolojik Cihazlar ve Yapay Zeka ve Bunlar D\u00fcnyam\u0131z\u0131 Nas\u0131l De\u011fi\u015ftiriyor?"},"content":{"rendered":"<p>Yapay zek\u00e2n\u0131n ne oldu\u011funu hi\u00e7 merak ettin mi? Peki robotlar\u0131n nas\u0131l \u00e7al\u0131\u015ft\u0131\u011f\u0131n\u0131 \u00f6\u011frenmek istemez misin?   Merakl\u0131 Gen\u00e7 Zihinler i\u00e7in \u00c7ok K\u0131sa Giri\u015f Kitaplar\u0131 serisinin bu kitab\u0131, sana bilmen gereken her \u015feyi anlatacak.   Bu kitap hem yapay zek\u00e2n\u0131n s\u0131rlar\u0131n\u0131 hem de ge\u00e7mi\u015f ve gelecek robotlara dair ger\u00e7ekleri a\u00e7\u0131\u011fa \u00e7\u0131kar\u0131yor bilim insanlar\u0131 gibi konu\u015fman i\u00e7in gereken bilgi, rakam ve kelimeleri \u00f6n\u00fcne seriyor foto\u011fraflar, g\u00f6rseller, e\u011flenceli \u00e7izgi roman kesitleri ve robot d\u00fcnyas\u0131 kahramanlar\u0131n\u0131n hik\u00e2yeleriyle sana ilham veriyor.<\/p>\n","protected":false},"excerpt":{"rendered":"<p>Yapay zek\u00e2n\u0131n ne oldu\u011funu hi\u00e7 merak ettin mi? Peki robotlar\u0131n nas\u0131l \u00e7al\u0131\u015ft\u0131\u011f\u0131n\u0131 \u00f6\u011frenmek istemez misin? Merakl\u0131 Gen\u00e7 Zihinler i\u00e7in \u00c7ok K\u0131sa Giri\u015f Kitaplar\u0131 serisinin bu kitab\u0131,<span class=\"excerpt-hellip\"> [\u2026]<\/span><\/p>\n","protected":false},"featured_media":0,"template":"","meta":{"_monsterinsights_skip_tracking":false,"_monsterinsights_sitenote_active":false,"_monsterinsights_sitenote_note":"","_monsterinsights_sitenote_category":0},"product_brand":[],"product_cat":[13829,12274],"product_tag":[],"class_list":{"0":"post-766979","1":"product","2":"type-product","3":"status-publish","5":"product_cat-bilimsel-kitaplar","6":"product_cat-cocuk-ve-genclik-kitaplari","7":"pa_cilt-ciltsiz","8":"pa_tur-kitap","9":"pa_yayinevi-yapi-kredi-yayinlari","10":"pa_yazar-tom-jackson","12":"first","13":"instock","14":"sale","15":"shipping-taxable","16":"purchasable","17":"product-type-simple"},"_links":{"self":[{"href":"https:\/\/roveyayinevi.com.tr\/index.php\/wp-json\/wp\/v2\/product\/766979","targetHints":{"allow":["GET"]}}],"collection":[{"href":"https:\/\/roveyayinevi.com.tr\/index.php\/wp-json\/wp\/v2\/product"}],"about":[{"href":"https:\/\/roveyayinevi.com.tr\/index.php\/wp-json\/wp\/v2\/types\/product"}],"wp:attachment":[{"href":"https:\/\/roveyayinevi.com.tr\/index.php\/wp-json\/wp\/v2\/media?parent=766979"}],"wp:term":[{"taxonomy":"product_brand","embeddable":true,"href":"https:\/\/roveyayinevi.com.tr\/index.php\/wp-json\/wp\/v2\/product_brand?post=766979"},{"taxonomy":"product_cat","embeddable":true,"href":"https:\/\/roveyayinevi.com.tr\/index.php\/wp-json\/wp\/v2\/product_cat?post=766979"},{"taxonomy":"product_tag","embeddable":true,"href":"https:\/\/roveyayinevi.com.tr\/index.php\/wp-json\/wp\/v2\/product_tag?post=766979"}],"curies":[{"name":"wp","href":"https:\/\/api.w.org\/{rel}","templated":true}]}}