{"id":766975,"date":"2025-08-28T12:32:09","date_gmt":"2025-08-28T09:32:09","guid":{"rendered":"https:\/\/roveyayinevi.com.tr\/index.php\/urun\/psikanaliz-defterleri-13-cocuk-ve-ergen-calismalari-nineler-ve-dedeler\/"},"modified":"2026-04-15T03:32:43","modified_gmt":"2026-04-15T00:32:43","slug":"psikanaliz-defterleri-13-cocuk-ve-ergen-calismalari-nineler-ve-dedeler","status":"publish","type":"product","link":"https:\/\/roveyayinevi.com.tr\/index.php\/urun\/psikanaliz-defterleri-13-cocuk-ve-ergen-calismalari-nineler-ve-dedeler\/","title":{"rendered":"Psikanaliz Defterleri 13: \u00c7ocuk ve Ergen \u00c7al\u0131\u015fmalar\u0131 &#8211; Nineler ve Dedeler"},"content":{"rendered":"<p>Psikanalizin uygulanmaya ba\u015fland\u0131\u011f\u0131 y\u0131llarda insan ya\u015famlar\u0131 g\u00fcn\u00fcm\u00fczdeki kadar uzun de\u011fildi. G\u00fcn\u00fcm\u00fczde ise bireylerin torunlar\u0131n\u0131n \u00e7ocuklar\u0131n\u0131 g\u00f6rmeleri i\u015ften bile de\u011fil. B\u00f6ylece, \u00f6nceleri sadece iki ku\u015fa\u011f\u0131 i\u00e7ine alan analitik \u00e7al\u0131\u015fman\u0131n kapsam\u0131 b\u00fcy\u00fckanne ve babalar\u0131n da \u00e7ocu\u011fun b\u00fcy\u00fct\u00fclmesine katk\u0131 vermeleri sonucunda ister istemez geni\u015fledi. Psikanaliz Defterleri\u2019nin Nineler ve Dedeler say\u0131s\u0131, b\u00fcy\u00fckanne ve b\u00fcy\u00fckbabalar\u0131n torunlar\u0131n\u0131n ruhsal geli\u015fimine katk\u0131s\u0131n\u0131, ku\u015faklararas\u0131 aktar\u0131m ve \u00e7at\u0131\u015fma ba\u011flam\u0131nda ele alan yaz\u0131lardan olu\u015fuyor.   Bernard Penot Freud ve Ku\u015faklar\u00f6tesi Philippe Gutton, Marie-Christine Aubray Sonsuz Bir Geri D\u00f6n\u00fc\u015f m\u00fc? Alper \u015eahin Nine-Dedeler, Anne-Babalar, \u00c7ocuklar: Ku\u015faklar Boyu Aktar\u0131m Dinamikleri \u00dczerine D\u00fc\u015f\u00fcnceler Alberto Eiguer B\u00fcy\u00fckannebabalar\u0131m\u0131z Ne \u0130\u015fimize Yararlar? Evlat Edinmede Ne Gibi Bir Rol Oynarlar? Patrick Avrane B\u00fcy\u00fckannebabalar \u00dczerine Sorular ve Yan\u0131tlar \u015eafak Patavi B\u00fcy\u00fck-Anne Filiz Torun Baba-Anne Sezai Halifeo\u011flu Torun \u00c7ok mu Sevilir? \u0130rem G\u00f6ksu Unutulmu\u015f Yollar Richard Durastante, Martine Drevon Evcil Hayvanlar, Ku\u015faklar\u00f6tesinin Elevericileri Talat Parman Nineler ve Dedelerden Torunlara Aile Defterlerinde Yaz\u0131l\u0131 Olan Bor\u00e7lar ve Alacaklar <\/p>\n","protected":false},"excerpt":{"rendered":"<p>Psikanalizin uygulanmaya ba\u015fland\u0131\u011f\u0131 y\u0131llarda insan ya\u015famlar\u0131 g\u00fcn\u00fcm\u00fczdeki kadar uzun de\u011fildi. G\u00fcn\u00fcm\u00fczde ise bireylerin torunlar\u0131n\u0131n \u00e7ocuklar\u0131n\u0131 g\u00f6rmeleri i\u015ften bile de\u011fil. B\u00f6ylece, \u00f6nceleri sadece iki ku\u015fa\u011f\u0131 i\u00e7ine alan<span class=\"excerpt-hellip\"> [\u2026]<\/span><\/p>\n","protected":false},"featured_media":0,"template":"","meta":{"_monsterinsights_skip_tracking":false,"_monsterinsights_sitenote_active":false,"_monsterinsights_sitenote_note":"","_monsterinsights_sitenote_category":0},"product_brand":[],"product_cat":[12358,12357],"product_tag":[],"class_list":{"0":"post-766975","1":"product","2":"type-product","3":"status-publish","5":"product_cat-genel-psikoloji","6":"product_cat-psikoloji","7":"pa_cilt-ciltsiz","8":"pa_tur-kitap","9":"pa_yayinevi-yapi-kredi-yayinlari","10":"pa_yazar-kolektif","12":"first","13":"instock","14":"sale","15":"shipping-taxable","16":"purchasable","17":"product-type-simple"},"_links":{"self":[{"href":"https:\/\/roveyayinevi.com.tr\/index.php\/wp-json\/wp\/v2\/product\/766975","targetHints":{"allow":["GET"]}}],"collection":[{"href":"https:\/\/roveyayinevi.com.tr\/index.php\/wp-json\/wp\/v2\/product"}],"about":[{"href":"https:\/\/roveyayinevi.com.tr\/index.php\/wp-json\/wp\/v2\/types\/product"}],"wp:attachment":[{"href":"https:\/\/roveyayinevi.com.tr\/index.php\/wp-json\/wp\/v2\/media?parent=766975"}],"wp:term":[{"taxonomy":"product_brand","embeddable":true,"href":"https:\/\/roveyayinevi.com.tr\/index.php\/wp-json\/wp\/v2\/product_brand?post=766975"},{"taxonomy":"product_cat","embeddable":true,"href":"https:\/\/roveyayinevi.com.tr\/index.php\/wp-json\/wp\/v2\/product_cat?post=766975"},{"taxonomy":"product_tag","embeddable":true,"href":"https:\/\/roveyayinevi.com.tr\/index.php\/wp-json\/wp\/v2\/product_tag?post=766975"}],"curies":[{"name":"wp","href":"https:\/\/api.w.org\/{rel}","templated":true}]}}