{"id":766973,"date":"2025-08-28T12:32:04","date_gmt":"2025-08-28T09:32:04","guid":{"rendered":"https:\/\/roveyayinevi.com.tr\/index.php\/urun\/kar-altindaki-gece\/"},"modified":"2026-04-15T03:32:43","modified_gmt":"2026-04-15T00:32:43","slug":"kar-altindaki-gece","status":"publish","type":"product","link":"https:\/\/roveyayinevi.com.tr\/index.php\/urun\/kar-altindaki-gece\/","title":{"rendered":"Kar Alt\u0131ndaki Gece"},"content":{"rendered":"<p>Ralf Rothmann Baharda \u00d6lmek ile ba\u015flay\u0131p O Yaz\u0131n Tanr\u0131s\u0131 ile devam eden \u00fc\u00e7lemesini Kar Alt\u0131ndaki Gece roman\u0131yla tamaml\u0131yor.   1945, k\u0131\u015f: 16 ya\u015f\u0131ndaki Elisabeth kendisini tedavi eden firari Rus askerle birlikte bir s\u0131\u011f\u0131naktad\u0131r. Soba borusu deli\u011finden karda y\u00fcr\u00fcyenlerin ayak seslerini i\u015fitir; yukar\u0131daki ya\u015fam\u0131n\u0131n onsuz ak\u0131p gitti\u011fini, tan\u0131d\u0131\u011f\u0131 ve sevdi\u011fi t\u00fcm insanlar\u0131n onu aramay\u0131 \u00e7oktan b\u0131rakt\u0131\u011f\u0131n\u0131 ve onun orada yatt\u0131\u011f\u0131n\u0131 bilmeden kaskat\u0131 donmu\u015f topraktan uzakla\u015ft\u0131klar\u0131n\u0131 hayal eder. Ve hayallerde kayboldu\u011fu bir an b\u00f6yle iyi oldu\u011funu, bir daha onlar\u0131n yan\u0131na, hi\u00e7birinin yan\u0131na, yukar\u0131ya \u00e7\u0131kmak istemedi\u011fini, sonsuza dek Dimitri\u2019yle bu gecede, kar\u0131n alt\u0131ndaki bu s\u0131cak bar\u0131\u015fta ya\u015famay\u0131 arzular&#8230;   \u201cSac barakam\u0131z hep so\u011fuk olurdu, demir soba s\u0131ca\u011f\u0131 geceden sabaha tutmazd\u0131, ufakl\u0131k da gece uyanm\u0131\u015f, pijamas\u0131yla sendeleye sendeleye otlakta y\u00fcr\u00fcm\u00fc\u015f, \u00e7\u0131plak ayak&#8230; Diz y\u00fcksekli\u011finde duvarla \u00e7evrili g\u00fcbre \u00e7ukurunu g\u00f6r\u00fcyor, e tabii sabah ayaz\u0131nda \u00fcst\u00fcnden dumanlar t\u00fct\u00fcyor, herhalde s\u0131cak banyo sand\u0131. Neyse i\u015fte i\u00e7ine girip oturuyor, ne\u015fe i\u00e7inde kafas\u0131n\u0131 bir g\u00fczel kahverengi pis suyla y\u0131k\u0131yor&#8230; Oran\u0131n mayalanma y\u00fcz\u00fcnden belli bir \u0131s\u0131s\u0131 vard\u0131, ne olursa olsun bizim k\u00fcmes gibi odadan daha s\u0131cak oldu\u011fu kesindi&#8230; Ben b\u00fct\u00fcn o korku ve deh\u015fetin i\u00e7inde ne d\u00fc\u015f\u00fcnd\u00fcm biliyor musun: Evet, i\u015fte bizim hayat\u0131m\u0131z bu. G\u00fcbrenin i\u00e7inde oturuyoruz, g\u00fcbrenin i\u00e7inde b\u00fcy\u00fcyoruz, g\u00fcbre gibi kokuyoruz ve her zaman da b\u00f6yle olacak&#8230;\u201d   Kar Alt\u0131ndaki Gece, Rothmann\u2019\u0131n en iyi kitaplar\u0131ndan biri. Rainer Moritz, Neue Z\u00fcrcher Zeitung <\/p>\n","protected":false},"excerpt":{"rendered":"<p>Ralf Rothmann Baharda \u00d6lmek ile ba\u015flay\u0131p O Yaz\u0131n Tanr\u0131s\u0131 ile devam eden \u00fc\u00e7lemesini Kar Alt\u0131ndaki Gece roman\u0131yla tamaml\u0131yor. 1945, k\u0131\u015f: 16 ya\u015f\u0131ndaki Elisabeth kendisini tedavi eden<span class=\"excerpt-hellip\"> [\u2026]<\/span><\/p>\n","protected":false},"featured_media":0,"template":"","meta":{"_monsterinsights_skip_tracking":false,"_monsterinsights_sitenote_active":false,"_monsterinsights_sitenote_note":"","_monsterinsights_sitenote_category":0},"product_brand":[],"product_cat":[12291,12711],"product_tag":[],"class_list":{"0":"post-766973","1":"product","2":"type-product","3":"status-publish","5":"product_cat-edebiyat","6":"product_cat-roman-oyku","7":"pa_cilt-ciltsiz","8":"pa_tur-kitap","9":"pa_yayinevi-yapi-kredi-yayinlari","10":"pa_yazar-ralf-rothmann","12":"first","13":"instock","14":"sale","15":"shipping-taxable","16":"purchasable","17":"product-type-simple"},"_links":{"self":[{"href":"https:\/\/roveyayinevi.com.tr\/index.php\/wp-json\/wp\/v2\/product\/766973","targetHints":{"allow":["GET"]}}],"collection":[{"href":"https:\/\/roveyayinevi.com.tr\/index.php\/wp-json\/wp\/v2\/product"}],"about":[{"href":"https:\/\/roveyayinevi.com.tr\/index.php\/wp-json\/wp\/v2\/types\/product"}],"wp:attachment":[{"href":"https:\/\/roveyayinevi.com.tr\/index.php\/wp-json\/wp\/v2\/media?parent=766973"}],"wp:term":[{"taxonomy":"product_brand","embeddable":true,"href":"https:\/\/roveyayinevi.com.tr\/index.php\/wp-json\/wp\/v2\/product_brand?post=766973"},{"taxonomy":"product_cat","embeddable":true,"href":"https:\/\/roveyayinevi.com.tr\/index.php\/wp-json\/wp\/v2\/product_cat?post=766973"},{"taxonomy":"product_tag","embeddable":true,"href":"https:\/\/roveyayinevi.com.tr\/index.php\/wp-json\/wp\/v2\/product_tag?post=766973"}],"curies":[{"name":"wp","href":"https:\/\/api.w.org\/{rel}","templated":true}]}}