{"id":766972,"date":"2025-08-28T12:32:02","date_gmt":"2025-08-28T09:32:02","guid":{"rendered":"https:\/\/roveyayinevi.com.tr\/index.php\/urun\/orman-suyu-jungle-juice-birinci-cilt\/"},"modified":"2026-04-15T03:32:43","modified_gmt":"2026-04-15T00:32:43","slug":"orman-suyu-jungle-juice-birinci-cilt","status":"publish","type":"product","link":"https:\/\/roveyayinevi.com.tr\/index.php\/urun\/orman-suyu-jungle-juice-birinci-cilt\/","title":{"rendered":"Orman Suyu Jungle Juice Birinci Cilt"},"content":{"rendered":"<p>AV VE AVCI&#8230; Her toplumun bir hiyerar\u015fisi vard\u0131r. \u00dcniversite \u00f6\u011frencisi Suchan Jang da insan toplumu\u2019nun en \u00fcst\u00fcnde! Ancak pop\u00fclaritesine ve karizmas\u0131na ra\u011fmen onu ba\u015fkalar\u0131yla yak\u0131nla\u015fmaktan al\u0131koyan bir s\u0131rr\u0131 var: Giysilerinin alt\u0131nda gizledi\u011fi bir \u00e7ift yusuf\u00e7uk kanad\u0131! Ho\u015fland\u0131\u011f\u0131 k\u0131z\u0131 kurtarmak i\u00e7in bunlar\u0131 if\u015fa etmek zorunda kald\u0131\u011f\u0131nda Suchan aniden kendini besin zincirinin en alt\u0131na d\u00fc\u015ferken buluyor. \u0130\u015fte o anda, hayatta yapayaln\u0131z ve \u00e7aresiz kalm\u0131\u015fken gizli bir insan-b\u00f6cek melezi toplulu\u011fuyla tan\u0131\u015ft\u0131r\u0131l\u0131r. Hem dost hem de d\u00fc\u015fmanla dolu bu d\u00fcnya, Suchan&#8217;a kendisi i\u00e7in yeni bir ba\u015flang\u0131\u00e7 yapma f\u0131rsat\u0131 sunuyor&#8230; \u015eimdi tek sorun, zirveye geri t\u0131rmanmak!<\/p>\n","protected":false},"excerpt":{"rendered":"<p>AV VE AVCI&#8230; Her toplumun bir hiyerar\u015fisi vard\u0131r. \u00dcniversite \u00f6\u011frencisi Suchan Jang da insan toplumu\u2019nun en \u00fcst\u00fcnde! Ancak pop\u00fclaritesine ve karizmas\u0131na ra\u011fmen onu ba\u015fkalar\u0131yla yak\u0131nla\u015fmaktan al\u0131koyan<span class=\"excerpt-hellip\"> [\u2026]<\/span><\/p>\n","protected":false},"featured_media":0,"template":"","meta":{"_monsterinsights_skip_tracking":false,"_monsterinsights_sitenote_active":false,"_monsterinsights_sitenote_note":"","_monsterinsights_sitenote_category":0},"product_brand":[],"product_cat":[12416,12291],"product_tag":[],"class_list":{"0":"post-766972","1":"product","2":"type-product","3":"status-publish","5":"product_cat-cizgi-roman","6":"product_cat-edebiyat","7":"pa_cilt-ciltsiz","8":"pa_tur-kitap","9":"pa_yayinevi-artemis-yayinlari","10":"pa_yazar-hyeong-eun","12":"first","13":"instock","14":"sale","15":"shipping-taxable","16":"purchasable","17":"product-type-simple"},"_links":{"self":[{"href":"https:\/\/roveyayinevi.com.tr\/index.php\/wp-json\/wp\/v2\/product\/766972","targetHints":{"allow":["GET"]}}],"collection":[{"href":"https:\/\/roveyayinevi.com.tr\/index.php\/wp-json\/wp\/v2\/product"}],"about":[{"href":"https:\/\/roveyayinevi.com.tr\/index.php\/wp-json\/wp\/v2\/types\/product"}],"wp:attachment":[{"href":"https:\/\/roveyayinevi.com.tr\/index.php\/wp-json\/wp\/v2\/media?parent=766972"}],"wp:term":[{"taxonomy":"product_brand","embeddable":true,"href":"https:\/\/roveyayinevi.com.tr\/index.php\/wp-json\/wp\/v2\/product_brand?post=766972"},{"taxonomy":"product_cat","embeddable":true,"href":"https:\/\/roveyayinevi.com.tr\/index.php\/wp-json\/wp\/v2\/product_cat?post=766972"},{"taxonomy":"product_tag","embeddable":true,"href":"https:\/\/roveyayinevi.com.tr\/index.php\/wp-json\/wp\/v2\/product_tag?post=766972"}],"curies":[{"name":"wp","href":"https:\/\/api.w.org\/{rel}","templated":true}]}}