{"id":766971,"date":"2025-08-28T12:31:59","date_gmt":"2025-08-28T09:31:59","guid":{"rendered":"https:\/\/roveyayinevi.com.tr\/index.php\/urun\/derslerini-verelim-get-schooled-birinci-cilt\/"},"modified":"2026-04-15T03:32:43","modified_gmt":"2026-04-15T00:32:43","slug":"derslerini-verelim-get-schooled-birinci-cilt","status":"publish","type":"product","link":"https:\/\/roveyayinevi.com.tr\/index.php\/urun\/derslerini-verelim-get-schooled-birinci-cilt\/","title":{"rendered":"Derslerini Verelim Get Schooled Birinci Cilt"},"content":{"rendered":"<p>Zaman: \u00d6\u011frenci \u015fiddetinin okullarda kol gezdi\u011fi yak\u0131n gelecek\u2026 Bir anketten, \u00f6\u011fretmenlerin %98,6\u2019s\u0131n\u0131n \u00f6\u011frencilere ders vermenin ge\u00e7mi\u015fe g\u00f6re \u00e7ok daha zor, %85,8\u2019inin ise bunun ayn\u0131 zamanda tehlikeli oldu\u011funu du\u0308\u015fu\u0308ndu\u0308\u011fu\u0308 sonucu ortaya \u00e7\u0131kar. Tam o s\u0131rada, bu korku ger\u00e7ek hayata yans\u0131r ve kontrolden \u00e7\u0131kan \u00f6\u011frenci \u015fiddeti bir \u00f6\u011fretmenin \u00f6lu\u0308mu\u0308ne neden olur.   Haber h\u0131zla yay\u0131l\u0131r ve u\u0308lkenin her yerinde \u00e7ocuk hukukunda h\u0131zla de\u011fi\u015fiklik yap\u0131lmas\u0131 y\u00f6nu\u0308nde bir kamuoyu olu\u015fur. \u00d6\u011fretim otoritesinin \u00e7\u00f6ku\u0308\u015fu\u0308nu\u0308 yak\u0131ndan takip eden E\u011fitim Bakanl\u0131\u011f\u0131, \u00f6\u011fretmenlerin haklar\u0131n\u0131 korumak ad\u0131na denetleyici bir organ devreye sokar.   Hwajin Na, \u2018E\u011fitim Haklar\u0131n\u0131 Koruma Bu\u0308rosu\u2019 ad\u0131 verilen bu yap\u0131lanmaya amir olarak atan\u0131r. Hwajin\u2019in ilk g\u00f6revi otoritenin yerle bir oldu\u011fu bir okulda du\u0308zeni yeniden sa\u011flamakt\u0131r. Kimileri onun \u00f6\u011fretim tekniklerinin fazlas\u0131yla \u015fiddet i\u00e7erdi\u011fini du\u0308\u015fu\u0308nse de, bu okulun u\u0308stesinden ba\u015fka tu\u0308rlu\u0308 gelinemeyece\u011fi konusunda hemfikir olur\u2026   \u00c7u\u0308nku\u0308\u2026 \u2026bazen zorbalara dersini verene kadar iyi bir e\u011fitim alamazs\u0131n!<\/p>\n","protected":false},"excerpt":{"rendered":"<p>Zaman: \u00d6\u011frenci \u015fiddetinin okullarda kol gezdi\u011fi yak\u0131n gelecek\u2026 Bir anketten, \u00f6\u011fretmenlerin %98,6\u2019s\u0131n\u0131n \u00f6\u011frencilere ders vermenin ge\u00e7mi\u015fe g\u00f6re \u00e7ok daha zor, %85,8\u2019inin ise bunun ayn\u0131 zamanda tehlikeli<span class=\"excerpt-hellip\"> [\u2026]<\/span><\/p>\n","protected":false},"featured_media":0,"template":"","meta":{"_monsterinsights_skip_tracking":false,"_monsterinsights_sitenote_active":false,"_monsterinsights_sitenote_note":"","_monsterinsights_sitenote_category":0},"product_brand":[],"product_cat":[12416,12291],"product_tag":[],"class_list":{"0":"post-766971","1":"product","2":"type-product","3":"status-publish","5":"product_cat-cizgi-roman","6":"product_cat-edebiyat","7":"pa_cilt-ciltsiz","8":"pa_tur-kitap","9":"pa_yayinevi-artemis-yayinlari","10":"pa_yazar-yongtaek-chae","12":"first","13":"instock","14":"sale","15":"shipping-taxable","16":"purchasable","17":"product-type-simple"},"_links":{"self":[{"href":"https:\/\/roveyayinevi.com.tr\/index.php\/wp-json\/wp\/v2\/product\/766971","targetHints":{"allow":["GET"]}}],"collection":[{"href":"https:\/\/roveyayinevi.com.tr\/index.php\/wp-json\/wp\/v2\/product"}],"about":[{"href":"https:\/\/roveyayinevi.com.tr\/index.php\/wp-json\/wp\/v2\/types\/product"}],"wp:attachment":[{"href":"https:\/\/roveyayinevi.com.tr\/index.php\/wp-json\/wp\/v2\/media?parent=766971"}],"wp:term":[{"taxonomy":"product_brand","embeddable":true,"href":"https:\/\/roveyayinevi.com.tr\/index.php\/wp-json\/wp\/v2\/product_brand?post=766971"},{"taxonomy":"product_cat","embeddable":true,"href":"https:\/\/roveyayinevi.com.tr\/index.php\/wp-json\/wp\/v2\/product_cat?post=766971"},{"taxonomy":"product_tag","embeddable":true,"href":"https:\/\/roveyayinevi.com.tr\/index.php\/wp-json\/wp\/v2\/product_tag?post=766971"}],"curies":[{"name":"wp","href":"https:\/\/api.w.org\/{rel}","templated":true}]}}