{"id":766968,"date":"2025-08-28T12:31:52","date_gmt":"2025-08-28T09:31:52","guid":{"rendered":"https:\/\/roveyayinevi.com.tr\/index.php\/urun\/dinozorlar-sticker-kitabim\/"},"modified":"2026-04-15T03:32:43","modified_gmt":"2026-04-15T00:32:43","slug":"dinozorlar-sticker-kitabim","status":"publish","type":"product","link":"https:\/\/roveyayinevi.com.tr\/index.php\/urun\/dinozorlar-sticker-kitabim\/","title":{"rendered":"Dinozorlar &#8211; Sticker Kitab\u0131m"},"content":{"rendered":"<p>\u00c7\u0131kartmal\u0131, e\u011fitici etkinlikler kitaplar\u0131 ile okula ba\u015flamak i\u00e7in haz\u0131rlanan \u00e7ocuklar\u0131m\u0131z \u015fahane bir kaynakla tan\u0131\u015facak. Okul i\u00e7in gerekli olan beceri, bilgi ve merak duygusunu besleyecek olan bu kitaplarla, \u00e7ocuklar\u0131n\u0131zla beraber e\u011flenceli vakit ge\u00e7ireceksiniz. \u00d6\u011fretirken e\u011flendiren, g\u00f6rsel alg\u0131 ve dikkat geli\u015fimine fayda sa\u011flayacak etkinlikler, okula haz\u0131rlanan yavrular\u0131m\u0131za katk\u0131 sa\u011flayacak. Her zaman yan\u0131n\u0131zda ta\u015f\u0131yabilece\u011finiz bu kitaplar\u0131n en \u00f6nemli \u00f6zelli\u011fi \u00e7\u0131kartmal\u0131 olmas\u0131. \u00c7ocuklar\u0131m\u0131z b\u00fcy\u00fck bir merak duygusu i\u00e7erisinde dikkatle, verilen \u00e7\u0131kartmalar\u0131 bulup yap\u0131\u015ft\u0131r\u0131rken, onlarla ilgili aktiviteleri de b\u00fcy\u00fck bir heyecanla yapacaklar. Kalemle ve etkinliklerle yeni tan\u0131\u015fan minik parmaklarla bulu\u015fmak i\u00e7in sab\u0131rs\u0131zlan\u0131yoruz\u2026 <\/p>\n","protected":false},"excerpt":{"rendered":"<p>\u00c7\u0131kartmal\u0131, e\u011fitici etkinlikler kitaplar\u0131 ile okula ba\u015flamak i\u00e7in haz\u0131rlanan \u00e7ocuklar\u0131m\u0131z \u015fahane bir kaynakla tan\u0131\u015facak. Okul i\u00e7in gerekli olan beceri, bilgi ve merak duygusunu besleyecek olan bu<span class=\"excerpt-hellip\"> [\u2026]<\/span><\/p>\n","protected":false},"featured_media":0,"template":"","meta":{"_monsterinsights_skip_tracking":false,"_monsterinsights_sitenote_active":false,"_monsterinsights_sitenote_note":"","_monsterinsights_sitenote_category":0},"product_brand":[],"product_cat":[12554,12274],"product_tag":[],"class_list":{"0":"post-766968","1":"product","2":"type-product","3":"status-publish","5":"product_cat-cikartmali-kitaplar","6":"product_cat-cocuk-ve-genclik-kitaplari","7":"pa_cilt-ciltsiz","8":"pa_tur-kitap","9":"pa_yayinevi-bicirik-yayinlari","10":"pa_yazar-tuba-ozturk","12":"first","13":"instock","14":"sale","15":"shipping-taxable","16":"purchasable","17":"product-type-simple"},"_links":{"self":[{"href":"https:\/\/roveyayinevi.com.tr\/index.php\/wp-json\/wp\/v2\/product\/766968","targetHints":{"allow":["GET"]}}],"collection":[{"href":"https:\/\/roveyayinevi.com.tr\/index.php\/wp-json\/wp\/v2\/product"}],"about":[{"href":"https:\/\/roveyayinevi.com.tr\/index.php\/wp-json\/wp\/v2\/types\/product"}],"wp:attachment":[{"href":"https:\/\/roveyayinevi.com.tr\/index.php\/wp-json\/wp\/v2\/media?parent=766968"}],"wp:term":[{"taxonomy":"product_brand","embeddable":true,"href":"https:\/\/roveyayinevi.com.tr\/index.php\/wp-json\/wp\/v2\/product_brand?post=766968"},{"taxonomy":"product_cat","embeddable":true,"href":"https:\/\/roveyayinevi.com.tr\/index.php\/wp-json\/wp\/v2\/product_cat?post=766968"},{"taxonomy":"product_tag","embeddable":true,"href":"https:\/\/roveyayinevi.com.tr\/index.php\/wp-json\/wp\/v2\/product_tag?post=766968"}],"curies":[{"name":"wp","href":"https:\/\/api.w.org\/{rel}","templated":true}]}}