{"id":766965,"date":"2025-08-28T12:31:44","date_gmt":"2025-08-28T09:31:44","guid":{"rendered":"https:\/\/roveyayinevi.com.tr\/index.php\/urun\/ddkonun-hikayesi-turk-solundan-kopus\/"},"modified":"2026-04-15T03:32:43","modified_gmt":"2026-04-15T00:32:43","slug":"ddkonun-hikayesi-turk-solundan-kopus","status":"publish","type":"product","link":"https:\/\/roveyayinevi.com.tr\/index.php\/urun\/ddkonun-hikayesi-turk-solundan-kopus\/","title":{"rendered":"DDKO&#8217;nun Hikayesi T\u00fcrk Solu&#8217;ndan Kopu\u015f"},"content":{"rendered":"<p>\u201cZamanla \u00fcniversitedeki solcu, demokrat K\u00fcrt gen\u00e7ler T\u00fcrk gen\u00e7li\u011finin ba\u015f\u0131n\u0131 \u00e7ekti\u011fi DEV-GEN\u00c7\u2019ten ayr\u0131, yasal bir K\u00fcrt \u00f6rg\u00fctlenmesi gerekti\u011fine inand\u0131lar. 21 May\u0131s 1969\u2019da Ankara\u2019da, FKF ve DEV- GEN\u00c7 Genel Sekreterli\u011fi de yapm\u0131\u015f Mehmet Demir\u2019in ba\u015fkan\u0131 oldu\u011fu Ankara \u0130ktisadi ve Ticari \u0130limler Akademisi \u00d6\u011frenci Derne\u011fi\u2019nde bir araya gelerek DDKO\u2019ya son \u015feklini verdiler. DDKO zamanla \u0130stanbul\u2019da ve Do\u011fu illerinde de \u00f6rg\u00fctlenerek yasal bir K\u00fcrt \u00f6rg\u00fct\u00fc olmaya ba\u015flad\u0131. B\u00fcy\u00fck \u00e7apl\u0131 kitle g\u00f6sterileri yap\u0131ld\u0131.\u201d Devrimci Do\u011fu K\u00fclt\u00fcr Ocaklar\u0131 (DDKO), Cumhuriyet T\u00fcrkiyesi\u2019nin ilk yasal K\u00fcrt \u00f6rg\u00fct\u00fc unvan\u0131n\u0131 ta\u015f\u0131yor. 1969-1971 aras\u0131ndaki k\u0131sa ama dolu \u00f6mr\u00fcyle DDKO\u2019nun miras\u0131, 1970\u2019lerde do\u011fan hemen b\u00fct\u00fcn K\u00fcrt siyasal \u00f6rg\u00fctlerini etkilemi\u015ftir. Halim Demir, kendisinin bir lise \u00f6\u011frencisi olarak dahil oldu\u011fu DDKO\u2019nun hik\u00e2yesini, d\u00f6nemin tan\u0131kl\u0131klar\u0131n\u0131n an\u0131 ve yorumlar\u0131n\u0131 aktararak anlat\u0131yor: \u0130smail Be\u015fik\u00e7i, Nusret K\u0131l\u0131\u00e7aslan, \u0130hsan Aksoy, Tar\u0131k Ziya Ekinci, Ali Buran, M\u00fcmtaz Kotan, Nezir \u015eemikanl\u0131 ve Naci Kutlay\u2026 DDKO\u2019nun Hik\u00e2yesi\u2019nde ayr\u0131ca o d\u00f6nemde K\u00fcrt ayd\u0131nlar\u0131 aras\u0131nda DDKO\u2019yla birlikte \u00e7ok etki yaratan bir olay, \u201c\u0130ki Saitler Olay\u0131\u201d (Sait El\u00e7i-Sait K\u0131rm\u0131z\u0131toprak ayr\u0131\u015fmas\u0131), Mehmet Konuk\u2019un de\u011ferlendirmesiyle hat\u0131rlat\u0131l\u0131yor.<\/p>\n","protected":false},"excerpt":{"rendered":"<p>\u201cZamanla \u00fcniversitedeki solcu, demokrat K\u00fcrt gen\u00e7ler T\u00fcrk gen\u00e7li\u011finin ba\u015f\u0131n\u0131 \u00e7ekti\u011fi DEV-GEN\u00c7\u2019ten ayr\u0131, yasal bir K\u00fcrt \u00f6rg\u00fctlenmesi gerekti\u011fine inand\u0131lar. 21 May\u0131s 1969\u2019da Ankara\u2019da, FKF ve DEV- GEN\u00c7<span class=\"excerpt-hellip\"> [\u2026]<\/span><\/p>\n","protected":false},"featured_media":0,"template":"","meta":{"_monsterinsights_skip_tracking":false,"_monsterinsights_sitenote_active":false,"_monsterinsights_sitenote_note":"","_monsterinsights_sitenote_category":0},"product_brand":[],"product_cat":[13701,12291],"product_tag":[],"class_list":{"0":"post-766965","1":"product","2":"type-product","3":"status-publish","5":"product_cat-ani-mektup-gunluk","6":"product_cat-edebiyat","7":"pa_cilt-ciltsiz","8":"pa_tur-kitap","9":"pa_yayinevi-iletisim-yayinlari","10":"pa_yazar-halim-demir","12":"first","13":"instock","14":"sale","15":"shipping-taxable","16":"purchasable","17":"product-type-simple"},"_links":{"self":[{"href":"https:\/\/roveyayinevi.com.tr\/index.php\/wp-json\/wp\/v2\/product\/766965","targetHints":{"allow":["GET"]}}],"collection":[{"href":"https:\/\/roveyayinevi.com.tr\/index.php\/wp-json\/wp\/v2\/product"}],"about":[{"href":"https:\/\/roveyayinevi.com.tr\/index.php\/wp-json\/wp\/v2\/types\/product"}],"wp:attachment":[{"href":"https:\/\/roveyayinevi.com.tr\/index.php\/wp-json\/wp\/v2\/media?parent=766965"}],"wp:term":[{"taxonomy":"product_brand","embeddable":true,"href":"https:\/\/roveyayinevi.com.tr\/index.php\/wp-json\/wp\/v2\/product_brand?post=766965"},{"taxonomy":"product_cat","embeddable":true,"href":"https:\/\/roveyayinevi.com.tr\/index.php\/wp-json\/wp\/v2\/product_cat?post=766965"},{"taxonomy":"product_tag","embeddable":true,"href":"https:\/\/roveyayinevi.com.tr\/index.php\/wp-json\/wp\/v2\/product_tag?post=766965"}],"curies":[{"name":"wp","href":"https:\/\/api.w.org\/{rel}","templated":true}]}}