{"id":766964,"date":"2025-08-28T12:31:42","date_gmt":"2025-08-28T09:31:42","guid":{"rendered":"https:\/\/roveyayinevi.com.tr\/index.php\/urun\/turkiyenin-gizli-ermenileri\/"},"modified":"2026-04-15T03:32:43","modified_gmt":"2026-04-15T00:32:43","slug":"turkiyenin-gizli-ermenileri","status":"publish","type":"product","link":"https:\/\/roveyayinevi.com.tr\/index.php\/urun\/turkiyenin-gizli-ermenileri\/","title":{"rendered":"T\u00fcrkiye&#8217;nin Gizli Ermenileri"},"content":{"rendered":"<p>T\u00fcrkiye\u2019nin Gizli Ermenileri, \u00fclkenin \u201cg\u00f6r\u00fcn\u00fcrde\u201d ge\u00e7mi\u015fiyle y\u00fczle\u015fmeye ba\u015fl\u0131yor gibi g\u00f6z\u00fckt\u00fc\u011f\u00fc bir d\u00f6nemde , 1915\u2019ten hayatta kalabilmi\u015f Anadolulu Ermenilerin izini s\u00fcrme \u00e7abas\u0131n\u0131 anlat\u0131yor. \u201cGizli\u201d veya \u201csaklanm\u0131\u015f\u201d Ermeniler olarak tan\u0131mlanan bu insanlara ula\u015fma \u00e7abas\u0131 Hadjiyan\u2019\u0131 Sivas\u2019tan Van\u2019a, Bitlis\u2019ten Antep\u2019e dek uzanan uzun ve me\u015fakkatli bir yolculu\u011fa \u00e7\u0131kar\u0131yor. Soyk\u0131r\u0131mdan \u00f6nce ya da sonra M\u00fcsl\u00fcmanla\u015fm\u0131\u015f Ermenilerin yan\u0131 s\u0131ra H\u0131ristiyanl\u0131klar\u0131n\u0131 s\u00fcrd\u00fcrmeye \u00e7al\u0131\u015fan; Ermeni olduklar\u0131n\u0131 a\u00e7\u0131k\u00e7a s\u00f6yleyen ve Ermeni olduklar\u0131n\u0131 kesin bir dille ink\u00e2r eden \u00e7e\u015fitli gruplarla kar\u015f\u0131la\u015f\u0131yor. Ermeni \u201ctan\u0131m\u0131n\u0131\u201d da geni\u015fleten bu yolculukta Avedis Hadjian, bizzat ya\u015fad\u0131\u011f\u0131 ac\u0131 bir deneyimle \u201cg\u00f6r\u00fcn\u00fcr\u201ddeki \u00f6zg\u00fcrl\u00fcklerin, yeni bir \u00e7a\u011f m\u00fcjdesinin k\u0131sa s\u00fcre i\u00e7inde \u2013tekrar\u2013 suya d\u00fc\u015fece\u011fini seziyor. Yine de bu kitapta, hem halk\u0131n\u0131n hem de insanl\u0131\u011fa olan umudunun pe\u015finde olan bir hik\u00e2yeye tan\u0131kl\u0131k ediyoruz\u2026 \u201cBelki de diasporal\u0131lar aras\u0131nda gizli Ermeniler i\u00e7in duyulan bu yeni hevesin arkas\u0131ndaki ger\u00e7ek motivasyonlar, uzun zaman \u00f6nce yok olup gittiklerini sand\u0131klar\u0131 topraklarda, kay\u0131p akrabalar\u0131n\u0131 ve hem\u015ferilerini bulman\u0131n sevinci veya merak\u0131n\u0131n \u00f6tesine uzan\u0131r. B\u00fcy\u00fck resme bak\u0131ld\u0131\u011f\u0131nda y\u00fcz y\u0131l bir y\u0131ld\u0131z\u0131n g\u00f6z k\u0131rp\u0131\u015f\u0131 kadard\u0131r. Ancak insanlar\u0131n \u00f6l\u00e7e\u011fiyle d\u00f6rt nesli kapsar. Nitekim 1915 soyk\u0131r\u0131m\u0131ndan sonraki be\u015finci nesil yirmi-otuz y\u0131l i\u00e7inde, ya\u015flanm\u0131\u015f ve birden fazla cephede t\u00fckenmeye ba\u015flam\u0131\u015f bir Ermeni diasporas\u0131n\u0131n dizginlerini ellerine almaya ba\u015flayacakt\u0131r [\u2026] Bu gerileme ve yitip gitme senaryosu i\u00e7inde, 1915\u2019teki imhadan bir \u015fekilde kurtulmu\u015f ve tarih\u00ee topraklarda kalm\u0131\u015f Ermenilerin aniden ke\u015ffedilmesi beklenmedik bir sars\u0131nt\u0131 yaratm\u0131\u015ft\u0131r. Mu\u015f\u2019ta, Sason\u2019da ve Van\u2019da h\u00e2l\u00e2 Ermeniler vard\u0131: B\u00fct\u00fcn umutlar hen\u00fcz t\u00fckenmemi\u015fti.\u201d<\/p>\n","protected":false},"excerpt":{"rendered":"<p>T\u00fcrkiye\u2019nin Gizli Ermenileri, \u00fclkenin \u201cg\u00f6r\u00fcn\u00fcrde\u201d ge\u00e7mi\u015fiyle y\u00fczle\u015fmeye ba\u015fl\u0131yor gibi g\u00f6z\u00fckt\u00fc\u011f\u00fc bir d\u00f6nemde , 1915\u2019ten hayatta kalabilmi\u015f Anadolulu Ermenilerin izini s\u00fcrme \u00e7abas\u0131n\u0131 anlat\u0131yor. \u201cGizli\u201d veya \u201csaklanm\u0131\u015f\u201d Ermeniler<span class=\"excerpt-hellip\"> [\u2026]<\/span><\/p>\n","protected":false},"featured_media":0,"template":"","meta":{"_monsterinsights_skip_tracking":false,"_monsterinsights_sitenote_active":false,"_monsterinsights_sitenote_note":"","_monsterinsights_sitenote_category":0},"product_brand":[],"product_cat":[52477],"product_tag":[],"class_list":{"0":"post-766964","1":"product","2":"type-product","3":"status-publish","5":"product_cat-arastirma","6":"pa_cilt-ciltsiz","7":"pa_tur-kitap","8":"pa_yayinevi-iletisim-yayinlari","9":"pa_yazar-avedis-hadjian","11":"first","12":"instock","13":"sale","14":"shipping-taxable","15":"purchasable","16":"product-type-simple"},"_links":{"self":[{"href":"https:\/\/roveyayinevi.com.tr\/index.php\/wp-json\/wp\/v2\/product\/766964","targetHints":{"allow":["GET"]}}],"collection":[{"href":"https:\/\/roveyayinevi.com.tr\/index.php\/wp-json\/wp\/v2\/product"}],"about":[{"href":"https:\/\/roveyayinevi.com.tr\/index.php\/wp-json\/wp\/v2\/types\/product"}],"wp:attachment":[{"href":"https:\/\/roveyayinevi.com.tr\/index.php\/wp-json\/wp\/v2\/media?parent=766964"}],"wp:term":[{"taxonomy":"product_brand","embeddable":true,"href":"https:\/\/roveyayinevi.com.tr\/index.php\/wp-json\/wp\/v2\/product_brand?post=766964"},{"taxonomy":"product_cat","embeddable":true,"href":"https:\/\/roveyayinevi.com.tr\/index.php\/wp-json\/wp\/v2\/product_cat?post=766964"},{"taxonomy":"product_tag","embeddable":true,"href":"https:\/\/roveyayinevi.com.tr\/index.php\/wp-json\/wp\/v2\/product_tag?post=766964"}],"curies":[{"name":"wp","href":"https:\/\/api.w.org\/{rel}","templated":true}]}}