{"id":766963,"date":"2025-08-28T12:31:40","date_gmt":"2025-08-28T09:31:40","guid":{"rendered":"https:\/\/roveyayinevi.com.tr\/index.php\/urun\/acinin-sessiz-cigligi\/"},"modified":"2026-04-15T03:32:43","modified_gmt":"2026-04-15T00:32:43","slug":"acinin-sessiz-cigligi","status":"publish","type":"product","link":"https:\/\/roveyayinevi.com.tr\/index.php\/urun\/acinin-sessiz-cigligi\/","title":{"rendered":"Ac\u0131n\u0131n Sessiz \u00c7\u0131\u011fl\u0131\u011f\u0131"},"content":{"rendered":"<p>Ac\u0131n\u0131n Sessiz \u00c7\u0131\u011fl\u0131\u011f\u0131\u2019nda Maurizio De Giovanni, Napoli\u2019de ad\u0131mlad\u0131\u011f\u0131 sokaklarda a\u015fk\u0131, ac\u0131y\u0131 ve a\u00e7l\u0131\u011f\u0131 g\u00f6r\u00fcyor, insanl\u0131k hallerinin canl\u0131 bir portresini sunuyor. Takvimlerin yapraklar\u0131 1931\u2019i g\u00f6steriyor, fa\u015fistler iktidara geleli birka\u00e7 y\u0131l olmu\u015f. Napoli\u2019de ya\u015fam\u0131n\u0131 s\u00fcrd\u00fcrmek i\u00e7in \u00e7ok erken kalkmak zorunda olanlar\u0131n hayat\u0131nda pek bir \u015fey de\u011fi\u015fmemi\u015f. Su\u00e7, onlar\u0131n kaderini \u00e7izmeye devam ediyor. Bir de dokunulmaz olanlar var. Duce\u2019nin de \u00e7ok tuttu\u011fu, d\u00fcnyaca \u00fcnl\u00fc tenor Arnaldo Vezzi onlardan biri. \u0130hti\u015faml\u0131 San Carlo Tiyatrosu\u2019nun tanr\u0131s\u0131 say\u0131lan bu adam mabedinde \u00f6ld\u00fcr\u00fcl\u00fcnce, Roma\u2019n\u0131n kodamanlar\u0131n\u0131 \u00e7ok rahats\u0131z eden bu cinayeti \u00e7\u00f6zmek Komiser Ricciardi\u2019ye kal\u0131yor. Kimsenin i\u015fitmedi\u011fi ac\u0131lar\u0131n sesini duyan ve onlara e\u015flik eden Ricciardi, Napoli\u2019nin fokur fokur kaynayan arka sokaklar\u0131nda adaletin pe\u015fine d\u00fc\u015f\u00fcyor. \u201cMaurizio De Giovanni\u2019nin kendine \u00f6zg\u00fc su\u00e7 hik\u00e2yeleri Agatha Christie ve Manuel V\u00e1zquez Montalb\u00e1n okurlar\u0131na hitap ediyor.\u201d Publishers Weekly \u201cDe Giovanni iyiyle k\u00f6t\u00fc aras\u0131ndaki s\u0131n\u0131rlar\u0131n bulan\u0131kla\u015ft\u0131\u011f\u0131 alanlara davet ediyor bizi.\u201d La Repubblica<\/p>\n","protected":false},"excerpt":{"rendered":"<p>Ac\u0131n\u0131n Sessiz \u00c7\u0131\u011fl\u0131\u011f\u0131\u2019nda Maurizio De Giovanni, Napoli\u2019de ad\u0131mlad\u0131\u011f\u0131 sokaklarda a\u015fk\u0131, ac\u0131y\u0131 ve a\u00e7l\u0131\u011f\u0131 g\u00f6r\u00fcyor, insanl\u0131k hallerinin canl\u0131 bir portresini sunuyor. Takvimlerin yapraklar\u0131 1931\u2019i g\u00f6steriyor, fa\u015fistler iktidara<span class=\"excerpt-hellip\"> [\u2026]<\/span><\/p>\n","protected":false},"featured_media":0,"template":"","meta":{"_monsterinsights_skip_tracking":false,"_monsterinsights_sitenote_active":false,"_monsterinsights_sitenote_note":"","_monsterinsights_sitenote_category":0},"product_brand":[],"product_cat":[12291,15445],"product_tag":[],"class_list":{"0":"post-766963","1":"product","2":"type-product","3":"status-publish","5":"product_cat-edebiyat","6":"product_cat-polisiye","7":"pa_cilt-ciltsiz","8":"pa_tur-kitap","9":"pa_yayinevi-iletisim-yayinlari","10":"pa_yazar-maurizio-de-giovanni","12":"first","13":"instock","14":"sale","15":"shipping-taxable","16":"purchasable","17":"product-type-simple"},"_links":{"self":[{"href":"https:\/\/roveyayinevi.com.tr\/index.php\/wp-json\/wp\/v2\/product\/766963","targetHints":{"allow":["GET"]}}],"collection":[{"href":"https:\/\/roveyayinevi.com.tr\/index.php\/wp-json\/wp\/v2\/product"}],"about":[{"href":"https:\/\/roveyayinevi.com.tr\/index.php\/wp-json\/wp\/v2\/types\/product"}],"wp:attachment":[{"href":"https:\/\/roveyayinevi.com.tr\/index.php\/wp-json\/wp\/v2\/media?parent=766963"}],"wp:term":[{"taxonomy":"product_brand","embeddable":true,"href":"https:\/\/roveyayinevi.com.tr\/index.php\/wp-json\/wp\/v2\/product_brand?post=766963"},{"taxonomy":"product_cat","embeddable":true,"href":"https:\/\/roveyayinevi.com.tr\/index.php\/wp-json\/wp\/v2\/product_cat?post=766963"},{"taxonomy":"product_tag","embeddable":true,"href":"https:\/\/roveyayinevi.com.tr\/index.php\/wp-json\/wp\/v2\/product_tag?post=766963"}],"curies":[{"name":"wp","href":"https:\/\/api.w.org\/{rel}","templated":true}]}}