{"id":766960,"date":"2025-08-28T12:31:35","date_gmt":"2025-08-28T09:31:35","guid":{"rendered":"https:\/\/roveyayinevi.com.tr\/index.php\/urun\/2025-yilan-senesi-yasam-rehberi\/"},"modified":"2026-04-15T03:32:43","modified_gmt":"2026-04-15T00:32:43","slug":"2025-yilan-senesi-yasam-rehberi","status":"publish","type":"product","link":"https:\/\/roveyayinevi.com.tr\/index.php\/urun\/2025-yilan-senesi-yasam-rehberi\/","title":{"rendered":"2025 Y\u0131lan Senesi Ya\u015fam Rehberi"},"content":{"rendered":"<p>2025\u2019e Feng Shui ile haz\u0131rlan\u0131n! Feng Shui Master Esra Koyuncu ve Meltem \u00d6zertem bu ya\u015fam rehberinde 2025 y\u0131l\u0131na dair heyecan verici \u00f6ng\u00f6r\u00fclerini ve pratik \u00f6nerilerini payla\u015f\u0131yor!   Hepimiz i\u00e7in belirsiz olan gelecekte ilerlerken, iyi olan\u0131 heyecanla ve sevin\u00e7le kar\u015f\u0131lamaya, \u015fans konusuna \u00f6ncelikle kendi d\u00fc\u015f\u00fcnce ve davran\u0131\u015f\u0131m\u0131z\u0131 g\u00f6zlemleyerek, daha sonra da evrensel bilgilere kendimizi a\u00e7arak bakmaya haz\u0131r m\u0131s\u0131n\u0131z? \u00c7in takvimine g\u00f6re 2025, Yin A\u011fa\u00e7 ve Yin Ate\u015f elementlerinin etkisi alt\u0131nda \u015fekillenecek. Bu y\u0131l\u0131n enerjisini do\u011fru anlamak, ki\u015fisel ve profesyonel ya\u015famda dengeyi sa\u011flamak i\u00e7in g\u00fc\u00e7l\u00fc bir f\u0131rsat sunuyor. 12 \u00c7in burcuna \u00f6zel detayl\u0131 yorumlar, hayat\u0131n\u0131z\u0131 uyumlu ve ba\u015far\u0131l\u0131 hale getirmenin ipu\u00e7lar\u0131yla dolu olan 2025 Y\u0131lan Senesi Ya\u015fam Rehberi, ayn\u0131 zamanda \u00e7evresel, ekonomik, sa\u011fl\u0131k ve e\u011flence alanlar\u0131ndaki 2025 trendlerini de de\u011ferlendiriyor, y\u0131l\u0131n enerjisini olumlu y\u00f6nde kullanmak i\u00e7in Feng Shui\u2019nin zamanla s\u0131nanm\u0131\u015f bilgeli\u011finden yararlanmay\u0131 \u00f6neriyor.Bu yeni y\u0131l, evinizde, i\u015finizde ve hayat\u0131n\u0131z\u0131n her alan\u0131nda taze bir ba\u015flang\u0131\u00e7 yapman\u0131z i\u00e7in ideal bir zaman. Feng Shui\u2019nin g\u00fcc\u00fcn\u00fc ke\u015ffetmek ve 2025\u2019e g\u00fczel ba\u015flamak i\u00e7in 2025 Y\u0131lan Senesi Ya\u015fam Rehberi\u2019ni mutlaka inceleyin! <\/p>\n","protected":false},"excerpt":{"rendered":"<p>2025\u2019e Feng Shui ile haz\u0131rlan\u0131n! Feng Shui Master Esra Koyuncu ve Meltem \u00d6zertem bu ya\u015fam rehberinde 2025 y\u0131l\u0131na dair heyecan verici \u00f6ng\u00f6r\u00fclerini ve pratik \u00f6nerilerini payla\u015f\u0131yor!<span class=\"excerpt-hellip\"> [\u2026]<\/span><\/p>\n","protected":false},"featured_media":0,"template":"","meta":{"_monsterinsights_skip_tracking":false,"_monsterinsights_sitenote_active":false,"_monsterinsights_sitenote_note":"","_monsterinsights_sitenote_category":0},"product_brand":[],"product_cat":[12364,12376],"product_tag":[],"class_list":{"0":"post-766960","1":"product","2":"type-product","3":"status-publish","5":"product_cat-genel-konular","6":"product_cat-kisisel-gelisim","7":"pa_cilt-ciltsiz","8":"pa_tur-kitap","9":"pa_yayinevi-gunce-yayinlari","10":"pa_yazar-master-esra-koyuncu-meltem-ozertem","12":"first","13":"instock","14":"sale","15":"shipping-taxable","16":"purchasable","17":"product-type-simple"},"_links":{"self":[{"href":"https:\/\/roveyayinevi.com.tr\/index.php\/wp-json\/wp\/v2\/product\/766960","targetHints":{"allow":["GET"]}}],"collection":[{"href":"https:\/\/roveyayinevi.com.tr\/index.php\/wp-json\/wp\/v2\/product"}],"about":[{"href":"https:\/\/roveyayinevi.com.tr\/index.php\/wp-json\/wp\/v2\/types\/product"}],"wp:attachment":[{"href":"https:\/\/roveyayinevi.com.tr\/index.php\/wp-json\/wp\/v2\/media?parent=766960"}],"wp:term":[{"taxonomy":"product_brand","embeddable":true,"href":"https:\/\/roveyayinevi.com.tr\/index.php\/wp-json\/wp\/v2\/product_brand?post=766960"},{"taxonomy":"product_cat","embeddable":true,"href":"https:\/\/roveyayinevi.com.tr\/index.php\/wp-json\/wp\/v2\/product_cat?post=766960"},{"taxonomy":"product_tag","embeddable":true,"href":"https:\/\/roveyayinevi.com.tr\/index.php\/wp-json\/wp\/v2\/product_tag?post=766960"}],"curies":[{"name":"wp","href":"https:\/\/api.w.org\/{rel}","templated":true}]}}