{"id":766959,"date":"2025-08-28T12:31:34","date_gmt":"2025-08-28T09:31:34","guid":{"rendered":"https:\/\/roveyayinevi.com.tr\/index.php\/urun\/gelecek-dusundugunuzden-daha-yakin\/"},"modified":"2026-04-15T03:32:43","modified_gmt":"2026-04-15T00:32:43","slug":"gelecek-dusundugunuzden-daha-yakin","status":"publish","type":"product","link":"https:\/\/roveyayinevi.com.tr\/index.php\/urun\/gelecek-dusundugunuzden-daha-yakin\/","title":{"rendered":"Gelecek D\u00fc\u015f\u00fcnd\u00fc\u011f\u00fcn\u00fczden Daha Yak\u0131n"},"content":{"rendered":"<p>Gelece\u011fi bilemezsiniz ama en \u00e7ok hangi teknolojilere yat\u0131r\u0131m yap\u0131ld\u0131\u011f\u0131n\u0131 \u00f6\u011frenebilirsiniz!   Teknoloji kimsenin ummad\u0131\u011f\u0131 kadar h\u0131zl\u0131 geli\u015fiyor. \u00d6n\u00fcm\u00fczdeki on y\u0131l i\u00e7inde e\u015fi g\u00f6r\u00fclmemi\u015f \u00e7alkant\u0131lar ve geli\u015fmeler olacak. Diamandis ve Kotler geli\u015fen teknolojilerin hem g\u00fcnl\u00fck hayat\u0131m\u0131z\u0131 hem de toplumumuzu nas\u0131l de\u011fi\u015ftirece\u011fini a\u00e7\u0131kl\u0131yor. Yapay zek\u00e2, robotlar, sanal ger\u00e7eklik, dijital biyoloji, \u00fc\u00e7 boyutlu yaz\u0131c\u0131lar, blockchain teknolojisi ve k\u00fcresel a\u011f teknolojileri geli\u015ftik\u00e7e neler olacak? T\u00fcm bu teknolojiler g\u00fcn\u00fcm\u00fcz sanayisini ve i\u015f hayat\u0131n\u0131 nas\u0131l de\u011fi\u015ftirecek? Devletler ve i\u015f d\u00fcnyas\u0131 nas\u0131l y\u00f6netilecek?   Teknoloji yat\u0131r\u0131mlar\u0131 sayesinde Fortune dergisi taraf\u0131ndan \u201cD\u00fcnyan\u0131n En B\u00fcy\u00fck 50 Lideri\u201dnden biri se\u00e7ilen Diamandis ve \u00e7oksatan yazar Kotler teknoloji devlerinin hangi alanlara yat\u0131r\u0131m yapt\u0131klar\u0131n\u0131 ve bu yat\u0131r\u0131mlar\u0131n ula\u015f\u0131m, reklamc\u0131l\u0131k, perakendecilik, e\u011flence, e\u011fitim, sa\u011fl\u0131k, finans, emlak, g\u0131da, k\u0131saca t\u00fcm i\u015f d\u00fcnyas\u0131n\u0131 ve hayat\u0131m\u0131z\u0131 nas\u0131l \u015fekillendirece\u011fini anlat\u0131yor.    \u201cTeknolojinin geli\u015fimi \u00f6n\u00fcm\u00fczdeki on y\u0131l i\u00e7inde her toplumu ve i\u015f kolunu de\u011fi\u015ftirecek. Gelecek D\u00fc\u015f\u00fcnd\u00fc\u011f\u00fcn\u00fczden Daha Yak\u0131n liderler, CEO\u2019lar ve gelecekte hangi b\u00fcy\u00fck at\u0131l\u0131mlar olaca\u011f\u0131n\u0131 merak eden herkesin \u00f6n\u00fcn\u00fc ayd\u0131nlat\u0131yor.\u201d  \u2014Ray Kurzweil, \u0130nsanl\u0131k 2.0\u2019\u0131n yazar\u0131 <\/p>\n","protected":false},"excerpt":{"rendered":"<p>Gelece\u011fi bilemezsiniz ama en \u00e7ok hangi teknolojilere yat\u0131r\u0131m yap\u0131ld\u0131\u011f\u0131n\u0131 \u00f6\u011frenebilirsiniz! Teknoloji kimsenin ummad\u0131\u011f\u0131 kadar h\u0131zl\u0131 geli\u015fiyor. \u00d6n\u00fcm\u00fczdeki on y\u0131l i\u00e7inde e\u015fi g\u00f6r\u00fclmemi\u015f \u00e7alkant\u0131lar ve geli\u015fmeler olacak.<span class=\"excerpt-hellip\"> [\u2026]<\/span><\/p>\n","protected":false},"featured_media":0,"template":"","meta":{"_monsterinsights_skip_tracking":false,"_monsterinsights_sitenote_active":false,"_monsterinsights_sitenote_note":"","_monsterinsights_sitenote_category":0},"product_brand":[],"product_cat":[13043,17647],"product_tag":[],"class_list":{"0":"post-766959","1":"product","2":"type-product","3":"status-publish","5":"product_cat-ekonomi","6":"product_cat-is-dunyasi","7":"pa_cilt-ciltsiz","8":"pa_tur-kitap","9":"pa_yayinevi-ceo-plus","10":"pa_yazar-peter-h-diamandis-steven-kotler","12":"first","13":"instock","14":"sale","15":"shipping-taxable","16":"purchasable","17":"product-type-simple"},"_links":{"self":[{"href":"https:\/\/roveyayinevi.com.tr\/index.php\/wp-json\/wp\/v2\/product\/766959","targetHints":{"allow":["GET"]}}],"collection":[{"href":"https:\/\/roveyayinevi.com.tr\/index.php\/wp-json\/wp\/v2\/product"}],"about":[{"href":"https:\/\/roveyayinevi.com.tr\/index.php\/wp-json\/wp\/v2\/types\/product"}],"wp:attachment":[{"href":"https:\/\/roveyayinevi.com.tr\/index.php\/wp-json\/wp\/v2\/media?parent=766959"}],"wp:term":[{"taxonomy":"product_brand","embeddable":true,"href":"https:\/\/roveyayinevi.com.tr\/index.php\/wp-json\/wp\/v2\/product_brand?post=766959"},{"taxonomy":"product_cat","embeddable":true,"href":"https:\/\/roveyayinevi.com.tr\/index.php\/wp-json\/wp\/v2\/product_cat?post=766959"},{"taxonomy":"product_tag","embeddable":true,"href":"https:\/\/roveyayinevi.com.tr\/index.php\/wp-json\/wp\/v2\/product_tag?post=766959"}],"curies":[{"name":"wp","href":"https:\/\/api.w.org\/{rel}","templated":true}]}}