{"id":766957,"date":"2025-08-28T12:31:29","date_gmt":"2025-08-28T09:31:29","guid":{"rendered":"https:\/\/roveyayinevi.com.tr\/index.php\/urun\/gunesli-gunlere\/"},"modified":"2026-04-15T03:32:43","modified_gmt":"2026-04-15T00:32:43","slug":"gunesli-gunlere","status":"publish","type":"product","link":"https:\/\/roveyayinevi.com.tr\/index.php\/urun\/gunesli-gunlere\/","title":{"rendered":"G\u00fcne\u015fli G\u00fcnlere"},"content":{"rendered":"<p>Bu kitapta yer alan \u015fiirlerde kimi zaman kendimi b\u00fcy\u00fcrken g\u00f6rd\u00fcm kimi zaman da babam\u0131n b\u00fcy\u00fcmesine tan\u0131kl\u0131k ettim. Bir \u015fiir merakl\u0131s\u0131 olarak, babam\u0131n \u015fair kimli\u011finden ve yazarken kendini buldu\u011fu \u015fiirlerinden gurur duyuyorum. Umar\u0131m her okuyucu da benim gibi bu \u015fiirlerden hayata dair dersler \u00e7\u0131kar\u0131r.   Ecem YILDIRIM   Sevgili karde\u015fim; \u00e7ocuklu\u011fun, okul hayat\u0131n, gen\u00e7li\u011fin, askerlik hayat\u0131n, evlilik hayat\u0131n, \u00e7ocuklar\u0131n, sevgili e\u015fini kaybedi\u015fin, \u00e7ocuklar\u0131n\u0131n e\u011fitim hayat\u0131 ve siyasi hayat\u0131nda hep iz b\u0131rakarak ya\u015fad\u0131n. Yol g\u00f6sterdin, \u0131\u015f\u0131k oldun, sorunlar\u0131na \u00e7\u00f6z\u00fcm buldun. T\u00fcm bu ya\u015fanm\u0131\u015fl\u0131klar\u0131 \u015fiirlerle dile getirerek peki\u015ftirdin. Bunu ba\u015fard\u0131\u011f\u0131n i\u00e7in \u00e7ok te\u015fekk\u00fcr ederim. Yolun, baht\u0131n ve \u015fans\u0131n a\u00e7\u0131k olsun.   H\u00fcsniye KARACIGA   Biz canl\u0131lar i\u00e7in sonlu ama kadim insanl\u0131k i\u00e7in sonsuz devinimin, y\u00fcrek ve g\u00f6n\u00fcl i\u015f\u00e7isi sevgili dostum Z. Cem YILDIRIM\u2019\u0131n bilincinden ve y\u00fcre\u011finden s\u00fcz\u00fclen insanl\u0131k, vatanseverlik, sevgi ve umut dolu dizelerinin payla\u015f\u0131m\u0131na eri\u015fmek sonsuz mutluluk verici. Yaz\u0131m yolculu\u011fun daim olsun.   Kader Cemal G\u00d6REN<\/p>\n","protected":false},"excerpt":{"rendered":"<p>Bu kitapta yer alan \u015fiirlerde kimi zaman kendimi b\u00fcy\u00fcrken g\u00f6rd\u00fcm kimi zaman da babam\u0131n b\u00fcy\u00fcmesine tan\u0131kl\u0131k ettim. Bir \u015fiir merakl\u0131s\u0131 olarak, babam\u0131n \u015fair kimli\u011finden ve yazarken<span class=\"excerpt-hellip\"> [\u2026]<\/span><\/p>\n","protected":false},"featured_media":0,"template":"","meta":{"_monsterinsights_skip_tracking":false,"_monsterinsights_sitenote_active":false,"_monsterinsights_sitenote_note":"","_monsterinsights_sitenote_category":0},"product_brand":[],"product_cat":[12291,12509],"product_tag":[],"class_list":{"0":"post-766957","1":"product","2":"type-product","3":"status-publish","5":"product_cat-edebiyat","6":"product_cat-siir","7":"pa_cilt-ciltsiz","8":"pa_tur-kitap","9":"pa_yayinevi-luna-yayinlari","10":"pa_yazar-zulfikar-cem-yildirim","12":"first","13":"instock","14":"sale","15":"shipping-taxable","16":"purchasable","17":"product-type-simple"},"_links":{"self":[{"href":"https:\/\/roveyayinevi.com.tr\/index.php\/wp-json\/wp\/v2\/product\/766957","targetHints":{"allow":["GET"]}}],"collection":[{"href":"https:\/\/roveyayinevi.com.tr\/index.php\/wp-json\/wp\/v2\/product"}],"about":[{"href":"https:\/\/roveyayinevi.com.tr\/index.php\/wp-json\/wp\/v2\/types\/product"}],"wp:attachment":[{"href":"https:\/\/roveyayinevi.com.tr\/index.php\/wp-json\/wp\/v2\/media?parent=766957"}],"wp:term":[{"taxonomy":"product_brand","embeddable":true,"href":"https:\/\/roveyayinevi.com.tr\/index.php\/wp-json\/wp\/v2\/product_brand?post=766957"},{"taxonomy":"product_cat","embeddable":true,"href":"https:\/\/roveyayinevi.com.tr\/index.php\/wp-json\/wp\/v2\/product_cat?post=766957"},{"taxonomy":"product_tag","embeddable":true,"href":"https:\/\/roveyayinevi.com.tr\/index.php\/wp-json\/wp\/v2\/product_tag?post=766957"}],"curies":[{"name":"wp","href":"https:\/\/api.w.org\/{rel}","templated":true}]}}