{"id":766955,"date":"2025-08-28T12:31:24","date_gmt":"2025-08-28T09:31:24","guid":{"rendered":"https:\/\/roveyayinevi.com.tr\/index.php\/urun\/gece-yarisi-tum-asiklar\/"},"modified":"2026-04-15T03:32:43","modified_gmt":"2026-04-15T00:32:43","slug":"gece-yarisi-tum-asiklar","status":"publish","type":"product","link":"https:\/\/roveyayinevi.com.tr\/index.php\/urun\/gece-yarisi-tum-asiklar\/","title":{"rendered":"Gece Yar\u0131s\u0131 T\u00fcm A\u015f\u0131klar"},"content":{"rendered":"<p>\u201c\u015eiddetli bir r\u00fczg\u00e2r esti. Kendimizi ad\u0131n\u0131 bilmedi\u011fim kocaman bir a\u011fac\u0131n alt\u0131nda dikilip say\u0131s\u0131z yapra\u011f\u0131n e\u015fzamanl\u0131 titremesini izlerken bulduk. Yak\u0131nlarda bir karga \u00f6t\u00fcyordu ve gecenin siluetleri iyice belirginle\u015fmi\u015fti. Gecenin g\u00f6lgelerinde sadece ikimiz vard\u0131k.\u201d   Fuyuko Irie, Tokyo\u2019da yaln\u0131z ya\u015fayan, otuzlar\u0131nda bir redakt\u00f6rd\u00fcr. D\u0131\u015far\u0131dan \u00e7al\u0131\u015ft\u0131\u011f\u0131 yay\u0131nevindeki meslekta\u015f\u0131 Hijiri\u2019den ba\u015fka pek kimseyle temas\u0131 yoktur. Yaln\u0131z ve tekd\u00fcze ya\u015fam\u0131n\u0131 hareketlendirmek \u00fczere gitti\u011fi k\u00fclt\u00fcr merkezinde Mitsutsuka adl\u0131 bir adamla tan\u0131\u015f\u0131r. \u0130kisi her hafta bulu\u015fup sohbet etmeye ba\u015flarlar. Fuyuko\u2019nun duygular\u0131 derinle\u015ftik\u00e7e, etraf\u0131na \u00f6rd\u00fc\u011f\u00fc duvarlar\u0131 y\u0131kmaya do\u011fru ad\u0131m ad\u0131m ilerler.   Mieko Kawakami kad\u0131nlar\u0131n farkl\u0131 se\u00e7imlerini ve bu se\u00e7imlerin sonu\u00e7lar\u0131yla ba\u015f etme bi\u00e7imlerini incelikli ve ustaca bir dille anlat\u0131yor. Gece Yar\u0131s\u0131 T\u00fcm \u00c2\u015f\u0131klar kendin olmaya, a\u015fka ve melankoliye dair muhte\u015fem bir roman. <\/p>\n","protected":false},"excerpt":{"rendered":"<p>\u201c\u015eiddetli bir r\u00fczg\u00e2r esti. Kendimizi ad\u0131n\u0131 bilmedi\u011fim kocaman bir a\u011fac\u0131n alt\u0131nda dikilip say\u0131s\u0131z yapra\u011f\u0131n e\u015fzamanl\u0131 titremesini izlerken bulduk. Yak\u0131nlarda bir karga \u00f6t\u00fcyordu ve gecenin siluetleri iyice<span class=\"excerpt-hellip\"> [\u2026]<\/span><\/p>\n","protected":false},"featured_media":0,"template":"","meta":{"_monsterinsights_skip_tracking":false,"_monsterinsights_sitenote_active":false,"_monsterinsights_sitenote_note":"","_monsterinsights_sitenote_category":0},"product_brand":[],"product_cat":[12291,12711],"product_tag":[],"class_list":{"0":"post-766955","1":"product","2":"type-product","3":"status-publish","5":"product_cat-edebiyat","6":"product_cat-roman-oyku","7":"pa_cilt-ciltsiz","8":"pa_tur-kitap","9":"pa_yayinevi-dogan-kitap","10":"pa_yazar-mieko-kawakami","12":"first","13":"instock","14":"sale","15":"shipping-taxable","16":"purchasable","17":"product-type-simple"},"_links":{"self":[{"href":"https:\/\/roveyayinevi.com.tr\/index.php\/wp-json\/wp\/v2\/product\/766955","targetHints":{"allow":["GET"]}}],"collection":[{"href":"https:\/\/roveyayinevi.com.tr\/index.php\/wp-json\/wp\/v2\/product"}],"about":[{"href":"https:\/\/roveyayinevi.com.tr\/index.php\/wp-json\/wp\/v2\/types\/product"}],"wp:attachment":[{"href":"https:\/\/roveyayinevi.com.tr\/index.php\/wp-json\/wp\/v2\/media?parent=766955"}],"wp:term":[{"taxonomy":"product_brand","embeddable":true,"href":"https:\/\/roveyayinevi.com.tr\/index.php\/wp-json\/wp\/v2\/product_brand?post=766955"},{"taxonomy":"product_cat","embeddable":true,"href":"https:\/\/roveyayinevi.com.tr\/index.php\/wp-json\/wp\/v2\/product_cat?post=766955"},{"taxonomy":"product_tag","embeddable":true,"href":"https:\/\/roveyayinevi.com.tr\/index.php\/wp-json\/wp\/v2\/product_tag?post=766955"}],"curies":[{"name":"wp","href":"https:\/\/api.w.org\/{rel}","templated":true}]}}