{"id":766953,"date":"2025-08-28T12:31:19","date_gmt":"2025-08-28T09:31:19","guid":{"rendered":"https:\/\/roveyayinevi.com.tr\/index.php\/urun\/eyvah-kedim-cildirdi\/"},"modified":"2026-04-15T03:32:43","modified_gmt":"2026-04-15T00:32:43","slug":"eyvah-kedim-cildirdi","status":"publish","type":"product","link":"https:\/\/roveyayinevi.com.tr\/index.php\/urun\/eyvah-kedim-cildirdi\/","title":{"rendered":"Eyvah Kedim \u00c7\u0131ld\u0131rd\u0131"},"content":{"rendered":"<p>Alp, t\u00fcm g\u00fcn\u00fcn\u00fc bilgisayar ba\u015f\u0131nda ge\u00e7iren bir \u00e7ocuk. Sanal d\u00fcnyadaki oyunlar\u0131n birini bitirip bir di\u011ferine ba\u015fl\u0131yor. Oysa \u00f6nceden oyun arkada\u015f\u0131 bilgisayar de\u011fil, kedisi Lokum\u2019du. Peki, Lokum bu durumdan memnun mu? Belki de\u2026 Art\u0131k onun da en yak\u0131n arkada\u015f\u0131 Alp\u2019ten vazge\u00e7mesinin vakti geldi! \u0130\u015fte as\u0131l oyun, \u015fimdi ba\u015fl\u0131yor!   \u00c7ocuk Geli\u015fim Uzman\u0131 Nihal Turan Yurdabak\u2019\u0131n kaleminden, ekran ba\u011f\u0131ml\u0131l\u0131\u011f\u0131na dikkat \u00e7eken; dostluk, payla\u015fmak, empati gibi kavramlar ile harmanlanm\u0131\u015f bir hik\u00e2ye.<\/p>\n","protected":false},"excerpt":{"rendered":"<p>Alp, t\u00fcm g\u00fcn\u00fcn\u00fc bilgisayar ba\u015f\u0131nda ge\u00e7iren bir \u00e7ocuk. Sanal d\u00fcnyadaki oyunlar\u0131n birini bitirip bir di\u011ferine ba\u015fl\u0131yor. Oysa \u00f6nceden oyun arkada\u015f\u0131 bilgisayar de\u011fil, kedisi Lokum\u2019du. Peki, Lokum<span class=\"excerpt-hellip\"> [\u2026]<\/span><\/p>\n","protected":false},"featured_media":0,"template":"","meta":{"_monsterinsights_skip_tracking":false,"_monsterinsights_sitenote_active":false,"_monsterinsights_sitenote_note":"","_monsterinsights_sitenote_category":0},"product_brand":[],"product_cat":[12274,12284],"product_tag":[],"class_list":{"0":"post-766953","1":"product","2":"type-product","3":"status-publish","5":"product_cat-cocuk-ve-genclik-kitaplari","6":"product_cat-hikayeler","7":"pa_cilt-ciltsiz","8":"pa_tur-kitap","9":"pa_yayinevi-luna-cocuk-yayinlari","10":"pa_yazar-nihal-turan-yurdabak","12":"first","13":"instock","14":"sale","15":"shipping-taxable","16":"purchasable","17":"product-type-simple"},"_links":{"self":[{"href":"https:\/\/roveyayinevi.com.tr\/index.php\/wp-json\/wp\/v2\/product\/766953","targetHints":{"allow":["GET"]}}],"collection":[{"href":"https:\/\/roveyayinevi.com.tr\/index.php\/wp-json\/wp\/v2\/product"}],"about":[{"href":"https:\/\/roveyayinevi.com.tr\/index.php\/wp-json\/wp\/v2\/types\/product"}],"wp:attachment":[{"href":"https:\/\/roveyayinevi.com.tr\/index.php\/wp-json\/wp\/v2\/media?parent=766953"}],"wp:term":[{"taxonomy":"product_brand","embeddable":true,"href":"https:\/\/roveyayinevi.com.tr\/index.php\/wp-json\/wp\/v2\/product_brand?post=766953"},{"taxonomy":"product_cat","embeddable":true,"href":"https:\/\/roveyayinevi.com.tr\/index.php\/wp-json\/wp\/v2\/product_cat?post=766953"},{"taxonomy":"product_tag","embeddable":true,"href":"https:\/\/roveyayinevi.com.tr\/index.php\/wp-json\/wp\/v2\/product_tag?post=766953"}],"curies":[{"name":"wp","href":"https:\/\/api.w.org\/{rel}","templated":true}]}}