{"id":766952,"date":"2025-08-28T12:31:16","date_gmt":"2025-08-28T09:31:16","guid":{"rendered":"https:\/\/roveyayinevi.com.tr\/index.php\/urun\/yeni-bilgiler\/"},"modified":"2026-04-15T03:32:43","modified_gmt":"2026-04-15T00:32:43","slug":"yeni-bilgiler","status":"publish","type":"product","link":"https:\/\/roveyayinevi.com.tr\/index.php\/urun\/yeni-bilgiler\/","title":{"rendered":"Yeni Bilgiler"},"content":{"rendered":"<p>\u0130li\u015fkilerimiz geli\u015fmesinde k\u00fc\u00e7\u00fck bir katk\u0131s\u0131 olmas\u0131 temennisiyle bu kitab\u0131 Sekel halk\u0131na ithaf etmi\u015ftik. Ge\u00e7en y\u0131llar i\u00e7inde T\u00fcrkiye\u2019de onlara dair bir\u00e7ok makale yaz\u0131ld\u0131, hatta bir kitap \u00e7\u0131kt\u0131. Sekel dostlar\u0131m\u0131za bu vesileyle tekrar selam g\u00f6nderelim. Bu yeni bask\u0131y\u0131 yaparken kitab\u0131 g\u00f6zden ge\u00e7irdik, Kerim Yund, Mustafa Salkaya ve Kemal G\u00fcnen\u2019in tarzlar\u0131ndan ilhamla orman sevgisine dair olan\u0131, \u201cKaz Da\u011flar\u0131 katliam\u0131na itiraz\u201d\u0131 ekledik. Yine de ilavelerin \u00e7o\u011fu \u0130ngilizce ve \u00c7ek\u00e7eden yap\u0131lan \u00e7evirilerden olu\u015fuyor. \u00c7evirdi\u011fimiz \u015fairleri okura tan\u0131tma gayesiyle onlar\u0131n k\u0131sa biyografilerini de kitaba ald\u0131k. En son Norve\u00e7\u2019ten bir \u015fiir dostunun iste\u011fi \u00fczerine W. H. Auden\u2019dan \u201cBir ak\u015fam \u00fcst\u00fc y\u00fcr\u00fcy\u00fc\u015fe \u00e7\u0131kt\u0131m da\u201d ile \u201cCenaze \u015fark\u0131s\u0131\u201d \u00e7evirilerini ilave ettik. <\/p>\n","protected":false},"excerpt":{"rendered":"<p>\u0130li\u015fkilerimiz geli\u015fmesinde k\u00fc\u00e7\u00fck bir katk\u0131s\u0131 olmas\u0131 temennisiyle bu kitab\u0131 Sekel halk\u0131na ithaf etmi\u015ftik. Ge\u00e7en y\u0131llar i\u00e7inde T\u00fcrkiye\u2019de onlara dair bir\u00e7ok makale yaz\u0131ld\u0131, hatta bir kitap \u00e7\u0131kt\u0131.<span class=\"excerpt-hellip\"> [\u2026]<\/span><\/p>\n","protected":false},"featured_media":0,"template":"","meta":{"_monsterinsights_skip_tracking":false,"_monsterinsights_sitenote_active":false,"_monsterinsights_sitenote_note":"","_monsterinsights_sitenote_category":0},"product_brand":[],"product_cat":[12291,12509],"product_tag":[],"class_list":{"0":"post-766952","1":"product","2":"type-product","3":"status-publish","5":"product_cat-edebiyat","6":"product_cat-siir","7":"pa_cilt-ciltsiz","8":"pa_tur-kitap","9":"pa_yayinevi-biyografi-net-yayincilik","10":"pa_yazar-mustafa-kadir-atasoy","12":"first","13":"instock","14":"sale","15":"shipping-taxable","16":"purchasable","17":"product-type-simple"},"_links":{"self":[{"href":"https:\/\/roveyayinevi.com.tr\/index.php\/wp-json\/wp\/v2\/product\/766952","targetHints":{"allow":["GET"]}}],"collection":[{"href":"https:\/\/roveyayinevi.com.tr\/index.php\/wp-json\/wp\/v2\/product"}],"about":[{"href":"https:\/\/roveyayinevi.com.tr\/index.php\/wp-json\/wp\/v2\/types\/product"}],"wp:attachment":[{"href":"https:\/\/roveyayinevi.com.tr\/index.php\/wp-json\/wp\/v2\/media?parent=766952"}],"wp:term":[{"taxonomy":"product_brand","embeddable":true,"href":"https:\/\/roveyayinevi.com.tr\/index.php\/wp-json\/wp\/v2\/product_brand?post=766952"},{"taxonomy":"product_cat","embeddable":true,"href":"https:\/\/roveyayinevi.com.tr\/index.php\/wp-json\/wp\/v2\/product_cat?post=766952"},{"taxonomy":"product_tag","embeddable":true,"href":"https:\/\/roveyayinevi.com.tr\/index.php\/wp-json\/wp\/v2\/product_tag?post=766952"}],"curies":[{"name":"wp","href":"https:\/\/api.w.org\/{rel}","templated":true}]}}