{"id":766941,"date":"2025-08-28T12:30:50","date_gmt":"2025-08-28T09:30:50","guid":{"rendered":"https:\/\/roveyayinevi.com.tr\/index.php\/urun\/aci-imparatorlugu-sackler-hanedaninin-gizli-tarihi\/"},"modified":"2026-04-15T03:32:42","modified_gmt":"2026-04-15T00:32:42","slug":"aci-imparatorlugu-sackler-hanedaninin-gizli-tarihi","status":"publish","type":"product","link":"https:\/\/roveyayinevi.com.tr\/index.php\/urun\/aci-imparatorlugu-sackler-hanedaninin-gizli-tarihi\/","title":{"rendered":"Ac\u0131 \u0130mparatorlu\u011fu: Sackler Hanedan\u0131\u2019n\u0131n Gizli Tarihi"},"content":{"rendered":"<p>2021 BAILLIE GIFFORD KURGU DI\u015eI \u00d6D\u00dcL\u00dc21. Y\u00dcZYILIN EN \u0130Y\u0130 100 K\u0130TABI SE\u00c7K\u0130S\u0130 New York Times Book Review, Washington Post, Time, NPR, Boston Globe, Amazon, Goodreads ve Guardian\u2019da Y\u0131l\u0131n En \u0130yi Kitaplar\u0131 Se\u00e7kisinde Son \u00e2na kadar yalan s\u00f6ylediler. Servetlerini son kuru\u015funa kadar, ba\u011f\u0131ml\u0131l\u0131ktan, parampar\u00e7a hayatlardan ve berbat \u00f6l\u00fcmlerden kazand\u0131lar&#8230;  Yapt\u0131klar\u0131 c\u00f6mert ba\u011f\u0131\u015flar sayesinde, d\u00fcnyan\u0131n en \u00f6nemli m\u00fcze ve \u00fcniversitelerinin duvarlar\u0131nda Sackler ismi yaz\u0131l\u0131yd\u0131. \u00c7izdikleri g\u00f6z kama\u015ft\u0131r\u0131c\u0131 profil, karanl\u0131k zihinlerini ve servet yolunda yaratt\u0131klar\u0131 vah\u015feti maskelemeye yetecekti. Ta ki&#8230;  Hik\u00e2ye 20. y\u00fczy\u0131l\u0131n ba\u015flar\u0131nda, Brooklyn&#8217;deki fakir bir aileden \u00fc\u00e7 karde\u015fin, sa\u011fl\u0131k pazarlamas\u0131nda devrim yaratacak bir reklam ajans\u0131 kurmas\u0131yla ba\u015flam\u0131\u015ft\u0131. \u0130lk ba\u015far\u0131lar\u0131 sava\u015f sonras\u0131 nesli sakinle\u015ftiricilere ba\u011f\u0131ml\u0131 hale getirmekti.  Bundan yakla\u015f\u0131k k\u0131rk y\u0131l sonra ayn\u0131 beceriler ve vicdans\u0131zl\u0131k yeni nesil Sackler&#8217;lara tarihin en b\u00fcy\u00fck sa\u011fl\u0131k krizlerinden birinde ba\u015frol\u00fc verecek; morfine kar\u015f\u0131 g\u00fcvenilir bir alternatif iddias\u0131yla piyasaya s\u00fcrd\u00fckleri &#8220;mucize&#8221; a\u011fr\u0131 kesici OxyContin, aileyi tarifsiz bir servetle, Amerika&#8217;y\u0131 ise opioid salg\u0131n\u0131yla tan\u0131\u015ft\u0131racakt\u0131. Denetim mekanizmalar\u0131n\u0131 manip\u00fcle ederek ve ilac\u0131n ba\u011f\u0131ml\u0131l\u0131k riskini k\u00fc\u00e7\u00fcmseyerek agresif bir bi\u00e7imde pazarlad\u0131klar\u0131 ila\u00e7, a\u011fr\u0131s\u0131n\u0131n derdine d\u00fc\u015fm\u00fc\u015f milyonlarca insan\u0131 zamanla birer opioid ba\u011f\u0131ml\u0131s\u0131na d\u00f6n\u00fc\u015ft\u00fcrd\u00fc. Ama Sackler&#8217;lar son \u00e2na kadar bunu reddettiler; her y\u0131l trafik kazas\u0131 kay\u0131plar\u0131ndan daha fazla say\u0131da insan opioid kaynakl\u0131 a\u015f\u0131r\u0131 dozdan \u00f6l\u00fcrken, sorunun ila\u00e7ta de\u011fil kullan\u0131c\u0131larda oldu\u011funda \u0131srar ettiler. Bu kitap, ac\u0131lara kay\u0131ts\u0131z kalarak ac\u0131 \u00fczerine imparatorluk kurmu\u015f bir hanedan\u0131n y\u00fckseli\u015f ve d\u00fc\u015f\u00fc\u015f\u00fcn\u00fcn \u00f6yk\u00fcs\u00fc. Dizginlenemeyen kapitalizm, dizginlenemeyen lobicilik ve parampar\u00e7a olmu\u015f bir sa\u011fl\u0131k sistemi aras\u0131ndaki \u00f6l\u00fcmc\u00fcl ittifak\u0131n ve a\u00e7g\u00f6zl\u00fcl\u00fc\u011f\u00fcn ete kemi\u011fe b\u00fcr\u00fcnm\u00fc\u015f hali.  \u201cO kadar \u00e7ok \u2018yok art\u0131k!\u2019 dedi\u011finiz an var ki neredeyse t\u00fcm kitab\u0131 a\u011fz\u0131n\u0131z a\u00e7\u0131k okuyorsunuz.\u201d \u2013Sunday Times  \u201cBu kadar keyif ald\u0131\u011f\u0131n\u0131z i\u00e7in neredeyse su\u00e7luluk hissediyorsunuz.\u201d \u2013The Times \u201cUsta eseri\u201d \u2013Guardian \u201cHarikulade\u201d \u2013New York Times <\/p>\n","protected":false},"excerpt":{"rendered":"<p>2021 BAILLIE GIFFORD KURGU DI\u015eI \u00d6D\u00dcL\u00dc21. Y\u00dcZYILIN EN \u0130Y\u0130 100 K\u0130TABI SE\u00c7K\u0130S\u0130 New York Times Book Review, Washington Post, Time, NPR, Boston Globe, Amazon, Goodreads ve<span class=\"excerpt-hellip\"> [\u2026]<\/span><\/p>\n","protected":false},"featured_media":0,"template":"","meta":{"_monsterinsights_skip_tracking":false,"_monsterinsights_sitenote_active":false,"_monsterinsights_sitenote_note":"","_monsterinsights_sitenote_category":0},"product_brand":[],"product_cat":[13043,17647],"product_tag":[],"class_list":{"0":"post-766941","1":"product","2":"type-product","3":"status-publish","5":"product_cat-ekonomi","6":"product_cat-is-dunyasi","7":"pa_cilt-ciltsiz","8":"pa_tur-kitap","9":"pa_yayinevi-domingo-yayinevi","10":"pa_yazar-patrick-radden-keefe","12":"first","13":"instock","14":"sale","15":"shipping-taxable","16":"purchasable","17":"product-type-simple"},"_links":{"self":[{"href":"https:\/\/roveyayinevi.com.tr\/index.php\/wp-json\/wp\/v2\/product\/766941","targetHints":{"allow":["GET"]}}],"collection":[{"href":"https:\/\/roveyayinevi.com.tr\/index.php\/wp-json\/wp\/v2\/product"}],"about":[{"href":"https:\/\/roveyayinevi.com.tr\/index.php\/wp-json\/wp\/v2\/types\/product"}],"wp:attachment":[{"href":"https:\/\/roveyayinevi.com.tr\/index.php\/wp-json\/wp\/v2\/media?parent=766941"}],"wp:term":[{"taxonomy":"product_brand","embeddable":true,"href":"https:\/\/roveyayinevi.com.tr\/index.php\/wp-json\/wp\/v2\/product_brand?post=766941"},{"taxonomy":"product_cat","embeddable":true,"href":"https:\/\/roveyayinevi.com.tr\/index.php\/wp-json\/wp\/v2\/product_cat?post=766941"},{"taxonomy":"product_tag","embeddable":true,"href":"https:\/\/roveyayinevi.com.tr\/index.php\/wp-json\/wp\/v2\/product_tag?post=766941"}],"curies":[{"name":"wp","href":"https:\/\/api.w.org\/{rel}","templated":true}]}}