{"id":766937,"date":"2025-08-28T12:30:44","date_gmt":"2025-08-28T09:30:44","guid":{"rendered":"https:\/\/roveyayinevi.com.tr\/index.php\/urun\/buyuk-zaferi-nasil-kazandik\/"},"modified":"2026-04-11T14:35:50","modified_gmt":"2026-04-11T11:35:50","slug":"buyuk-zaferi-nasil-kazandik","status":"publish","type":"product","link":"https:\/\/roveyayinevi.com.tr\/index.php\/urun\/buyuk-zaferi-nasil-kazandik\/","title":{"rendered":"B\u00fcy\u00fck Zaferi Nas\u0131l Kazand\u0131k"},"content":{"rendered":"<p>Her \u00e7ocuk gibi Derya&#8217;n\u0131n da akl\u0131nda hayata dair onlarca soru vard\u0131.  Umut etmek, \u00f6zg\u00fcr olmak, ve do\u011fru tercihler yapabilmek ne demekti?  Kahraman\u0131m\u0131z bu zor sorulara yan\u0131t bulmak i\u00e7in \u00e7ok\u00e7a kitap okudu, \u00e7evresini g\u00f6zlemledi ve daha da \u00f6nemlisi merak\u0131n\u0131 hi\u00e7 yitirmedi.  Derya yeni ke\u015fiflere \u00e7\u0131kman\u0131n heyecan\u0131yla dopdolu. Onunla birlikte bir \u00f6\u011frenme yolculu\u011funa \u00e7\u0131kmaya haz\u0131r m\u0131s\u0131n?<\/p>\n","protected":false},"excerpt":{"rendered":"<p>Her \u00e7ocuk gibi Derya&#8217;n\u0131n da akl\u0131nda hayata dair onlarca soru vard\u0131. Umut etmek, \u00f6zg\u00fcr olmak, ve do\u011fru tercihler yapabilmek ne demekti? Kahraman\u0131m\u0131z bu zor sorulara yan\u0131t<span class=\"excerpt-hellip\"> [\u2026]<\/span><\/p>\n","protected":false},"featured_media":0,"template":"","meta":{"_monsterinsights_skip_tracking":false,"_monsterinsights_sitenote_active":false,"_monsterinsights_sitenote_note":"","_monsterinsights_sitenote_category":0},"product_brand":[],"product_cat":[12274,12284],"product_tag":[],"class_list":{"0":"post-766937","1":"product","2":"type-product","3":"status-publish","5":"product_cat-cocuk-ve-genclik-kitaplari","6":"product_cat-hikayeler","7":"pa_cilt-ciltsiz","8":"pa_tur-kitap","9":"pa_yayinevi-timas-cocuk","10":"pa_yazar-murat-moroglu","12":"first","13":"instock","14":"sale","15":"shipping-taxable","16":"purchasable","17":"product-type-simple"},"_links":{"self":[{"href":"https:\/\/roveyayinevi.com.tr\/index.php\/wp-json\/wp\/v2\/product\/766937","targetHints":{"allow":["GET"]}}],"collection":[{"href":"https:\/\/roveyayinevi.com.tr\/index.php\/wp-json\/wp\/v2\/product"}],"about":[{"href":"https:\/\/roveyayinevi.com.tr\/index.php\/wp-json\/wp\/v2\/types\/product"}],"wp:attachment":[{"href":"https:\/\/roveyayinevi.com.tr\/index.php\/wp-json\/wp\/v2\/media?parent=766937"}],"wp:term":[{"taxonomy":"product_brand","embeddable":true,"href":"https:\/\/roveyayinevi.com.tr\/index.php\/wp-json\/wp\/v2\/product_brand?post=766937"},{"taxonomy":"product_cat","embeddable":true,"href":"https:\/\/roveyayinevi.com.tr\/index.php\/wp-json\/wp\/v2\/product_cat?post=766937"},{"taxonomy":"product_tag","embeddable":true,"href":"https:\/\/roveyayinevi.com.tr\/index.php\/wp-json\/wp\/v2\/product_tag?post=766937"}],"curies":[{"name":"wp","href":"https:\/\/api.w.org\/{rel}","templated":true}]}}