{"id":766936,"date":"2025-08-28T12:30:42","date_gmt":"2025-08-28T09:30:42","guid":{"rendered":"https:\/\/roveyayinevi.com.tr\/index.php\/urun\/cop-ulkesi\/"},"modified":"2026-04-15T03:32:42","modified_gmt":"2026-04-15T00:32:42","slug":"cop-ulkesi","status":"publish","type":"product","link":"https:\/\/roveyayinevi.com.tr\/index.php\/urun\/cop-ulkesi\/","title":{"rendered":"\u00c7\u00f6p \u00dclkesi"},"content":{"rendered":"<p>Burnuna mandal takmadan soka\u011fa \u00e7\u0131kamayan bir kasaba&#8230; Yanl\u0131\u015fl\u0131kla \u00e7\u00f6pe at\u0131lan bir oyuncak bebek&#8230; Ve sekiz ya\u015f\u0131ndaki G\u00fcne\u015f&#8217;in inan\u0131lmaz ke\u015fif yolculu\u011fu! Kimsenin yakla\u015fmaya cesaret edemedi\u011fi \u00c7\u00f6p \u00dclkesi&#8217;ne giden \u00fc\u00e7 kahraman: Bir profes\u00f6r, gen\u00e7 bir a\u015f\u00e7\u0131 ve k\u00fc\u00e7\u00fck G\u00fcne\u015f. \u00c7\u00f6p \u00dclkesi\u2019nde onlar\u0131 ne gibi s\u00fcrprizler bekliyor? \u00c7evre bilinci ve geri d\u00f6n\u00fc\u015f\u00fcm kavramlar\u0131n\u0131 benzersiz bir hayal g\u00fcc\u00fcyle harmanlayan bu kitap, \u00e7ocuklara israf\u0131n bedelini e\u011flenceli bir macerayla anlat\u0131yor. \u00dcstelik konu\u015fan k\u00fcf mantarlar\u0131, gizemli bilmeceler ve \u015fa\u015f\u0131rt\u0131c\u0131 bir finalle! \u00c7\u00f6p sand\u0131\u011f\u0131m\u0131z her \u015feyin asl\u0131nda bir hik\u00e2yesi oldu\u011funu hat\u0131rlatan, hem e\u011flendiren hem d\u00fc\u015f\u00fcnd\u00fcren bir macera!<\/p>\n","protected":false},"excerpt":{"rendered":"<p>Burnuna mandal takmadan soka\u011fa \u00e7\u0131kamayan bir kasaba&#8230; Yanl\u0131\u015fl\u0131kla \u00e7\u00f6pe at\u0131lan bir oyuncak bebek&#8230; Ve sekiz ya\u015f\u0131ndaki G\u00fcne\u015f&#8217;in inan\u0131lmaz ke\u015fif yolculu\u011fu! Kimsenin yakla\u015fmaya cesaret edemedi\u011fi \u00c7\u00f6p \u00dclkesi&#8217;ne<span class=\"excerpt-hellip\"> [\u2026]<\/span><\/p>\n","protected":false},"featured_media":0,"template":"","meta":{"_monsterinsights_skip_tracking":false,"_monsterinsights_sitenote_active":false,"_monsterinsights_sitenote_note":"","_monsterinsights_sitenote_category":0},"product_brand":[],"product_cat":[12689,12274],"product_tag":[],"class_list":{"0":"post-766936","1":"product","2":"type-product","3":"status-publish","5":"product_cat-cizgi-roman-cocuk-ve-genclik-kitaplari","6":"product_cat-cocuk-ve-genclik-kitaplari","7":"pa_cilt-ciltsiz","8":"pa_tur-kitap","9":"pa_yayinevi-timas-cocuk","10":"pa_yazar-gamze-atasoz-deniz","12":"first","13":"instock","14":"sale","15":"shipping-taxable","16":"purchasable","17":"product-type-simple"},"_links":{"self":[{"href":"https:\/\/roveyayinevi.com.tr\/index.php\/wp-json\/wp\/v2\/product\/766936","targetHints":{"allow":["GET"]}}],"collection":[{"href":"https:\/\/roveyayinevi.com.tr\/index.php\/wp-json\/wp\/v2\/product"}],"about":[{"href":"https:\/\/roveyayinevi.com.tr\/index.php\/wp-json\/wp\/v2\/types\/product"}],"wp:attachment":[{"href":"https:\/\/roveyayinevi.com.tr\/index.php\/wp-json\/wp\/v2\/media?parent=766936"}],"wp:term":[{"taxonomy":"product_brand","embeddable":true,"href":"https:\/\/roveyayinevi.com.tr\/index.php\/wp-json\/wp\/v2\/product_brand?post=766936"},{"taxonomy":"product_cat","embeddable":true,"href":"https:\/\/roveyayinevi.com.tr\/index.php\/wp-json\/wp\/v2\/product_cat?post=766936"},{"taxonomy":"product_tag","embeddable":true,"href":"https:\/\/roveyayinevi.com.tr\/index.php\/wp-json\/wp\/v2\/product_tag?post=766936"}],"curies":[{"name":"wp","href":"https:\/\/api.w.org\/{rel}","templated":true}]}}