{"id":766935,"date":"2025-08-28T12:30:39","date_gmt":"2025-08-28T09:30:39","guid":{"rendered":"https:\/\/roveyayinevi.com.tr\/index.php\/urun\/kahramanini-yutan-kitap\/"},"modified":"2026-04-15T03:32:42","modified_gmt":"2026-04-15T00:32:42","slug":"kahramanini-yutan-kitap","status":"publish","type":"product","link":"https:\/\/roveyayinevi.com.tr\/index.php\/urun\/kahramanini-yutan-kitap\/","title":{"rendered":"Kahraman\u0131n\u0131 Yutan Kitap"},"content":{"rendered":"<p>Dikkat edin! Bu kitap sizi h\u00fc\u00fc\u00fcp diye i\u00e7ine \u00e7ekebilir! Vahti, kitap okumaktan ho\u015flanmayan ama macera dolu hayaller kuran biri. G\u00fcn\u00fcn birinde eline ge\u00e7en eski bir kitab\u0131n onu yutmas\u0131yla t\u00fcm hayat\u0131n de\u011fi\u015fiyor. Kendini bir anda sayfalar\u0131n aras\u0131nda bulan Vahti, konu\u015fan bir mart\u0131 olan Hadiye teyze rehberli\u011finde ger\u00e7ek bir maceraya at\u0131l\u0131yor. Ormanda kurtlardan ka\u00e7acak, korsanlarla arkada\u015f olacak, bir uzayl\u0131ya yard\u0131m edecek hatta orman\u0131 dev bir t\u0131rt\u0131ldan kurtarmaya \u00e7al\u0131\u015facaklar. T\u00fcm bu maceralar\u0131n sonunda Vahti kitap okumay\u0131 sevecek mi dersin? Bir yandan e\u011flenirken bir yandan da kitap okuma heyecan\u0131n\u0131 ke\u015ffetmeye var m\u0131s\u0131n?<\/p>\n","protected":false},"excerpt":{"rendered":"<p>Dikkat edin! Bu kitap sizi h\u00fc\u00fc\u00fcp diye i\u00e7ine \u00e7ekebilir! Vahti, kitap okumaktan ho\u015flanmayan ama macera dolu hayaller kuran biri. G\u00fcn\u00fcn birinde eline ge\u00e7en eski bir kitab\u0131n<span class=\"excerpt-hellip\"> [\u2026]<\/span><\/p>\n","protected":false},"featured_media":0,"template":"","meta":{"_monsterinsights_skip_tracking":false,"_monsterinsights_sitenote_active":false,"_monsterinsights_sitenote_note":"","_monsterinsights_sitenote_category":0},"product_brand":[],"product_cat":[12689,12274],"product_tag":[],"class_list":{"0":"post-766935","1":"product","2":"type-product","3":"status-publish","5":"product_cat-cizgi-roman-cocuk-ve-genclik-kitaplari","6":"product_cat-cocuk-ve-genclik-kitaplari","7":"pa_cilt-ciltsiz","8":"pa_tur-kitap","9":"pa_yayinevi-timas-cocuk","10":"pa_yazar-didem-demirel","12":"first","13":"instock","14":"sale","15":"shipping-taxable","16":"purchasable","17":"product-type-simple"},"_links":{"self":[{"href":"https:\/\/roveyayinevi.com.tr\/index.php\/wp-json\/wp\/v2\/product\/766935","targetHints":{"allow":["GET"]}}],"collection":[{"href":"https:\/\/roveyayinevi.com.tr\/index.php\/wp-json\/wp\/v2\/product"}],"about":[{"href":"https:\/\/roveyayinevi.com.tr\/index.php\/wp-json\/wp\/v2\/types\/product"}],"wp:attachment":[{"href":"https:\/\/roveyayinevi.com.tr\/index.php\/wp-json\/wp\/v2\/media?parent=766935"}],"wp:term":[{"taxonomy":"product_brand","embeddable":true,"href":"https:\/\/roveyayinevi.com.tr\/index.php\/wp-json\/wp\/v2\/product_brand?post=766935"},{"taxonomy":"product_cat","embeddable":true,"href":"https:\/\/roveyayinevi.com.tr\/index.php\/wp-json\/wp\/v2\/product_cat?post=766935"},{"taxonomy":"product_tag","embeddable":true,"href":"https:\/\/roveyayinevi.com.tr\/index.php\/wp-json\/wp\/v2\/product_tag?post=766935"}],"curies":[{"name":"wp","href":"https:\/\/api.w.org\/{rel}","templated":true}]}}