{"id":766933,"date":"2025-08-28T12:30:36","date_gmt":"2025-08-28T09:30:36","guid":{"rendered":"https:\/\/roveyayinevi.com.tr\/index.php\/urun\/antik-misirin-peygamberleri\/"},"modified":"2026-04-15T03:32:42","modified_gmt":"2026-04-15T00:32:42","slug":"antik-misirin-peygamberleri","status":"publish","type":"product","link":"https:\/\/roveyayinevi.com.tr\/index.php\/urun\/antik-misirin-peygamberleri\/","title":{"rendered":"Antik M\u0131s\u0131r\u2019\u0131n Peygamberleri"},"content":{"rendered":"<p>Din ve bilimin birbiriyle \u00e7eli\u015fti\u011fi d\u00fc\u015f\u00fcncesi yayg\u0131n bir kan\u0131d\u0131r. Ayn\u0131 \u015fekilde kutsal kitaplarda anlat\u0131lan tarih\u00ee olaylarla, tarih biliminde h\u00e2kim olan anlat\u0131n\u0131n uyu\u015fmad\u0131\u011f\u0131 d\u00fc\u015f\u00fcn\u00fcl\u00fcr. Kutsal metinlerin aktard\u0131\u011f\u0131 tarihe y\u00f6nelik \u015f\u00fcpheler sadece olaylarla s\u0131n\u0131rl\u0131 kalmaz, s\u00f6z\u00fc edilen peygamberler de bu sorgulamaya maruz kal\u0131r. Bu \u015fahsiyetlerin ger\u00e7ekte ya\u015fay\u0131p ya\u015famad\u0131\u011f\u0131 ciddi bir tart\u0131\u015fma konusudur. T\u00fcm bu sorulara cevap vermek amac\u0131yla yurt d\u0131\u015f\u0131nda \u201cKutsal Kitap Arkeolojisi\u201d ad\u0131 verilen bir y\u00f6ntem geli\u015ftirilmi\u015ftir, buna g\u00f6re din temelli tarih anlat\u0131s\u0131 pek \u00e7ok bilim dal\u0131n\u0131n yan\u0131 s\u0131ra \u00f6zellikle arkeolojiden yararlan\u0131larak desteklenir. Buna benzer \u015fekilde, Kur\u2019\u00e2n-\u0131 Kerim\u2019de anlat\u0131lan tarih\u00ee olaylar\u0131n \u201cger\u00e7ek tarih\u201dle \u00e7eli\u015fmedi\u011fini g\u00f6stermek i\u00e7in Kur\u2019\u00e2n arkeolojisi \u00e7al\u0131\u015fmalar\u0131 ortaya \u00e7\u0131km\u0131\u015ft\u0131r. Elinizdeki \u00e7al\u0131\u015fma bir Kur\u2019\u00e2n arkeolojisi giri\u015fimidir. Yak\u0131n Do\u011fu, eski medeniyetlere ev sahipli\u011fi yapmas\u0131 sebebiyle en \u00f6nemli arkeolojik kaz\u0131 b\u00f6lgelerinden biri olmas\u0131n\u0131n yan\u0131nda, peygamberlerin zuhur etti\u011fi bir co\u011frafya olmas\u0131 hasebiyle bu \u00e7al\u0131\u015fmalar i\u00e7in en elveri\u015fli yerdir. B\u00fclent \u015eahin Erde\u011fer, Yak\u0131n Do\u011fu\u2019da ya\u015fam\u0131\u015f \u00fc\u00e7 peygamberin, Hz. \u0130dris, Hz. Yusuf ve Hz. Musa\u2019n\u0131n ger\u00e7ekte var oldu\u011funu ve Kur\u2019\u00e2n\u2019da anlat\u0131lan hadiselerin do\u011frulu\u011funu i\u015fte bu y\u00f6ntemle kan\u0131tl\u0131yor. Erde\u011fer, antik kaynaklardan, farkl\u0131 dinlerin kutsal kitaplar\u0131ndan, yerli-yabanc\u0131 ikincil eserlerden, astronomik verilerden, farkl\u0131 medeniyetlerin tarihlerinden, \u00e7evre tarihi disiplininden istifade ederek en g\u00fcvenilir kronolojisiyle bir Antik M\u0131s\u0131r tarihi sunuyor. T\u00fcm bunlar Kur\u2019\u00e2n\u2019\u0131n Hz. Muhammed\u2019in (sav) kesinlikle bilemeyece\u011fi d\u00fczeyde detayl\u0131 bir Antik M\u0131s\u0131r bilgisini sundu\u011funu ispat ederken, din ile bilimin \u00e7eli\u015fmedi\u011fini g\u00f6stererek ezberleri alt\u00fcst ediyor.<\/p>\n","protected":false},"excerpt":{"rendered":"<p>Din ve bilimin birbiriyle \u00e7eli\u015fti\u011fi d\u00fc\u015f\u00fcncesi yayg\u0131n bir kan\u0131d\u0131r. Ayn\u0131 \u015fekilde kutsal kitaplarda anlat\u0131lan tarih\u00ee olaylarla, tarih biliminde h\u00e2kim olan anlat\u0131n\u0131n uyu\u015fmad\u0131\u011f\u0131 d\u00fc\u015f\u00fcn\u00fcl\u00fcr. Kutsal metinlerin aktard\u0131\u011f\u0131<span class=\"excerpt-hellip\"> [\u2026]<\/span><\/p>\n","protected":false},"featured_media":0,"template":"","meta":{"_monsterinsights_skip_tracking":false,"_monsterinsights_sitenote_active":false,"_monsterinsights_sitenote_note":"","_monsterinsights_sitenote_category":0},"product_brand":[],"product_cat":[13036,12718,12719],"product_tag":[],"class_list":{"0":"post-766933","1":"product","2":"type-product","3":"status-publish","5":"product_cat-arastirma-inceleme-islam","6":"product_cat-din","7":"product_cat-islam","8":"pa_cilt-ciltsiz","9":"pa_tur-kitap","10":"pa_yayinevi-timas-yayinlari","11":"pa_yazar-bulent-sahin-erdeger","13":"first","14":"instock","15":"sale","16":"shipping-taxable","17":"purchasable","18":"product-type-simple"},"_links":{"self":[{"href":"https:\/\/roveyayinevi.com.tr\/index.php\/wp-json\/wp\/v2\/product\/766933","targetHints":{"allow":["GET"]}}],"collection":[{"href":"https:\/\/roveyayinevi.com.tr\/index.php\/wp-json\/wp\/v2\/product"}],"about":[{"href":"https:\/\/roveyayinevi.com.tr\/index.php\/wp-json\/wp\/v2\/types\/product"}],"wp:attachment":[{"href":"https:\/\/roveyayinevi.com.tr\/index.php\/wp-json\/wp\/v2\/media?parent=766933"}],"wp:term":[{"taxonomy":"product_brand","embeddable":true,"href":"https:\/\/roveyayinevi.com.tr\/index.php\/wp-json\/wp\/v2\/product_brand?post=766933"},{"taxonomy":"product_cat","embeddable":true,"href":"https:\/\/roveyayinevi.com.tr\/index.php\/wp-json\/wp\/v2\/product_cat?post=766933"},{"taxonomy":"product_tag","embeddable":true,"href":"https:\/\/roveyayinevi.com.tr\/index.php\/wp-json\/wp\/v2\/product_tag?post=766933"}],"curies":[{"name":"wp","href":"https:\/\/api.w.org\/{rel}","templated":true}]}}