{"id":766931,"date":"2025-08-28T12:30:32","date_gmt":"2025-08-28T09:30:32","guid":{"rendered":"https:\/\/roveyayinevi.com.tr\/index.php\/urun\/avukati-misin\/"},"modified":"2026-04-15T03:32:42","modified_gmt":"2026-04-15T00:32:42","slug":"avukati-misin","status":"publish","type":"product","link":"https:\/\/roveyayinevi.com.tr\/index.php\/urun\/avukati-misin\/","title":{"rendered":"Avukat\u0131 M\u0131s\u0131n?"},"content":{"rendered":"<p>Ergu\u0308n ilkokul y\u0131llar\u0131ndan beri, g\u00f6rdu\u0308\u011fu\u0308 her haks\u0131zl\u0131\u011fa kar\u015f\u0131 \u00e7\u0131kmaktad\u0131r. Ama arkada\u015flar\u0131n\u0131 savunurken ald\u0131\u011f\u0131 yan\u0131t hep \u201cAvukat\u0131 m\u0131s\u0131n?\u201d olmu\u015ftur. \u0130\u015fte o gu\u0308nden beri avukatl\u0131k, Ergu\u0308n\u2019u\u0308n akl\u0131na iyiden iyiye yerle\u015fir. B\u00f6ylece Ergu\u0308n u\u0308niversite i\u00e7in \u0130stanbul\u2019a, Hukuk Faku\u0308ltesine gelir. Burada ald\u0131\u011f\u0131 e\u011fitimden ve yapt\u0131\u011f\u0131 stajdan sonra avukatl\u0131\u011fa Rize\u2019de ba\u015flar. Ancak sonunda Tahsin\u2019in dedi\u011fi olur: \u201cEe art\u0131k \u0130stanbul\u2019un suyunu i\u00e7tin, daha da Rize\u2019yi unut.\u201d Hayat onu yeniden \u0130stanbul\u2019a, mu\u0308cadeleyle ge\u00e7ecek bir du\u0308nyan\u0131n ortas\u0131na getirir.   Bu romanda, Avukat Ergu\u0308n Kazan\u0131r\u2019\u0131n \u00e7ocuklu\u011fundan u\u0308niversite y\u0131llar\u0131na, ilk i\u015f deneyiminden ba\u015f\u0131ndan ge\u00e7en evliliklere; ya\u015fad\u0131\u011f\u0131 tu\u0308rlu\u0308 macera ve an\u0131lara tan\u0131k oluyoruz. D\u0131\u015far\u0131dan g\u00f6ru\u0308ndu\u0308\u011fu\u0308 gibi olmayan avukatl\u0131k mesle\u011finin farkl\u0131 y\u00f6nlerini Kazan\u0131r\u2019\u0131n mu\u0308cadeleden vazge\u00e7meyen karakteri sayesinde ke\u015ffediyoruz. Yazar\u0131n e\u011flenceli, samimi ve yer yer \u015fiirsel dilinden azimli bir avukat\u0131n ya\u015fam\u0131n\u0131 okuyacaks\u0131n\u0131z!<\/p>\n","protected":false},"excerpt":{"rendered":"<p>Ergu\u0308n ilkokul y\u0131llar\u0131ndan beri, g\u00f6rdu\u0308\u011fu\u0308 her haks\u0131zl\u0131\u011fa kar\u015f\u0131 \u00e7\u0131kmaktad\u0131r. Ama arkada\u015flar\u0131n\u0131 savunurken ald\u0131\u011f\u0131 yan\u0131t hep \u201cAvukat\u0131 m\u0131s\u0131n?\u201d olmu\u015ftur. \u0130\u015fte o gu\u0308nden beri avukatl\u0131k, Ergu\u0308n\u2019u\u0308n akl\u0131na iyiden<span class=\"excerpt-hellip\"> [\u2026]<\/span><\/p>\n","protected":false},"featured_media":0,"template":"","meta":{"_monsterinsights_skip_tracking":false,"_monsterinsights_sitenote_active":false,"_monsterinsights_sitenote_note":"","_monsterinsights_sitenote_category":0},"product_brand":[],"product_cat":[12291,12711],"product_tag":[],"class_list":{"0":"post-766931","1":"product","2":"type-product","3":"status-publish","5":"product_cat-edebiyat","6":"product_cat-roman-oyku","7":"pa_cilt-ciltsiz","8":"pa_tur-kitap","9":"pa_yayinevi-timas-yayinlari","10":"pa_yazar-ergun-kazanir","12":"first","13":"instock","14":"sale","15":"shipping-taxable","16":"purchasable","17":"product-type-simple"},"_links":{"self":[{"href":"https:\/\/roveyayinevi.com.tr\/index.php\/wp-json\/wp\/v2\/product\/766931","targetHints":{"allow":["GET"]}}],"collection":[{"href":"https:\/\/roveyayinevi.com.tr\/index.php\/wp-json\/wp\/v2\/product"}],"about":[{"href":"https:\/\/roveyayinevi.com.tr\/index.php\/wp-json\/wp\/v2\/types\/product"}],"wp:attachment":[{"href":"https:\/\/roveyayinevi.com.tr\/index.php\/wp-json\/wp\/v2\/media?parent=766931"}],"wp:term":[{"taxonomy":"product_brand","embeddable":true,"href":"https:\/\/roveyayinevi.com.tr\/index.php\/wp-json\/wp\/v2\/product_brand?post=766931"},{"taxonomy":"product_cat","embeddable":true,"href":"https:\/\/roveyayinevi.com.tr\/index.php\/wp-json\/wp\/v2\/product_cat?post=766931"},{"taxonomy":"product_tag","embeddable":true,"href":"https:\/\/roveyayinevi.com.tr\/index.php\/wp-json\/wp\/v2\/product_tag?post=766931"}],"curies":[{"name":"wp","href":"https:\/\/api.w.org\/{rel}","templated":true}]}}