{"id":766929,"date":"2025-08-28T12:30:28","date_gmt":"2025-08-28T09:30:28","guid":{"rendered":"https:\/\/roveyayinevi.com.tr\/index.php\/urun\/dopdolu-kutuphanem-secilmis-cocuk-klasikleri-44-kitap\/"},"modified":"2026-04-15T03:32:42","modified_gmt":"2026-04-15T00:32:42","slug":"dopdolu-kutuphanem-secilmis-cocuk-klasikleri-44-kitap","status":"publish","type":"product","link":"https:\/\/roveyayinevi.com.tr\/index.php\/urun\/dopdolu-kutuphanem-secilmis-cocuk-klasikleri-44-kitap\/","title":{"rendered":"Dopdolu K\u00fct\u00fcphanem &#8211; Se\u00e7ilmi\u015f \u00c7ocuk Klasikleri (44 kitap)"},"content":{"rendered":"<p>7-15 ya\u015f grubu \u00e7ocuklar\u0131n mutlaka okumas\u0131 gereken 44 D\u00fcnya \u00c7ocuk Klasi\u011fi. <\/p>\n","protected":false},"excerpt":{"rendered":"<p>7-15 ya\u015f grubu \u00e7ocuklar\u0131n mutlaka okumas\u0131 gereken 44 D\u00fcnya \u00c7ocuk Klasi\u011fi.<\/p>\n","protected":false},"featured_media":0,"template":"","meta":{"_monsterinsights_skip_tracking":false,"_monsterinsights_sitenote_active":false,"_monsterinsights_sitenote_note":"","_monsterinsights_sitenote_category":0},"product_brand":[],"product_cat":[12274,12467],"product_tag":[],"class_list":{"0":"post-766929","1":"product","2":"type-product","3":"status-publish","5":"product_cat-cocuk-ve-genclik-kitaplari","6":"product_cat-dunya-klasikleri","7":"pa_cilt-ciltsiz","8":"pa_tur-kitap","9":"pa_yayinevi-mavi-boncuk","10":"pa_yazar-kolektif","12":"first","13":"instock","14":"sale","15":"shipping-taxable","16":"purchasable","17":"product-type-simple"},"_links":{"self":[{"href":"https:\/\/roveyayinevi.com.tr\/index.php\/wp-json\/wp\/v2\/product\/766929","targetHints":{"allow":["GET"]}}],"collection":[{"href":"https:\/\/roveyayinevi.com.tr\/index.php\/wp-json\/wp\/v2\/product"}],"about":[{"href":"https:\/\/roveyayinevi.com.tr\/index.php\/wp-json\/wp\/v2\/types\/product"}],"wp:attachment":[{"href":"https:\/\/roveyayinevi.com.tr\/index.php\/wp-json\/wp\/v2\/media?parent=766929"}],"wp:term":[{"taxonomy":"product_brand","embeddable":true,"href":"https:\/\/roveyayinevi.com.tr\/index.php\/wp-json\/wp\/v2\/product_brand?post=766929"},{"taxonomy":"product_cat","embeddable":true,"href":"https:\/\/roveyayinevi.com.tr\/index.php\/wp-json\/wp\/v2\/product_cat?post=766929"},{"taxonomy":"product_tag","embeddable":true,"href":"https:\/\/roveyayinevi.com.tr\/index.php\/wp-json\/wp\/v2\/product_tag?post=766929"}],"curies":[{"name":"wp","href":"https:\/\/api.w.org\/{rel}","templated":true}]}}