{"id":766928,"date":"2025-08-28T12:30:26","date_gmt":"2025-08-28T09:30:26","guid":{"rendered":"https:\/\/roveyayinevi.com.tr\/index.php\/urun\/1-sinif-matematik-mutlak-ogrenme-stratejisi-kitabi\/"},"modified":"2026-04-15T03:32:42","modified_gmt":"2026-04-15T00:32:42","slug":"1-sinif-matematik-mutlak-ogrenme-stratejisi-kitabi","status":"publish","type":"product","link":"https:\/\/roveyayinevi.com.tr\/index.php\/urun\/1-sinif-matematik-mutlak-ogrenme-stratejisi-kitabi\/","title":{"rendered":"1. S\u0131n\u0131f Matematik Mutlak \u00d6\u011frenme Stratejisi Kitab\u0131"},"content":{"rendered":"<p>De\u011fi\u015fen Maarif Model MEB m\u00fcfredat\u0131na g\u00f6re haz\u0131rlanm\u0131\u015ft\u0131r. 1. S\u0131n\u0131f konular\u0131n\u0131 ve kazan\u0131mlar\u0131n\u0131 kapsar.Mutlak \u00f6\u011frenme stratejisi uygulayarak haz\u0131rlad\u0131\u011f\u0131m\u0131z kitab\u0131m\u0131zda, \u00f6ncelikle \u00f6\u011frenciye konuyu anlatt\u0131k, konu sonras\u0131 uygulama yapt\u0131k, konuyla ilgili \u00f6\u011frenciye yol g\u00f6stermek ama\u00e7l\u0131 \u00f6rnek problemler \u00e7\u00f6zd\u00fck, daha sonra \u00e7ocu\u011fun \u00e7\u00f6zmesi i\u00e7in problemler verdik. En sonunda konular\u0131 peki\u015ftirici, s\u0131navlara haz\u0131rlanmas\u0131na yard\u0131mc\u0131 olacak test sorular\u0131 haz\u0131rlad\u0131k. \u00d6\u011frenciyi 1. S\u0131n\u0131f matematik konular\u0131na tam anlam\u0131yla hakim bir duruma getirdik. Bu kitab\u0131m\u0131zla onu okula ve s\u0131navlara haz\u0131rlad\u0131k.Kitab\u0131m\u0131z \u00f6\u011fretmenlerin kullan\u0131m\u0131 i\u00e7in ak\u0131ll\u0131 tahtaya tam uyumludur.<\/p>\n","protected":false},"excerpt":{"rendered":"<p>De\u011fi\u015fen Maarif Model MEB m\u00fcfredat\u0131na g\u00f6re haz\u0131rlanm\u0131\u015ft\u0131r. 1. S\u0131n\u0131f konular\u0131n\u0131 ve kazan\u0131mlar\u0131n\u0131 kapsar.Mutlak \u00f6\u011frenme stratejisi uygulayarak haz\u0131rlad\u0131\u011f\u0131m\u0131z kitab\u0131m\u0131zda, \u00f6ncelikle \u00f6\u011frenciye konuyu anlatt\u0131k, konu sonras\u0131 uygulama yapt\u0131k,<span class=\"excerpt-hellip\"> [\u2026]<\/span><\/p>\n","protected":false},"featured_media":0,"template":"","meta":{"_monsterinsights_skip_tracking":false,"_monsterinsights_sitenote_active":false,"_monsterinsights_sitenote_note":"","_monsterinsights_sitenote_category":0},"product_brand":[],"product_cat":[12566,13473],"product_tag":[],"class_list":{"0":"post-766928","1":"product","2":"type-product","3":"status-publish","5":"product_cat-egitim","6":"product_cat-sinavlara-hazirlik-okula-yardimci-kaynaklar","7":"pa_cilt-ciltsiz","8":"pa_tur-kitap","9":"pa_yayinevi-evrensel-iletisim-yayinlari","10":"pa_yazar-kolektif","12":"first","13":"instock","14":"sale","15":"shipping-taxable","16":"purchasable","17":"product-type-simple"},"_links":{"self":[{"href":"https:\/\/roveyayinevi.com.tr\/index.php\/wp-json\/wp\/v2\/product\/766928","targetHints":{"allow":["GET"]}}],"collection":[{"href":"https:\/\/roveyayinevi.com.tr\/index.php\/wp-json\/wp\/v2\/product"}],"about":[{"href":"https:\/\/roveyayinevi.com.tr\/index.php\/wp-json\/wp\/v2\/types\/product"}],"wp:attachment":[{"href":"https:\/\/roveyayinevi.com.tr\/index.php\/wp-json\/wp\/v2\/media?parent=766928"}],"wp:term":[{"taxonomy":"product_brand","embeddable":true,"href":"https:\/\/roveyayinevi.com.tr\/index.php\/wp-json\/wp\/v2\/product_brand?post=766928"},{"taxonomy":"product_cat","embeddable":true,"href":"https:\/\/roveyayinevi.com.tr\/index.php\/wp-json\/wp\/v2\/product_cat?post=766928"},{"taxonomy":"product_tag","embeddable":true,"href":"https:\/\/roveyayinevi.com.tr\/index.php\/wp-json\/wp\/v2\/product_tag?post=766928"}],"curies":[{"name":"wp","href":"https:\/\/api.w.org\/{rel}","templated":true}]}}