{"id":766927,"date":"2025-08-28T12:30:25","date_gmt":"2025-08-28T09:30:25","guid":{"rendered":"https:\/\/roveyayinevi.com.tr\/index.php\/urun\/1-sinif-tum-dersler-yaprak-test\/"},"modified":"2026-04-15T03:32:42","modified_gmt":"2026-04-15T00:32:42","slug":"1-sinif-tum-dersler-yaprak-test","status":"publish","type":"product","link":"https:\/\/roveyayinevi.com.tr\/index.php\/urun\/1-sinif-tum-dersler-yaprak-test\/","title":{"rendered":"1. S\u0131n\u0131f T\u00fcm Dersler Yaprak Test"},"content":{"rendered":"<p>MEB\u2019in Maarif Model 1. s\u0131n\u0131f kazan\u0131mlar\u0131n\u0131n t\u00fcm\u00fcne y\u00f6nelik haz\u0131rlanm\u0131\u015ft\u0131r. 1. S\u0131n\u0131f m\u00fcfredat\u0131n\u0131n b\u00fct\u00fcn bran\u015flar\u0131n\u0131 (T\u00fcrk\u00e7e-Matematik-Hayat Bilgisi) kapsar.Testler kolaydan zora do\u011fru, MEB \u00f6\u011fretim program\u0131na bire bir uyumlu yeni nesil sorulardan haz\u0131rlanm\u0131\u015ft\u0131r. Sorular\u0131n haz\u0131rlanmas\u0131nda de\u011ferler e\u011fitimine yer verilmi\u015ftir. \u00d6\u011frencilerin yaparak, ya\u015fayarak, uygulamal\u0131 bir \u015fekilde \u00f6\u011frenmesini sa\u011flamak i\u00e7in zengin g\u00f6rsel \u00f6\u011feler kullan\u0131lm\u0131\u015ft\u0131r. Bunun yan\u0131 s\u0131ra testler \u00f6\u011frencilere yeni bilgi ve beceriler kazand\u0131r\u0131p, e\u011flenceli bir \u015fekilde \u00f6\u011frenme ve kendini geli\u015ftirme f\u0131rsat\u0131 sunmaktad\u0131r.<\/p>\n","protected":false},"excerpt":{"rendered":"<p>MEB\u2019in Maarif Model 1. s\u0131n\u0131f kazan\u0131mlar\u0131n\u0131n t\u00fcm\u00fcne y\u00f6nelik haz\u0131rlanm\u0131\u015ft\u0131r. 1. S\u0131n\u0131f m\u00fcfredat\u0131n\u0131n b\u00fct\u00fcn bran\u015flar\u0131n\u0131 (T\u00fcrk\u00e7e-Matematik-Hayat Bilgisi) kapsar.Testler kolaydan zora do\u011fru, MEB \u00f6\u011fretim program\u0131na bire bir uyumlu<span class=\"excerpt-hellip\"> [\u2026]<\/span><\/p>\n","protected":false},"featured_media":0,"template":"","meta":{"_monsterinsights_skip_tracking":false,"_monsterinsights_sitenote_active":false,"_monsterinsights_sitenote_note":"","_monsterinsights_sitenote_category":0},"product_brand":[],"product_cat":[12566,13473],"product_tag":[],"class_list":{"0":"post-766927","1":"product","2":"type-product","3":"status-publish","5":"product_cat-egitim","6":"product_cat-sinavlara-hazirlik-okula-yardimci-kaynaklar","7":"pa_cilt-ciltsiz","8":"pa_tur-kitap10","9":"pa_yayinevi-evrensel-iletisim-yayinlari","10":"pa_yazar-kolektif","12":"first","13":"instock","14":"sale","15":"shipping-taxable","16":"purchasable","17":"product-type-simple"},"_links":{"self":[{"href":"https:\/\/roveyayinevi.com.tr\/index.php\/wp-json\/wp\/v2\/product\/766927","targetHints":{"allow":["GET"]}}],"collection":[{"href":"https:\/\/roveyayinevi.com.tr\/index.php\/wp-json\/wp\/v2\/product"}],"about":[{"href":"https:\/\/roveyayinevi.com.tr\/index.php\/wp-json\/wp\/v2\/types\/product"}],"wp:attachment":[{"href":"https:\/\/roveyayinevi.com.tr\/index.php\/wp-json\/wp\/v2\/media?parent=766927"}],"wp:term":[{"taxonomy":"product_brand","embeddable":true,"href":"https:\/\/roveyayinevi.com.tr\/index.php\/wp-json\/wp\/v2\/product_brand?post=766927"},{"taxonomy":"product_cat","embeddable":true,"href":"https:\/\/roveyayinevi.com.tr\/index.php\/wp-json\/wp\/v2\/product_cat?post=766927"},{"taxonomy":"product_tag","embeddable":true,"href":"https:\/\/roveyayinevi.com.tr\/index.php\/wp-json\/wp\/v2\/product_tag?post=766927"}],"curies":[{"name":"wp","href":"https:\/\/api.w.org\/{rel}","templated":true}]}}