{"id":766926,"date":"2025-08-28T12:30:23","date_gmt":"2025-08-28T09:30:23","guid":{"rendered":"https:\/\/roveyayinevi.com.tr\/index.php\/urun\/kotuluk-psikolojisi-ve-toksik-iliskiler\/"},"modified":"2026-04-15T03:32:42","modified_gmt":"2026-04-15T00:32:42","slug":"kotuluk-psikolojisi-ve-toksik-iliskiler","status":"publish","type":"product","link":"https:\/\/roveyayinevi.com.tr\/index.php\/urun\/kotuluk-psikolojisi-ve-toksik-iliskiler\/","title":{"rendered":"K\u00f6t\u00fcl\u00fck Psikolojisi ve Toksik \u0130li\u015fkiler"},"content":{"rendered":"<p>Prof. Dr. Nevzat Tarhan, K\u00f6t\u00fcl\u00fck Psikolojisi ve Toksik \u0130li\u015fkiler ad\u0131n\u0131 verdi\u011fi yeni \u00e7al\u0131\u015fmas\u0131nda k\u00f6t\u00fcl\u00fc\u011f\u00fcn, k\u00f6t\u00fcc\u00fcl dilin ve toksik ili\u015fkilerin giderek yayg\u0131nla\u015fmas\u0131na, de\u011fer ve anlam odakl\u0131 ya\u015faman\u0131n yerine hayatlar\u0131m\u0131za hakim olan anomiye dikkat \u00e7ekiyor. K\u00f6t\u00fcl\u00fc\u011f\u00fcn normalle\u015fmemesi i\u00e7in \u00f6nce onun fark edilmesi gerekti\u011fini ifade eden Tarhan, okuru kendi i\u00e7 d\u00fcnyas\u0131ndan g\u00fcndelik hayata, toplumsal ili\u015fkilerden \u00e7al\u0131\u015fma hayat\u0131na ve siyasete uzanan geni\u015f bir \u00e7er\u00e7evede k\u00f6t\u00fcl\u00fck tuzaklar\u0131na kar\u015f\u0131 uyaran ve iyili\u011fi \u00e7o\u011faltan bir bak\u0131\u015f a\u00e7\u0131s\u0131yla ya\u015famaya davet ediyor. Kitap insan\u0131 tan\u0131maktan, nefsi ve egoyu anlamaktan ba\u015flayarak i\u00e7imizdeki iyicil ve k\u00f6t\u00fcc\u00fcl e\u011filimleri masaya yat\u0131r\u0131yor. Olumlu ve olumsuz e\u011filimlerimizin n\u00f6robiyolojisi ile zihinsel kan\u0131tlardan s\u00f6z ediyor. Bir yandan k\u00f6t\u00fcl\u00fc\u011fe yatk\u0131n ki\u015filik tiplerine, toksik ki\u015filere ve k\u00f6t\u00fcl\u00fc\u011f\u00fcn tuzaklar\u0131na de\u011finirken \u00f6te yandan de\u011ferler hiyerar\u015fisinin bozulmas\u0131yla ortaya \u00e7\u0131kan durumlara iyi ve de\u011fer odakl\u0131 \u00e7\u00f6z\u00fcm \u00f6nerileri getiriyor.<\/p>\n","protected":false},"excerpt":{"rendered":"<p>Prof. Dr. Nevzat Tarhan, K\u00f6t\u00fcl\u00fck Psikolojisi ve Toksik \u0130li\u015fkiler ad\u0131n\u0131 verdi\u011fi yeni \u00e7al\u0131\u015fmas\u0131nda k\u00f6t\u00fcl\u00fc\u011f\u00fcn, k\u00f6t\u00fcc\u00fcl dilin ve toksik ili\u015fkilerin giderek yayg\u0131nla\u015fmas\u0131na, de\u011fer ve anlam odakl\u0131 ya\u015faman\u0131n<span class=\"excerpt-hellip\"> [\u2026]<\/span><\/p>\n","protected":false},"featured_media":0,"template":"","meta":{"_monsterinsights_skip_tracking":false,"_monsterinsights_sitenote_active":false,"_monsterinsights_sitenote_note":"","_monsterinsights_sitenote_category":0},"product_brand":[],"product_cat":[12357],"product_tag":[],"class_list":{"0":"post-766926","1":"product","2":"type-product","3":"status-publish","5":"product_cat-psikoloji","6":"pa_cilt-ciltsiz","7":"pa_tur-kitap","8":"pa_yayinevi-timas-yayinlari","9":"pa_yazar-nevzat-tarhan","11":"first","12":"instock","13":"sale","14":"shipping-taxable","15":"purchasable","16":"product-type-simple"},"_links":{"self":[{"href":"https:\/\/roveyayinevi.com.tr\/index.php\/wp-json\/wp\/v2\/product\/766926","targetHints":{"allow":["GET"]}}],"collection":[{"href":"https:\/\/roveyayinevi.com.tr\/index.php\/wp-json\/wp\/v2\/product"}],"about":[{"href":"https:\/\/roveyayinevi.com.tr\/index.php\/wp-json\/wp\/v2\/types\/product"}],"wp:attachment":[{"href":"https:\/\/roveyayinevi.com.tr\/index.php\/wp-json\/wp\/v2\/media?parent=766926"}],"wp:term":[{"taxonomy":"product_brand","embeddable":true,"href":"https:\/\/roveyayinevi.com.tr\/index.php\/wp-json\/wp\/v2\/product_brand?post=766926"},{"taxonomy":"product_cat","embeddable":true,"href":"https:\/\/roveyayinevi.com.tr\/index.php\/wp-json\/wp\/v2\/product_cat?post=766926"},{"taxonomy":"product_tag","embeddable":true,"href":"https:\/\/roveyayinevi.com.tr\/index.php\/wp-json\/wp\/v2\/product_tag?post=766926"}],"curies":[{"name":"wp","href":"https:\/\/api.w.org\/{rel}","templated":true}]}}