{"id":766924,"date":"2025-08-28T12:30:19","date_gmt":"2025-08-28T09:30:19","guid":{"rendered":"https:\/\/roveyayinevi.com.tr\/index.php\/urun\/karanlik-masal\/"},"modified":"2026-04-15T03:32:42","modified_gmt":"2026-04-15T00:32:42","slug":"karanlik-masal","status":"publish","type":"product","link":"https:\/\/roveyayinevi.com.tr\/index.php\/urun\/karanlik-masal\/","title":{"rendered":"Karanl\u0131k Masal"},"content":{"rendered":"<p>CESARET\u0130N VARSA BU YOLCULUKTA B\u0130ZE KATIL. B\u00fcy\u00fcl\u00fc soygunlar ve \u00f6l\u00fcmc\u00fcl s\u0131rlarla dolu bu yolculu\u011fa siz de kat\u0131l\u0131n\u2026 Tabii cesaretiniz varsa. Kalbinizi durduracak bu fantastik hik\u00e2ye, tam da Kargalar Meclisi hayranlar\u0131na g\u00f6re. Evie Wilder, hayat\u0131n\u0131n b\u00fcy\u00fck bir k\u0131sm\u0131n\u0131 g\u00f6rmezden gelinerek ge\u00e7irmi\u015f bir yetimdir. Bu durum, kendini dramatik bir soygunun i\u00e7inde buldu\u011funda ve Karanl\u0131k Masal adl\u0131 soygun \u00e7etesinin dikkatini \u00e7ekti\u011finde de\u011fi\u015fecektir. Evie, g\u00f6r\u00fcnmez olabiliyordur. Bu da onu, gizemli ve esrarengiz eserler \u00e7alan ve sihirli g\u00fc\u00e7leri olan efsanevi Karanl\u0131k Masal ekibinin de\u011ferli bir \u00fcyesi h\u00e2line getirecektir. Evie, bu ekibin cazibesine kar\u015f\u0131 koyamaz ve kendi s\u0131rlar\u0131na ra\u011fmen onlar\u0131 ailesi gibi benimser. Ancak Karanl\u0131k Masal\u2019\u0131n ge\u00e7mi\u015finde Evie\u2019nin hayal edebilece\u011finden \u00e7ok daha fazla s\u0131r vard\u0131r. Bu s\u0131rlar, Evie\u2019nin trajik ge\u00e7mi\u015fini \u00e7\u00f6zecek cevaplarla doludur. Hi\u00e7 kimse g\u00f6r\u00fcnd\u00fc\u011f\u00fc gibi de\u011fildir ve Karanl\u0131k Masal\u2019\u0131n s\u0131rlar\u0131n\u0131 ortaya \u00e7\u0131karman\u0131n bedeli \u00f6l\u00fcmc\u00fcl olabilir.<\/p>\n","protected":false},"excerpt":{"rendered":"<p>CESARET\u0130N VARSA BU YOLCULUKTA B\u0130ZE KATIL. B\u00fcy\u00fcl\u00fc soygunlar ve \u00f6l\u00fcmc\u00fcl s\u0131rlarla dolu bu yolculu\u011fa siz de kat\u0131l\u0131n\u2026 Tabii cesaretiniz varsa. Kalbinizi durduracak bu fantastik hik\u00e2ye, tam<span class=\"excerpt-hellip\"> [\u2026]<\/span><\/p>\n","protected":false},"featured_media":0,"template":"","meta":{"_monsterinsights_skip_tracking":false,"_monsterinsights_sitenote_active":false,"_monsterinsights_sitenote_note":"","_monsterinsights_sitenote_category":0},"product_brand":[],"product_cat":[12291,12711],"product_tag":[],"class_list":{"0":"post-766924","1":"product","2":"type-product","3":"status-publish","5":"product_cat-edebiyat","6":"product_cat-roman-oyku","7":"pa_cilt-ciltsiz","8":"pa_tur-kitap","9":"pa_yayinevi-artemis-yayinlari","10":"pa_yazar-katherine-harbour","12":"first","13":"instock","14":"sale","15":"shipping-taxable","16":"purchasable","17":"product-type-simple"},"_links":{"self":[{"href":"https:\/\/roveyayinevi.com.tr\/index.php\/wp-json\/wp\/v2\/product\/766924","targetHints":{"allow":["GET"]}}],"collection":[{"href":"https:\/\/roveyayinevi.com.tr\/index.php\/wp-json\/wp\/v2\/product"}],"about":[{"href":"https:\/\/roveyayinevi.com.tr\/index.php\/wp-json\/wp\/v2\/types\/product"}],"wp:attachment":[{"href":"https:\/\/roveyayinevi.com.tr\/index.php\/wp-json\/wp\/v2\/media?parent=766924"}],"wp:term":[{"taxonomy":"product_brand","embeddable":true,"href":"https:\/\/roveyayinevi.com.tr\/index.php\/wp-json\/wp\/v2\/product_brand?post=766924"},{"taxonomy":"product_cat","embeddable":true,"href":"https:\/\/roveyayinevi.com.tr\/index.php\/wp-json\/wp\/v2\/product_cat?post=766924"},{"taxonomy":"product_tag","embeddable":true,"href":"https:\/\/roveyayinevi.com.tr\/index.php\/wp-json\/wp\/v2\/product_tag?post=766924"}],"curies":[{"name":"wp","href":"https:\/\/api.w.org\/{rel}","templated":true}]}}