{"id":766911,"date":"2025-08-28T12:29:53","date_gmt":"2025-08-28T09:29:53","guid":{"rendered":"https:\/\/roveyayinevi.com.tr\/index.php\/urun\/adora-yagmur-okuma-gunlugu\/"},"modified":"2026-04-15T03:32:42","modified_gmt":"2026-04-15T00:32:42","slug":"adora-yagmur-okuma-gunlugu","status":"publish","type":"product","link":"https:\/\/roveyayinevi.com.tr\/index.php\/urun\/adora-yagmur-okuma-gunlugu\/","title":{"rendered":"Adora Ya\u011fmur Okuma G\u00fcnl\u00fc\u011f\u00fc"},"content":{"rendered":"<p>\u2018Kalbimizdeki dinmeyen f\u0131s\u0131lt\u0131 bir Shounen karakterinin asla pes etmeyen ruhudur.\u2019   \u015e\u00f6miz hediyeli bu \u00f6zel okuma g\u00fcnl\u00fc\u011f\u00fc, okuma keyfinizi daha anlaml\u0131 hale getirecek. Adora Ya\u011fmur\u2019un unutulmayacak sat\u0131rlar\u0131na e\u015flik eden, manga d\u00fcnyas\u0131ndan ilham al\u0131narak tasarlanm\u0131\u015f benzersiz \u00e7izimlerle dolu bu defter, okuma al\u0131\u015fkanl\u0131\u011f\u0131n\u0131z\u0131 geli\u015ftirmek, okudu\u011funuz t\u00fcm kitaplar\u0131 \u00f6zel bir \u015fekilde kaydetmek ve takip etmek i\u00e7in harika bir f\u0131rsat, bir kitapseverin olmazsa olmaz ba\u015fucu rehberi!   Defter \u00d6zellikleri: \u015e\u00f6miz hediyeli karton bask\u0131 90 gr ivory ka\u011f\u0131t Deftere \u00f6zel \u00e7izimler ve al\u0131nt\u0131lar 1 adet Adora Ya\u011fmur\u2019dan imzal\u0131 renkli kart 1 adet siyah beyaz hediye kart\u0131 <\/p>\n","protected":false},"excerpt":{"rendered":"<p>\u2018Kalbimizdeki dinmeyen f\u0131s\u0131lt\u0131 bir Shounen karakterinin asla pes etmeyen ruhudur.\u2019 \u015e\u00f6miz hediyeli bu \u00f6zel okuma g\u00fcnl\u00fc\u011f\u00fc, okuma keyfinizi daha anlaml\u0131 hale getirecek. Adora Ya\u011fmur\u2019un unutulmayacak sat\u0131rlar\u0131na<span class=\"excerpt-hellip\"> [\u2026]<\/span><\/p>\n","protected":false},"featured_media":0,"template":"","meta":{"_monsterinsights_skip_tracking":false,"_monsterinsights_sitenote_active":false,"_monsterinsights_sitenote_note":"","_monsterinsights_sitenote_category":0},"product_brand":[],"product_cat":[13701,12291],"product_tag":[],"class_list":{"0":"post-766911","1":"product","2":"type-product","3":"status-publish","5":"product_cat-ani-mektup-gunluk","6":"product_cat-edebiyat","7":"pa_cilt-ciltsiz","8":"pa_tur-defter","9":"pa_yayinevi-artemis-yayinlari","10":"pa_yazar-adora-yagmur","12":"first","13":"instock","14":"sale","15":"shipping-taxable","16":"purchasable","17":"product-type-simple"},"_links":{"self":[{"href":"https:\/\/roveyayinevi.com.tr\/index.php\/wp-json\/wp\/v2\/product\/766911","targetHints":{"allow":["GET"]}}],"collection":[{"href":"https:\/\/roveyayinevi.com.tr\/index.php\/wp-json\/wp\/v2\/product"}],"about":[{"href":"https:\/\/roveyayinevi.com.tr\/index.php\/wp-json\/wp\/v2\/types\/product"}],"wp:attachment":[{"href":"https:\/\/roveyayinevi.com.tr\/index.php\/wp-json\/wp\/v2\/media?parent=766911"}],"wp:term":[{"taxonomy":"product_brand","embeddable":true,"href":"https:\/\/roveyayinevi.com.tr\/index.php\/wp-json\/wp\/v2\/product_brand?post=766911"},{"taxonomy":"product_cat","embeddable":true,"href":"https:\/\/roveyayinevi.com.tr\/index.php\/wp-json\/wp\/v2\/product_cat?post=766911"},{"taxonomy":"product_tag","embeddable":true,"href":"https:\/\/roveyayinevi.com.tr\/index.php\/wp-json\/wp\/v2\/product_tag?post=766911"}],"curies":[{"name":"wp","href":"https:\/\/api.w.org\/{rel}","templated":true}]}}