{"id":766910,"date":"2025-08-28T12:29:50","date_gmt":"2025-08-28T09:29:50","guid":{"rendered":"https:\/\/roveyayinevi.com.tr\/index.php\/urun\/gulmekten-catla\/"},"modified":"2026-04-15T03:32:42","modified_gmt":"2026-04-15T00:32:42","slug":"gulmekten-catla","status":"publish","type":"product","link":"https:\/\/roveyayinevi.com.tr\/index.php\/urun\/gulmekten-catla\/","title":{"rendered":"G\u00fclmekten \u00c7atla"},"content":{"rendered":"<p>PERA&#8217;NIN DO\u011eUM G\u00dcN\u00dcD\u00dcR VE DOSTUMUZKORKU PARKINDA B\u0130R KUTLAMA YAPMAK \u0130STER.FAKAT B\u0130R \u015eEYLER TERS G\u0130DER: ARKADA\u015eI ELYESRARENG\u0130Z B\u0130R\u0130S\u0130 TARAFINDAN KA\u00c7IRILIR!BA\u015eKAHRAMANIMIZ \u015e\u0130MD\u0130 NE YAPACAK?TAB\u0130\u0130 K\u0130 KENNY&#8217;N\u0130N YARDIMLARIYLA ARKADA\u015eINI\u015eAKALAR YAPARAK KURTARACAK. G\u00dcLMEKTEN \u00c7ATLA HEM KAR\u0130KAT\u00dcR\u0130ST HEMDE B\u0130R SOSYAL MEDYA FENOMEN\u0130 OLAN PERATOONS&#8217;UN YEN\u0130 \u00c7\u0130ZG\u0130 ROMANI: ESPR\u0130LER VEKEL\u0130ME OYUNLARI E\u015eL\u0130\u011e\u0130NDE HEYECAN DOLUB\u0130R H\u0130KAYE!<\/p>\n","protected":false},"excerpt":{"rendered":"<p>PERA&#8217;NIN DO\u011eUM G\u00dcN\u00dcD\u00dcR VE DOSTUMUZKORKU PARKINDA B\u0130R KUTLAMA YAPMAK \u0130STER.FAKAT B\u0130R \u015eEYLER TERS G\u0130DER: ARKADA\u015eI ELYESRARENG\u0130Z B\u0130R\u0130S\u0130 TARAFINDAN KA\u00c7IRILIR!BA\u015eKAHRAMANIMIZ \u015e\u0130MD\u0130 NE YAPACAK?TAB\u0130\u0130 K\u0130 KENNY&#8217;N\u0130N YARDIMLARIYLA ARKADA\u015eINI\u015eAKALAR<span class=\"excerpt-hellip\"> [\u2026]<\/span><\/p>\n","protected":false},"featured_media":0,"template":"","meta":{"_monsterinsights_skip_tracking":false,"_monsterinsights_sitenote_active":false,"_monsterinsights_sitenote_note":"","_monsterinsights_sitenote_category":0},"product_brand":[],"product_cat":[12416,12291],"product_tag":[],"class_list":{"0":"post-766910","1":"product","2":"type-product","3":"status-publish","5":"product_cat-cizgi-roman","6":"product_cat-edebiyat","7":"pa_cilt-ciltsiz","8":"pa_tur-kitap","9":"pa_yayinevi-epsilon-yayinlari","10":"pa_yazar-pera-toons","12":"first","13":"instock","14":"sale","15":"shipping-taxable","16":"purchasable","17":"product-type-simple"},"_links":{"self":[{"href":"https:\/\/roveyayinevi.com.tr\/index.php\/wp-json\/wp\/v2\/product\/766910","targetHints":{"allow":["GET"]}}],"collection":[{"href":"https:\/\/roveyayinevi.com.tr\/index.php\/wp-json\/wp\/v2\/product"}],"about":[{"href":"https:\/\/roveyayinevi.com.tr\/index.php\/wp-json\/wp\/v2\/types\/product"}],"wp:attachment":[{"href":"https:\/\/roveyayinevi.com.tr\/index.php\/wp-json\/wp\/v2\/media?parent=766910"}],"wp:term":[{"taxonomy":"product_brand","embeddable":true,"href":"https:\/\/roveyayinevi.com.tr\/index.php\/wp-json\/wp\/v2\/product_brand?post=766910"},{"taxonomy":"product_cat","embeddable":true,"href":"https:\/\/roveyayinevi.com.tr\/index.php\/wp-json\/wp\/v2\/product_cat?post=766910"},{"taxonomy":"product_tag","embeddable":true,"href":"https:\/\/roveyayinevi.com.tr\/index.php\/wp-json\/wp\/v2\/product_tag?post=766910"}],"curies":[{"name":"wp","href":"https:\/\/api.w.org\/{rel}","templated":true}]}}