{"id":766908,"date":"2025-08-28T12:29:46","date_gmt":"2025-08-28T09:29:46","guid":{"rendered":"https:\/\/roveyayinevi.com.tr\/index.php\/urun\/meryemin-cicekleri\/"},"modified":"2026-01-28T03:55:21","modified_gmt":"2026-01-28T00:55:21","slug":"meryemin-cicekleri","status":"publish","type":"product","link":"https:\/\/roveyayinevi.com.tr\/index.php\/urun\/meryemin-cicekleri\/","title":{"rendered":"Meryem\u2019in \u00c7i\u00e7ekleri"},"content":{"rendered":"<p>\u201cBu d\u00fcnya yalan zaten; ba\u015f\u0131 kim bilir nerede olan bir ipin ucunu tutmu\u015f, g\u00fcnlerin pe\u015finden ko\u015fuyoruz.\u201d Y\u0131l 1914. Gen\u00e7 h\u00e2kim Sinan i\u00e7in \u0130stanbul\u2019dan Diyarbekir\u2019e atand\u0131\u011f\u0131 y\u0131ld\u0131r bu. S\u0131rt\u0131nda onu yeti\u015ftiren \u0130ttihat\u00e7\u0131lara g\u00f6n\u00fcl borcu y\u00fck\u00fcyle geldi\u011fi bu \u015fehirde bamba\u015fka bir d\u00fcnyan\u0131n ve m\u00fccadelenin i\u00e7inde bulur kendini: Halka korku sa\u00e7an a\u015firetler, bas\u0131lan k\u00f6yler, \u015fehirlere, k\u00f6ylere, da\u011flara \u00e7\u00f6reklenen, yakla\u015fan tehcirin emareleri. Sinan\u2019\u0131n g\u00f6z\u00fcnden planlay\u0131c\u0131lar, k\u00f6y\u00fc bask\u0131na u\u011fray\u0131nca intikam yemini eden Adis\u2019in suretinde halklar\u0131n ya\u015fad\u0131klar\u0131, \u00f6lmenin ve \u00f6ld\u00fcrmenin ola\u011fanla\u015farak \u00f6nemini kaybedi\u015fi\u2026 Meryem\u2019in \u00c7i\u00e7ekleri bu karanl\u0131k d\u00f6nemi, ama en \u00e7ok da yer yer y\u0131rt\u0131lan bulutlar\u0131n aras\u0131ndan kendini g\u00f6steren \u0131\u015f\u0131\u011f\u0131 hik\u00e2ye ediyor: Hi\u00e7 kimsenin oldu\u011fu yerde, oldu\u011fu gibi kalamad\u0131\u011f\u0131, iyili\u011fin ve k\u00f6t\u00fcl\u00fc\u011f\u00fcn kimliklere hapsolamad\u0131\u011f\u0131 bir d\u00fcnya bu. Abdullah Ata\u015f\u00e7\u0131, gerek \u00fcslubu gerekse yer verdi\u011fi karakterlerle, B\u0131r\u00eendar, Attil\u00e2 \u0130lhan Roman \u00d6d\u00fcl\u00fc kazanan Yara Bende ve Heder A\u011fac\u0131\u2019n\u0131n a\u00e7t\u0131\u011f\u0131 yolda, s\u00fcrekli daha ileriye gidiyor. Ona g\u00f6re pek \u00e7ok kap\u0131s\u0131 vard\u0131 gelece\u011fin ve bu kap\u0131lardan do\u011fruyu, g\u00fczel olan\u0131 se\u00e7mek insana kalm\u0131\u015ft\u0131. Ancak insan, tabiattaki en kusurlu canl\u0131yd\u0131. \u00dcst\u00fcne \u00fcstl\u00fck kusursuz oldu\u011funu sanacak kadar b\u00fcy\u00fck bir kusura sahipti.<\/p>\n","protected":false},"excerpt":{"rendered":"<p>\u201cBu d\u00fcnya yalan zaten; ba\u015f\u0131 kim bilir nerede olan bir ipin ucunu tutmu\u015f, g\u00fcnlerin pe\u015finden ko\u015fuyoruz.\u201d Y\u0131l 1914. Gen\u00e7 h\u00e2kim Sinan i\u00e7in \u0130stanbul\u2019dan Diyarbekir\u2019e atand\u0131\u011f\u0131 y\u0131ld\u0131r<span class=\"excerpt-hellip\"> [\u2026]<\/span><\/p>\n","protected":false},"featured_media":0,"template":"","meta":{"_monsterinsights_skip_tracking":false,"_monsterinsights_sitenote_active":false,"_monsterinsights_sitenote_note":"","_monsterinsights_sitenote_category":0},"product_brand":[],"product_cat":[12291,12711],"product_tag":[],"class_list":{"0":"post-766908","1":"product","2":"type-product","3":"status-publish","5":"product_cat-edebiyat","6":"product_cat-roman-oyku","7":"pa_cilt-ciltsiz","8":"pa_tur-kitap","9":"pa_yayinevi-everest-yayinlari","10":"pa_yazar-abdullah-atasci","12":"first","13":"instock","14":"sale","15":"shipping-taxable","16":"purchasable","17":"product-type-simple"},"_links":{"self":[{"href":"https:\/\/roveyayinevi.com.tr\/index.php\/wp-json\/wp\/v2\/product\/766908","targetHints":{"allow":["GET"]}}],"collection":[{"href":"https:\/\/roveyayinevi.com.tr\/index.php\/wp-json\/wp\/v2\/product"}],"about":[{"href":"https:\/\/roveyayinevi.com.tr\/index.php\/wp-json\/wp\/v2\/types\/product"}],"wp:attachment":[{"href":"https:\/\/roveyayinevi.com.tr\/index.php\/wp-json\/wp\/v2\/media?parent=766908"}],"wp:term":[{"taxonomy":"product_brand","embeddable":true,"href":"https:\/\/roveyayinevi.com.tr\/index.php\/wp-json\/wp\/v2\/product_brand?post=766908"},{"taxonomy":"product_cat","embeddable":true,"href":"https:\/\/roveyayinevi.com.tr\/index.php\/wp-json\/wp\/v2\/product_cat?post=766908"},{"taxonomy":"product_tag","embeddable":true,"href":"https:\/\/roveyayinevi.com.tr\/index.php\/wp-json\/wp\/v2\/product_tag?post=766908"}],"curies":[{"name":"wp","href":"https:\/\/api.w.org\/{rel}","templated":true}]}}