{"id":766906,"date":"2025-08-28T12:29:43","date_gmt":"2025-08-28T09:29:43","guid":{"rendered":"https:\/\/roveyayinevi.com.tr\/index.php\/urun\/ag-yonetisimi\/"},"modified":"2026-04-15T03:32:42","modified_gmt":"2026-04-15T00:32:42","slug":"ag-yonetisimi","status":"publish","type":"product","link":"https:\/\/roveyayinevi.com.tr\/index.php\/urun\/ag-yonetisimi\/","title":{"rendered":"A\u011f Y\u00f6neti\u015fimi"},"content":{"rendered":"<p>\u0130\u00e7indekiler :     B\u00d6L\u00dcM 1 A\u011e Y\u00d6NET\u0130\u015e\u0130M\u0130NE KAVRAMSAL ZEM\u0130N: A\u011e VE Y\u00d6NET\u0130\u015e\u0130M   B\u00d6L\u00dcM 2 KENTSEL POL\u0130T\u0130KA YAPIMINDA A\u011e Y\u00d6NET\u0130\u015e\u0130M\u0130 YAKLA\u015eIMI \u0130\u00c7\u0130N KURAMSAL B\u0130R \u00c7ER\u00c7EVE   B\u00d6L\u00dcM 3 A\u011e Y\u00d6NET\u0130\u015e\u0130M\u0130 YAKLA\u015eIMININ \u0130STANBUL KENT \u0130\u00c7\u0130 TOPLU ULA\u015eIM POL\u0130T\u0130KASI \u00d6RNE\u011e\u0130NDE UYGULANAB\u0130L\u0130RL\u0130\u011e\u0130 \u00dcZER\u0130NE B\u0130R ARA\u015eTIRMA <\/p>\n","protected":false},"excerpt":{"rendered":"<p>\u0130\u00e7indekiler : B\u00d6L\u00dcM 1 A\u011e Y\u00d6NET\u0130\u015e\u0130M\u0130NE KAVRAMSAL ZEM\u0130N: A\u011e VE Y\u00d6NET\u0130\u015e\u0130M B\u00d6L\u00dcM 2 KENTSEL POL\u0130T\u0130KA YAPIMINDA A\u011e Y\u00d6NET\u0130\u015e\u0130M\u0130 YAKLA\u015eIMI \u0130\u00c7\u0130N KURAMSAL B\u0130R \u00c7ER\u00c7EVE B\u00d6L\u00dcM 3 A\u011e<span class=\"excerpt-hellip\"> [\u2026]<\/span><\/p>\n","protected":false},"featured_media":0,"template":"","meta":{"_monsterinsights_skip_tracking":false,"_monsterinsights_sitenote_active":false,"_monsterinsights_sitenote_note":"","_monsterinsights_sitenote_category":0},"product_brand":[],"product_cat":[13005,40995],"product_tag":[],"class_list":{"0":"post-766906","1":"product","2":"type-product","3":"status-publish","5":"product_cat-bilim-muhendislik","6":"product_cat-sosyal-bilimler","7":"pa_cilt-ciltsiz","8":"pa_tur-kitap","9":"pa_yayinevi-gazi-kitabevi","10":"pa_yazar-duygu-demirol-duyar","12":"first","13":"instock","14":"sale","15":"shipping-taxable","16":"purchasable","17":"product-type-simple"},"_links":{"self":[{"href":"https:\/\/roveyayinevi.com.tr\/index.php\/wp-json\/wp\/v2\/product\/766906","targetHints":{"allow":["GET"]}}],"collection":[{"href":"https:\/\/roveyayinevi.com.tr\/index.php\/wp-json\/wp\/v2\/product"}],"about":[{"href":"https:\/\/roveyayinevi.com.tr\/index.php\/wp-json\/wp\/v2\/types\/product"}],"wp:attachment":[{"href":"https:\/\/roveyayinevi.com.tr\/index.php\/wp-json\/wp\/v2\/media?parent=766906"}],"wp:term":[{"taxonomy":"product_brand","embeddable":true,"href":"https:\/\/roveyayinevi.com.tr\/index.php\/wp-json\/wp\/v2\/product_brand?post=766906"},{"taxonomy":"product_cat","embeddable":true,"href":"https:\/\/roveyayinevi.com.tr\/index.php\/wp-json\/wp\/v2\/product_cat?post=766906"},{"taxonomy":"product_tag","embeddable":true,"href":"https:\/\/roveyayinevi.com.tr\/index.php\/wp-json\/wp\/v2\/product_tag?post=766906"}],"curies":[{"name":"wp","href":"https:\/\/api.w.org\/{rel}","templated":true}]}}