{"id":766904,"date":"2025-08-28T12:29:40","date_gmt":"2025-08-28T09:29:40","guid":{"rendered":"https:\/\/roveyayinevi.com.tr\/index.php\/urun\/kahve-tutkununun-el-kitabi-fleksi-kapak\/"},"modified":"2026-04-15T03:32:41","modified_gmt":"2026-04-15T00:32:41","slug":"kahve-tutkununun-el-kitabi-fleksi-kapak","status":"publish","type":"product","link":"https:\/\/roveyayinevi.com.tr\/index.php\/urun\/kahve-tutkununun-el-kitabi-fleksi-kapak\/","title":{"rendered":"Kahve Tutkununun El Kitab\u0131 (Fleksi Kapak)"},"content":{"rendered":"<p>\u201cBir fincan kahvenin k\u0131rk y\u0131lhat\u0131r\u0131 vard\u0131r.\u201d  Muhtemelen siz de \u00e7o\u011fu insan gibi g\u00fcne s\u0131cakbir kahveyle ba\u015fl\u0131yorsunuz. Peki, o duman\u0131t\u00fcten kahvenin fincan\u0131n\u0131za gelene kadar nas\u0131lbir yolculuk yapt\u0131\u011f\u0131n\u0131 hi\u00e7 merak ettiniz mi?Oysa sabah kahvenizin \u00f6tesinde ke\u015ffedilmeyibekleyen koca bir d\u00fcnya var. \u0130ster evinizde nitelikli kahve demleye merakl\u0131olun ister profesyonel bir barista, bu rehberdei\u015finize yarayacak bilgiler, pratik ipu\u00e7lar\u0131 veilgin\u00e7 detaylar bulacaks\u0131n\u0131z. Kahve Nedir?Kahve Meyvesinin AnatomisiManuel DemlemeKahve Ekipmanlar\u0131Pop\u00fcler Espresso Bazl\u0131 \u0130\u00e7ecekler  T\u00fcm bu ba\u015fl\u0131klar ve \u00e7ok daha fazlas\u0131Kahve Tutkununun El Kitab\u0131\u02bcndasizleri bekliyor.<\/p>\n","protected":false},"excerpt":{"rendered":"<p>\u201cBir fincan kahvenin k\u0131rk y\u0131lhat\u0131r\u0131 vard\u0131r.\u201d Muhtemelen siz de \u00e7o\u011fu insan gibi g\u00fcne s\u0131cakbir kahveyle ba\u015fl\u0131yorsunuz. Peki, o duman\u0131t\u00fcten kahvenin fincan\u0131n\u0131za gelene kadar nas\u0131lbir yolculuk yapt\u0131\u011f\u0131n\u0131<span class=\"excerpt-hellip\"> [\u2026]<\/span><\/p>\n","protected":false},"featured_media":0,"template":"","meta":{"_monsterinsights_skip_tracking":false,"_monsterinsights_sitenote_active":false,"_monsterinsights_sitenote_note":"","_monsterinsights_sitenote_category":0},"product_brand":[],"product_cat":[13772,12364],"product_tag":[],"class_list":{"0":"post-766904","1":"product","2":"type-product","3":"status-publish","5":"product_cat-basvuru-kitaplari","6":"product_cat-genel-konular","7":"pa_cilt-ciltsiz","8":"pa_tur-kitap","9":"pa_yayinevi-epsilon-yayinlari","10":"pa_yazar-candace-rose-rardon","12":"first","13":"instock","14":"sale","15":"shipping-taxable","16":"purchasable","17":"product-type-simple"},"_links":{"self":[{"href":"https:\/\/roveyayinevi.com.tr\/index.php\/wp-json\/wp\/v2\/product\/766904","targetHints":{"allow":["GET"]}}],"collection":[{"href":"https:\/\/roveyayinevi.com.tr\/index.php\/wp-json\/wp\/v2\/product"}],"about":[{"href":"https:\/\/roveyayinevi.com.tr\/index.php\/wp-json\/wp\/v2\/types\/product"}],"wp:attachment":[{"href":"https:\/\/roveyayinevi.com.tr\/index.php\/wp-json\/wp\/v2\/media?parent=766904"}],"wp:term":[{"taxonomy":"product_brand","embeddable":true,"href":"https:\/\/roveyayinevi.com.tr\/index.php\/wp-json\/wp\/v2\/product_brand?post=766904"},{"taxonomy":"product_cat","embeddable":true,"href":"https:\/\/roveyayinevi.com.tr\/index.php\/wp-json\/wp\/v2\/product_cat?post=766904"},{"taxonomy":"product_tag","embeddable":true,"href":"https:\/\/roveyayinevi.com.tr\/index.php\/wp-json\/wp\/v2\/product_tag?post=766904"}],"curies":[{"name":"wp","href":"https:\/\/api.w.org\/{rel}","templated":true}]}}