{"id":766902,"date":"2025-08-28T12:29:36","date_gmt":"2025-08-28T09:29:36","guid":{"rendered":"https:\/\/roveyayinevi.com.tr\/index.php\/urun\/kanim-acikta\/"},"modified":"2026-04-15T03:32:41","modified_gmt":"2026-04-15T00:32:41","slug":"kanim-acikta","status":"publish","type":"product","link":"https:\/\/roveyayinevi.com.tr\/index.php\/urun\/kanim-acikta\/","title":{"rendered":"Kan\u0131m A\u00e7\u0131kta"},"content":{"rendered":"<p>\u201c\u00c7irkinlik g\u00fczellikten uzun s\u00fcrer, ge\u00e7mi\u015f gelecekten. Uzun s\u00fcrmeyi kim ister ben bunca sab\u0131rs\u0131z. \u015e\u00f6leni mateme \u00e7eviren kap\u0131m hep a\u00e7\u0131k. Mezar ta\u015f\u0131ndaki unvan kadar berbat e\u015fi\u011fim, a\u015f\u0131ls\u0131n. \u00d6l\u00fcm\u00fcn bile ticaret olmas\u0131na \u00e7at\u0131ls\u0131n. Biriksin al\u0131nda \u00e7izgi, parmakta garaz. \u0130nsan \u00fcr\u00fcn de\u011fildir kan\u0131m a\u00e7\u0131kta. \u0130nsan \u00fcr\u00fcn de\u011fildir kan\u0131m a\u00e7\u0131kta.\u201d<\/p>\n","protected":false},"excerpt":{"rendered":"<p>\u201c\u00c7irkinlik g\u00fczellikten uzun s\u00fcrer, ge\u00e7mi\u015f gelecekten. Uzun s\u00fcrmeyi kim ister ben bunca sab\u0131rs\u0131z. \u015e\u00f6leni mateme \u00e7eviren kap\u0131m hep a\u00e7\u0131k. Mezar ta\u015f\u0131ndaki unvan kadar berbat e\u015fi\u011fim, a\u015f\u0131ls\u0131n.<span class=\"excerpt-hellip\"> [\u2026]<\/span><\/p>\n","protected":false},"featured_media":0,"template":"","meta":{"_monsterinsights_skip_tracking":false,"_monsterinsights_sitenote_active":false,"_monsterinsights_sitenote_note":"","_monsterinsights_sitenote_category":0},"product_brand":[],"product_cat":[12291,12509],"product_tag":[],"class_list":{"0":"post-766902","1":"product","2":"type-product","3":"status-publish","5":"product_cat-edebiyat","6":"product_cat-siir","7":"pa_cilt-ciltsiz","8":"pa_tur-kitap","9":"pa_yayinevi-everest-yayinlari","10":"pa_yazar-zeynep-tugce-karadag","12":"first","13":"instock","14":"sale","15":"shipping-taxable","16":"purchasable","17":"product-type-simple"},"_links":{"self":[{"href":"https:\/\/roveyayinevi.com.tr\/index.php\/wp-json\/wp\/v2\/product\/766902","targetHints":{"allow":["GET"]}}],"collection":[{"href":"https:\/\/roveyayinevi.com.tr\/index.php\/wp-json\/wp\/v2\/product"}],"about":[{"href":"https:\/\/roveyayinevi.com.tr\/index.php\/wp-json\/wp\/v2\/types\/product"}],"wp:attachment":[{"href":"https:\/\/roveyayinevi.com.tr\/index.php\/wp-json\/wp\/v2\/media?parent=766902"}],"wp:term":[{"taxonomy":"product_brand","embeddable":true,"href":"https:\/\/roveyayinevi.com.tr\/index.php\/wp-json\/wp\/v2\/product_brand?post=766902"},{"taxonomy":"product_cat","embeddable":true,"href":"https:\/\/roveyayinevi.com.tr\/index.php\/wp-json\/wp\/v2\/product_cat?post=766902"},{"taxonomy":"product_tag","embeddable":true,"href":"https:\/\/roveyayinevi.com.tr\/index.php\/wp-json\/wp\/v2\/product_tag?post=766902"}],"curies":[{"name":"wp","href":"https:\/\/api.w.org\/{rel}","templated":true}]}}