{"id":766901,"date":"2025-08-28T12:29:34","date_gmt":"2025-08-28T09:29:34","guid":{"rendered":"https:\/\/roveyayinevi.com.tr\/index.php\/urun\/yeniay-mahvi\/"},"modified":"2026-04-15T03:32:41","modified_gmt":"2026-04-15T00:32:41","slug":"yeniay-mahvi","status":"publish","type":"product","link":"https:\/\/roveyayinevi.com.tr\/index.php\/urun\/yeniay-mahvi\/","title":{"rendered":"Yeniay Mahv\u0131"},"content":{"rendered":"<p>ben bir sigaray\u0131 tersten yakma ihtimali ben b\u0131\u00e7ak s\u0131rt\u0131 bir tedavinin reddiyken bel\u00e2 inmeden g\u00f6z\u00fcm\u00fcn ferine susturulmadan son \u00e7\u0131\u011fl\u0131\u011f\u0131m duyururken nefesimi BEN B\u0130R YALAN DE\u011e\u0130L\u0130M diye d\u00fc\u015fman halklarla bar\u0131\u015fm\u0131\u015fken hem de ve varl\u0131\u011f\u0131n tecellisiyle da\u011flarda ve evimin enkaz\u0131na g\u00f6z\u00fcm\u00fc a\u00e7m\u0131\u015fken ilk defa   sen beni sevmi\u015ftin <\/p>\n","protected":false},"excerpt":{"rendered":"<p>ben bir sigaray\u0131 tersten yakma ihtimali ben b\u0131\u00e7ak s\u0131rt\u0131 bir tedavinin reddiyken bel\u00e2 inmeden g\u00f6z\u00fcm\u00fcn ferine susturulmadan son \u00e7\u0131\u011fl\u0131\u011f\u0131m duyururken nefesimi BEN B\u0130R YALAN DE\u011e\u0130L\u0130M diye<span class=\"excerpt-hellip\"> [\u2026]<\/span><\/p>\n","protected":false},"featured_media":0,"template":"","meta":{"_monsterinsights_skip_tracking":false,"_monsterinsights_sitenote_active":false,"_monsterinsights_sitenote_note":"","_monsterinsights_sitenote_category":0},"product_brand":[],"product_cat":[12291,12509],"product_tag":[],"class_list":{"0":"post-766901","1":"product","2":"type-product","3":"status-publish","5":"product_cat-edebiyat","6":"product_cat-siir","7":"pa_cilt-ciltsiz","8":"pa_tur-kitap","9":"pa_yayinevi-everest-yayinlari","10":"pa_yazar-okan-yilmaz","12":"first","13":"instock","14":"sale","15":"shipping-taxable","16":"purchasable","17":"product-type-simple"},"_links":{"self":[{"href":"https:\/\/roveyayinevi.com.tr\/index.php\/wp-json\/wp\/v2\/product\/766901","targetHints":{"allow":["GET"]}}],"collection":[{"href":"https:\/\/roveyayinevi.com.tr\/index.php\/wp-json\/wp\/v2\/product"}],"about":[{"href":"https:\/\/roveyayinevi.com.tr\/index.php\/wp-json\/wp\/v2\/types\/product"}],"wp:attachment":[{"href":"https:\/\/roveyayinevi.com.tr\/index.php\/wp-json\/wp\/v2\/media?parent=766901"}],"wp:term":[{"taxonomy":"product_brand","embeddable":true,"href":"https:\/\/roveyayinevi.com.tr\/index.php\/wp-json\/wp\/v2\/product_brand?post=766901"},{"taxonomy":"product_cat","embeddable":true,"href":"https:\/\/roveyayinevi.com.tr\/index.php\/wp-json\/wp\/v2\/product_cat?post=766901"},{"taxonomy":"product_tag","embeddable":true,"href":"https:\/\/roveyayinevi.com.tr\/index.php\/wp-json\/wp\/v2\/product_tag?post=766901"}],"curies":[{"name":"wp","href":"https:\/\/api.w.org\/{rel}","templated":true}]}}