{"id":766900,"date":"2025-08-28T12:29:31","date_gmt":"2025-08-28T09:29:31","guid":{"rendered":"https:\/\/roveyayinevi.com.tr\/index.php\/urun\/bana-hikayemizi-anlat\/"},"modified":"2026-04-15T03:32:41","modified_gmt":"2026-04-15T00:32:41","slug":"bana-hikayemizi-anlat","status":"publish","type":"product","link":"https:\/\/roveyayinevi.com.tr\/index.php\/urun\/bana-hikayemizi-anlat\/","title":{"rendered":"Bana Hikayemizi Anlat"},"content":{"rendered":"<p>\u201cYas tutman\u0131n bir par\u00e7as\u0131 da ge\u00e7mi\u015fi gerideb\u0131rakmakt\u0131r. Ama bilmedi\u011fin bir \u015feyi nas\u0131lgeride b\u0131rakabilirsin ki?\u201d Emma Saylor, k\u00fc\u00e7\u00fck ya\u015fta kaybetti\u011fi annesi hakk\u0131nda pek bir \u015feyhat\u0131rlamasa da annesinin hi\u00e7 dilinden d\u00fc\u015f\u00fcrmedi\u011fi o sonsuzlu\u011fukucakl\u0131yormu\u015f gibi g\u00f6r\u00fcnen, buz gibi berrak suyu ve etraf\u0131n\u0131\u00e7evreleyen a\u011fa\u00e7lar\u0131yla g\u00f6l hik\u00e2yelerini unutmam\u0131\u015ft\u0131r. Emma i\u00e7in aile kendisi, babas\u0131 ve b\u00fcy\u00fckannesinden ibarettir\u00e7\u00fcnk\u00fc \u00f6tesi ona hi\u00e7 anlat\u0131lmam\u0131\u015ft\u0131r. Ta ki hi\u00e7 beklemedi\u011fi biranda yaz\u0131 k\u00fc\u00e7\u00fckl\u00fc\u011f\u00fcnden beri g\u00f6rmedi\u011fi annesinin ailesiylege\u00e7irmek zorunda kalana kadar&#8230; North Lake\u2019e vard\u0131\u011f\u0131nda birbirinden g\u00f6r\u00fcnmez \u00e7izgilerle ayr\u0131lm\u0131\u015fbir topluluk g\u00f6r\u00fcr Emma. Bir tarafta annesinin de dahil oldu\u011fui\u015f\u00e7i s\u0131n\u0131f\u0131na ait North Lake, di\u011fer tarafta babas\u0131n\u0131n da yazlar\u0131dahil oldu\u011fu ve zenginlerin mesken tuttu\u011fu Lake North. Emma g\u00fcnlerini bu b\u00fcy\u00fcl\u00fc atmosferde ge\u00e7irdik\u00e7e kendisinin deikiye b\u00f6l\u00fcnd\u00fc\u011f\u00fcn\u00fc fark eder. Ge\u00e7mi\u015fin izlerini ararken kar\u015f\u0131la\u015ft\u0131\u011f\u0131\u00e7ocukluk arkada\u015f\u0131 Roo da ona yard\u0131mc\u0131 olacakt\u0131r \u00e7\u00fcnk\u00fc ge\u00e7mi\u015finanahtar\u0131n\u0131 ellerinde tutmaktad\u0131r. Peki ama babas\u0131n\u0131n k\u00fc\u00e7\u00fck k\u0131z\u0131 Emma, ruhundaki Saylor\u2019\u0131kucaklamaya haz\u0131r m\u0131d\u0131r?<\/p>\n","protected":false},"excerpt":{"rendered":"<p>\u201cYas tutman\u0131n bir par\u00e7as\u0131 da ge\u00e7mi\u015fi gerideb\u0131rakmakt\u0131r. Ama bilmedi\u011fin bir \u015feyi nas\u0131lgeride b\u0131rakabilirsin ki?\u201d Emma Saylor, k\u00fc\u00e7\u00fck ya\u015fta kaybetti\u011fi annesi hakk\u0131nda pek bir \u015feyhat\u0131rlamasa da annesinin<span class=\"excerpt-hellip\"> [\u2026]<\/span><\/p>\n","protected":false},"featured_media":0,"template":"","meta":{"_monsterinsights_skip_tracking":false,"_monsterinsights_sitenote_active":false,"_monsterinsights_sitenote_note":"","_monsterinsights_sitenote_category":0},"product_brand":[],"product_cat":[12291,12711],"product_tag":[],"class_list":{"0":"post-766900","1":"product","2":"type-product","3":"status-publish","5":"product_cat-edebiyat","6":"product_cat-roman-oyku","7":"pa_cilt-ciltsiz","8":"pa_tur-kitap","9":"pa_yayinevi-epsilon-yayinlari","10":"pa_yazar-sarah-dessen","12":"first","13":"instock","14":"sale","15":"shipping-taxable","16":"purchasable","17":"product-type-simple"},"_links":{"self":[{"href":"https:\/\/roveyayinevi.com.tr\/index.php\/wp-json\/wp\/v2\/product\/766900","targetHints":{"allow":["GET"]}}],"collection":[{"href":"https:\/\/roveyayinevi.com.tr\/index.php\/wp-json\/wp\/v2\/product"}],"about":[{"href":"https:\/\/roveyayinevi.com.tr\/index.php\/wp-json\/wp\/v2\/types\/product"}],"wp:attachment":[{"href":"https:\/\/roveyayinevi.com.tr\/index.php\/wp-json\/wp\/v2\/media?parent=766900"}],"wp:term":[{"taxonomy":"product_brand","embeddable":true,"href":"https:\/\/roveyayinevi.com.tr\/index.php\/wp-json\/wp\/v2\/product_brand?post=766900"},{"taxonomy":"product_cat","embeddable":true,"href":"https:\/\/roveyayinevi.com.tr\/index.php\/wp-json\/wp\/v2\/product_cat?post=766900"},{"taxonomy":"product_tag","embeddable":true,"href":"https:\/\/roveyayinevi.com.tr\/index.php\/wp-json\/wp\/v2\/product_tag?post=766900"}],"curies":[{"name":"wp","href":"https:\/\/api.w.org\/{rel}","templated":true}]}}