{"id":766898,"date":"2025-08-28T12:29:28","date_gmt":"2025-08-28T09:29:28","guid":{"rendered":"https:\/\/roveyayinevi.com.tr\/index.php\/urun\/adab-i-muaseret-gencler-icin\/"},"modified":"2026-04-15T03:32:41","modified_gmt":"2026-04-15T00:32:41","slug":"adab-i-muaseret-gencler-icin","status":"publish","type":"product","link":"https:\/\/roveyayinevi.com.tr\/index.php\/urun\/adab-i-muaseret-gencler-icin\/","title":{"rendered":"Adab-\u0131 Mua\u015feret &#8211; Gen\u00e7ler \u0130\u00e7in"},"content":{"rendered":"<p>Hangi insanlar\u0131 daha \u00e7ok seviyoruz? Elbette nezaketli davrananlar\u0131&#8230; Hayat\u0131m\u0131za dokunan, iz b\u0131rakan bu de\u011ferler, insan olman\u0131n en g\u00fczel yans\u0131malar\u0131d\u0131r. \u201cEdep\u201d, \u201cnezaket\u201d, \u201cg\u00f6rg\u00fc\u201d gibi kavramlar, hayat\u0131 anlaml\u0131 k\u0131lar. Bu kitap, gen\u00e7lere bu de\u011ferlerin \u00f6nemini anlat\u0131yor ve g\u00fcnl\u00fck ya\u015famda nas\u0131l uygulanaca\u011f\u0131n\u0131 g\u00f6steriyor. Adab-\u0131 mua\u015feret, toplum i\u00e7inde sayg\u0131l\u0131 ve zarif bir duru\u015f sergilemeyi \u00f6\u011fretiyor. Bu kitap, Kur\u2019an-\u0131 Kerim ve Peygamberimizin \u00f6rnek ya\u015fam\u0131 \u0131\u015f\u0131\u011f\u0131nda, g\u00f6rg\u00fc kurallar\u0131n\u0131n insan hayat\u0131ndaki yerini ke\u015ffetmek isteyen gen\u00e7ler i\u00e7in kaleme al\u0131nd\u0131. Gen\u00e7li\u011fe yol g\u00f6sterecek bu eser, hayat boyu ba\u015fucunuzda olacak bir rehber. Nezaket dolu bir ya\u015fam\u0131n kap\u0131lar\u0131n\u0131 aralamaya haz\u0131r m\u0131s\u0131n\u0131z?<\/p>\n","protected":false},"excerpt":{"rendered":"<p>Hangi insanlar\u0131 daha \u00e7ok seviyoruz? Elbette nezaketli davrananlar\u0131&#8230; Hayat\u0131m\u0131za dokunan, iz b\u0131rakan bu de\u011ferler, insan olman\u0131n en g\u00fczel yans\u0131malar\u0131d\u0131r. \u201cEdep\u201d, \u201cnezaket\u201d, \u201cg\u00f6rg\u00fc\u201d gibi kavramlar, hayat\u0131 anlaml\u0131<span class=\"excerpt-hellip\"> [\u2026]<\/span><\/p>\n","protected":false},"featured_media":0,"template":"","meta":{"_monsterinsights_skip_tracking":false,"_monsterinsights_sitenote_active":false,"_monsterinsights_sitenote_note":"","_monsterinsights_sitenote_category":0},"product_brand":[],"product_cat":[12718,12719],"product_tag":[],"class_list":{"0":"post-766898","1":"product","2":"type-product","3":"status-publish","5":"product_cat-din","6":"product_cat-islam","7":"pa_cilt-ciltsiz","8":"pa_tur-kitap","9":"pa_yayinevi-foliant-yayinlari","10":"pa_yazar-ibrahim-unal","12":"first","13":"instock","14":"sale","15":"shipping-taxable","16":"purchasable","17":"product-type-simple"},"_links":{"self":[{"href":"https:\/\/roveyayinevi.com.tr\/index.php\/wp-json\/wp\/v2\/product\/766898","targetHints":{"allow":["GET"]}}],"collection":[{"href":"https:\/\/roveyayinevi.com.tr\/index.php\/wp-json\/wp\/v2\/product"}],"about":[{"href":"https:\/\/roveyayinevi.com.tr\/index.php\/wp-json\/wp\/v2\/types\/product"}],"wp:attachment":[{"href":"https:\/\/roveyayinevi.com.tr\/index.php\/wp-json\/wp\/v2\/media?parent=766898"}],"wp:term":[{"taxonomy":"product_brand","embeddable":true,"href":"https:\/\/roveyayinevi.com.tr\/index.php\/wp-json\/wp\/v2\/product_brand?post=766898"},{"taxonomy":"product_cat","embeddable":true,"href":"https:\/\/roveyayinevi.com.tr\/index.php\/wp-json\/wp\/v2\/product_cat?post=766898"},{"taxonomy":"product_tag","embeddable":true,"href":"https:\/\/roveyayinevi.com.tr\/index.php\/wp-json\/wp\/v2\/product_tag?post=766898"}],"curies":[{"name":"wp","href":"https:\/\/api.w.org\/{rel}","templated":true}]}}