{"id":766897,"date":"2025-08-28T12:29:27","date_gmt":"2025-08-28T09:29:27","guid":{"rendered":"https:\/\/roveyayinevi.com.tr\/index.php\/urun\/gunahlar-dile-geldi\/"},"modified":"2026-04-15T03:32:41","modified_gmt":"2026-04-15T00:32:41","slug":"gunahlar-dile-geldi","status":"publish","type":"product","link":"https:\/\/roveyayinevi.com.tr\/index.php\/urun\/gunahlar-dile-geldi\/","title":{"rendered":"G\u00fcnahlar Dile Geldi"},"content":{"rendered":"<p>\u201c\u015eu a\u011faca yakla\u015fmay\u0131n yoksa zalimlerden olursunuz.&#8221; (Bakara, 2\/35) Sadece \u00c2dem\u2019e de\u011fil, \u00e2demo\u011fluna da yasaklanan a\u011fa\u00e7 benim. \u00c2dem\u2019i cennetten kovduran, \u00e2demo\u011flunu da cennette bar\u0131nd\u0131rmamaya azmetmi\u015f gizli ama\u00e7 benim. Batakl\u0131\u011f\u0131 and\u0131ran, \u00e7\u0131rp\u0131nan\u0131 bo\u011fduk\u00e7a bo\u011fan yasak elma benim. Ruhlarda huzur b\u0131rakmayan \u015feytan ile yap\u0131lan \u00f6zel anla\u015fma benim. \u201cAh\u201d benim, \u201cEyvah!\u201d benim, \u201cYaz\u0131k, g\u00fcnah!\u201d benim. \u201cEy insan! Kerim olan Rabbine kar\u015f\u0131 nedir seni aldatan?\u201d (\u0130nfit\u00e2r, 82\/6) Ey insan! D\u00fc\u015fmedi mi \u00c2dem g\u00f6klerden? Kovulmad\u0131 m\u0131 ebed\u00ee olan cennetten? Ey insan! Azaptan korkuyorsun da g\u00fcnahlar\u0131 kalbine nas\u0131l al\u0131yorsun? Sevaba ihtiyac\u0131n oldu\u011funu biliyorsun da amelsiz nas\u0131l kal\u0131yorsun? Ey insan! Senin mi g\u00fcnah yoksa benim mi? Sen mi daha g\u00fcnahk\u00e2rs\u0131n yoksa avanelerim mi? Ey insan! E\u011fer g\u00fcnahlar koku verseydi kimse kimsenin yan\u0131na yakla\u015fmazd\u0131. Bilseydi insano\u011flu ba\u015f\u0131na gelecekleri bu kadar haddi a\u015fmazd\u0131. Bu kitap ki g\u00fcnahlar\u0131n g\u00fcnah \u00e7\u0131karmas\u0131d\u0131r. Bu kitap ki g\u00fcnahlar\u0131n dile gelip insanl\u0131\u011f\u0131 uyarmas\u0131d\u0131r.<\/p>\n","protected":false},"excerpt":{"rendered":"<p>\u201c\u015eu a\u011faca yakla\u015fmay\u0131n yoksa zalimlerden olursunuz.&#8221; (Bakara, 2\/35) Sadece \u00c2dem\u2019e de\u011fil, \u00e2demo\u011fluna da yasaklanan a\u011fa\u00e7 benim. \u00c2dem\u2019i cennetten kovduran, \u00e2demo\u011flunu da cennette bar\u0131nd\u0131rmamaya azmetmi\u015f gizli ama\u00e7<span class=\"excerpt-hellip\"> [\u2026]<\/span><\/p>\n","protected":false},"featured_media":0,"template":"","meta":{"_monsterinsights_skip_tracking":false,"_monsterinsights_sitenote_active":false,"_monsterinsights_sitenote_note":"","_monsterinsights_sitenote_category":0},"product_brand":[],"product_cat":[12718,12719],"product_tag":[],"class_list":{"0":"post-766897","1":"product","2":"type-product","3":"status-publish","5":"product_cat-din","6":"product_cat-islam","7":"pa_cilt-ciltsiz","8":"pa_tur-kitap","9":"pa_yayinevi-foliant-yayinlari","10":"pa_yazar-kolektif","12":"first","13":"instock","14":"sale","15":"shipping-taxable","16":"purchasable","17":"product-type-simple"},"_links":{"self":[{"href":"https:\/\/roveyayinevi.com.tr\/index.php\/wp-json\/wp\/v2\/product\/766897","targetHints":{"allow":["GET"]}}],"collection":[{"href":"https:\/\/roveyayinevi.com.tr\/index.php\/wp-json\/wp\/v2\/product"}],"about":[{"href":"https:\/\/roveyayinevi.com.tr\/index.php\/wp-json\/wp\/v2\/types\/product"}],"wp:attachment":[{"href":"https:\/\/roveyayinevi.com.tr\/index.php\/wp-json\/wp\/v2\/media?parent=766897"}],"wp:term":[{"taxonomy":"product_brand","embeddable":true,"href":"https:\/\/roveyayinevi.com.tr\/index.php\/wp-json\/wp\/v2\/product_brand?post=766897"},{"taxonomy":"product_cat","embeddable":true,"href":"https:\/\/roveyayinevi.com.tr\/index.php\/wp-json\/wp\/v2\/product_cat?post=766897"},{"taxonomy":"product_tag","embeddable":true,"href":"https:\/\/roveyayinevi.com.tr\/index.php\/wp-json\/wp\/v2\/product_tag?post=766897"}],"curies":[{"name":"wp","href":"https:\/\/api.w.org\/{rel}","templated":true}]}}