{"id":766896,"date":"2025-08-28T12:29:25","date_gmt":"2025-08-28T09:29:25","guid":{"rendered":"https:\/\/roveyayinevi.com.tr\/index.php\/urun\/yalnizca-sanatcilar-vardir\/"},"modified":"2026-04-15T03:32:41","modified_gmt":"2026-04-15T00:32:41","slug":"yalnizca-sanatcilar-vardir","status":"publish","type":"product","link":"https:\/\/roveyayinevi.com.tr\/index.php\/urun\/yalnizca-sanatcilar-vardir\/","title":{"rendered":"Yaln\u0131zca Sanat\u00e7\u0131lar Vard\u0131r"},"content":{"rendered":"<p>Gombrich, \u201cSanat\u201d ad\u0131 verilen bir \u015fey yoktur asl\u0131nda, \u201cyaln\u0131zca sanat\u00e7\u0131lar vard\u0131r\u201d derken bireyi s\u0131radanl\u0131ktan \u00e7\u0131kararak sanat\u00e7\u0131 yapan \u015feyin sanat\u0131n ta kendisi oldu\u011funu vurgulamaktayd\u0131. Goethe de\u011fil miydi \u201cYarat Ey Sanat\u00e7\u0131!&#8230;\u201d diyen? T\u0131pk\u0131 hava gibi, g\u00f6r\u00fcnmeyen ama varl\u0131\u011f\u0131 duyumsanan bir kavram\u2026 \u0130nsanl\u0131\u011f\u0131n binlerce y\u0131ll\u0131k ge\u00e7mi\u015fi i\u00e7inde akl\u0131 \u00f6nceleyen, toplumu uyand\u0131rmak i\u015flevini ta\u015f\u0131yan olu\u015fum\u2026 Ressam-Yazar A. Celal Binzet\u2019in \u00e7ocukluk ve gen\u00e7lik y\u0131llar\u0131ndan ba\u015flayarak alg\u0131lad\u0131\u011f\u0131 ve \u00f6rd\u00fc\u011f\u00fc, geni\u015f \u00e7evresini aktard\u0131\u011f\u0131 an\u0131lar\u0131, i\u015fte b\u00f6yle bir sanat\u00e7\u0131ya anlat\u0131rken, di\u011fer insanlar\u0131n ya\u015famlar\u0131na ili\u015fkin g\u00f6zlemler de i\u00e7eriyor: Kendisini, kendisini olu\u015fturanlar\u0131 ve birlikte var oldu\u011fu, duyumsad\u0131\u011f\u0131, bilgi edindi\u011fi, etkilendi\u011fi insanlar\u0131\u2026 An\u0131lar\u0131 d\u00f6nemlerin havas\u0131yla, d\u00f6nemleri sanat\u00e7\u0131lar\u0131n ya\u015famlar\u0131yla, ya\u015famlar\u0131 ince ayr\u0131nt\u0131larla bezenmi\u015f olan A. Celal Binzet, ressam\u0131n i\u015flevini yaz\u0131nla bulu\u015fturuyor. Ya\u015fam\u0131n\u0131 ve ya\u015fam\u0131 \u00f6yk\u00fcl\u00fcyor ve \u015f\u00f6yle sesleniyor: \u201cSanat uzun bir yolculuktur, klasik anlamda bir mesaisi yoktur. \u00d6ncesiz ve sonsuz. \u0130nsanl\u0131kla birlikte var olan ve hep s\u00fcrecek bir ser\u00fcven\u2026 Sanat odakl\u0131 olaylar\u0131 anlatmaya kalkmak olduk\u00e7a b\u00fcy\u00fck bir y\u00fck. Sanat\u00e7\u0131 ad\u0131n\u0131 ta\u015f\u0131yan insanlar\u0131 s\u0131radanl\u0131ktan kurtaran nokta, yaratt\u0131klar\u0131 d\u00fcnyay\u0131 farkl\u0131 bir bak\u0131\u015f a\u00e7\u0131s\u0131 i\u00e7inde ortaya s\u00fcrmeleridir. O farkl\u0131l\u0131k nedeniyle \u00f6tekilerden kolayca ayr\u0131l\u0131rlar.\u201d <\/p>\n","protected":false},"excerpt":{"rendered":"<p>Gombrich, \u201cSanat\u201d ad\u0131 verilen bir \u015fey yoktur asl\u0131nda, \u201cyaln\u0131zca sanat\u00e7\u0131lar vard\u0131r\u201d derken bireyi s\u0131radanl\u0131ktan \u00e7\u0131kararak sanat\u00e7\u0131 yapan \u015feyin sanat\u0131n ta kendisi oldu\u011funu vurgulamaktayd\u0131. Goethe de\u011fil miydi<span class=\"excerpt-hellip\"> [\u2026]<\/span><\/p>\n","protected":false},"featured_media":0,"template":"","meta":{"_monsterinsights_skip_tracking":false,"_monsterinsights_sitenote_active":false,"_monsterinsights_sitenote_note":"","_monsterinsights_sitenote_category":0},"product_brand":[],"product_cat":[12408],"product_tag":[],"class_list":{"0":"post-766896","1":"product","2":"type-product","3":"status-publish","5":"product_cat-sanat","6":"pa_cilt-ciltsiz","7":"pa_tur-kitap","8":"pa_yayinevi-cumhuriyet-kitaplari","9":"pa_yazar-a-celal-binzet","11":"first","12":"instock","13":"sale","14":"shipping-taxable","15":"purchasable","16":"product-type-simple"},"_links":{"self":[{"href":"https:\/\/roveyayinevi.com.tr\/index.php\/wp-json\/wp\/v2\/product\/766896","targetHints":{"allow":["GET"]}}],"collection":[{"href":"https:\/\/roveyayinevi.com.tr\/index.php\/wp-json\/wp\/v2\/product"}],"about":[{"href":"https:\/\/roveyayinevi.com.tr\/index.php\/wp-json\/wp\/v2\/types\/product"}],"wp:attachment":[{"href":"https:\/\/roveyayinevi.com.tr\/index.php\/wp-json\/wp\/v2\/media?parent=766896"}],"wp:term":[{"taxonomy":"product_brand","embeddable":true,"href":"https:\/\/roveyayinevi.com.tr\/index.php\/wp-json\/wp\/v2\/product_brand?post=766896"},{"taxonomy":"product_cat","embeddable":true,"href":"https:\/\/roveyayinevi.com.tr\/index.php\/wp-json\/wp\/v2\/product_cat?post=766896"},{"taxonomy":"product_tag","embeddable":true,"href":"https:\/\/roveyayinevi.com.tr\/index.php\/wp-json\/wp\/v2\/product_tag?post=766896"}],"curies":[{"name":"wp","href":"https:\/\/api.w.org\/{rel}","templated":true}]}}