{"id":766893,"date":"2025-08-28T12:29:19","date_gmt":"2025-08-28T09:29:19","guid":{"rendered":"https:\/\/roveyayinevi.com.tr\/index.php\/urun\/cikmaz\/"},"modified":"2026-04-03T03:23:57","modified_gmt":"2026-04-03T00:23:57","slug":"cikmaz","status":"publish","type":"product","link":"https:\/\/roveyayinevi.com.tr\/index.php\/urun\/cikmaz\/","title":{"rendered":"\u00c7\u0131kmaz"},"content":{"rendered":"<p>Aile foto\u011fraflar\u0131nda e\u011freti duran o\u011fullar ve babalar\u0131, onlar\u0131 g\u00f6rd\u00fck\u00e7e kahrolan analar\u0131, karde\u015fi i\u00e7in iki kere g\u00f6r\u00fcp kahrolan ablalar, karde\u015fi g\u00f6remesin diye \u00e7abalayan abiler, bir g\u00fcn bitece\u011fine inan\u0131lan \u00f6m\u00fcrl\u00fck arkada\u015fl\u0131klar ve s\u0131rf sevdi\u011fi kad\u0131n sevinsin diye k\u0131rm\u0131z\u0131 g\u00fcl\u00fc \u201cbeyaz\u201d varsayan gen\u00e7 adamlar\u2026 Hepsi ayn\u0131 sokaktalar ve hepsi bu beyaz yalana kanmak i\u00e7in haz\u0131r oldalar. Muhte\u015fem, s\u00fcr\u00fckleyici, ola\u011fan\u00fcst\u00fc bir eser\u2026 <\/p>\n","protected":false},"excerpt":{"rendered":"<p>Aile foto\u011fraflar\u0131nda e\u011freti duran o\u011fullar ve babalar\u0131, onlar\u0131 g\u00f6rd\u00fck\u00e7e kahrolan analar\u0131, karde\u015fi i\u00e7in iki kere g\u00f6r\u00fcp kahrolan ablalar, karde\u015fi g\u00f6remesin diye \u00e7abalayan abiler, bir g\u00fcn bitece\u011fine<span class=\"excerpt-hellip\"> [\u2026]<\/span><\/p>\n","protected":false},"featured_media":0,"template":"","meta":{"_monsterinsights_skip_tracking":false,"_monsterinsights_sitenote_active":false,"_monsterinsights_sitenote_note":"","_monsterinsights_sitenote_category":0},"product_brand":[],"product_cat":[12291,12711],"product_tag":[],"class_list":{"0":"post-766893","1":"product","2":"type-product","3":"status-publish","5":"product_cat-edebiyat","6":"product_cat-roman-oyku","7":"pa_cilt-ciltsiz","8":"pa_tur-kitap","9":"pa_yayinevi-alden-yayinlari","10":"pa_yazar-aylin-peksert","12":"first","13":"instock","14":"sale","15":"shipping-taxable","16":"purchasable","17":"product-type-simple"},"_links":{"self":[{"href":"https:\/\/roveyayinevi.com.tr\/index.php\/wp-json\/wp\/v2\/product\/766893","targetHints":{"allow":["GET"]}}],"collection":[{"href":"https:\/\/roveyayinevi.com.tr\/index.php\/wp-json\/wp\/v2\/product"}],"about":[{"href":"https:\/\/roveyayinevi.com.tr\/index.php\/wp-json\/wp\/v2\/types\/product"}],"wp:attachment":[{"href":"https:\/\/roveyayinevi.com.tr\/index.php\/wp-json\/wp\/v2\/media?parent=766893"}],"wp:term":[{"taxonomy":"product_brand","embeddable":true,"href":"https:\/\/roveyayinevi.com.tr\/index.php\/wp-json\/wp\/v2\/product_brand?post=766893"},{"taxonomy":"product_cat","embeddable":true,"href":"https:\/\/roveyayinevi.com.tr\/index.php\/wp-json\/wp\/v2\/product_cat?post=766893"},{"taxonomy":"product_tag","embeddable":true,"href":"https:\/\/roveyayinevi.com.tr\/index.php\/wp-json\/wp\/v2\/product_tag?post=766893"}],"curies":[{"name":"wp","href":"https:\/\/api.w.org\/{rel}","templated":true}]}}