{"id":766885,"date":"2025-08-28T12:29:05","date_gmt":"2025-08-28T09:29:05","guid":{"rendered":"https:\/\/roveyayinevi.com.tr\/index.php\/urun\/benim-mi-simdi-bu-kanatlar\/"},"modified":"2026-04-15T03:32:41","modified_gmt":"2026-04-15T00:32:41","slug":"benim-mi-simdi-bu-kanatlar","status":"publish","type":"product","link":"https:\/\/roveyayinevi.com.tr\/index.php\/urun\/benim-mi-simdi-bu-kanatlar\/","title":{"rendered":"Benim mi \u015eimdi Bu Kanatlar?"},"content":{"rendered":"<p>Bazen kendi g\u00fcc\u00fcm\u00fcz\u00fcn fark\u0131na varamay\u0131z. \u0130\u015fte ben de kanatlar\u0131m\u0131n fark\u0131nda de\u011fildim. Kim bilir belki sen de hik\u00e2yemi okuduktan sonra fark\u0131nda olmad\u0131\u011f\u0131n bir \u00f6zelli\u011fini ke\u015ffedersin! Topla\u015f\u0131n! Doktor H\u0131mh\u0131m, Kadifekanat, Tiktak, Kartopu, Mavi\u015f ve \u00d6zg\u00fcrkanat\u2019la tan\u0131\u015fmak ister misiniz? \u00d6yleyse buyrun kitab\u0131n sayfalar\u0131na\u2026 \u00d6zg\u00fcrkanat size e\u011flenceli, k\u0131p\u0131r k\u0131p\u0131r bir hik\u00e2ye anlat\u0131yor. <\/p>\n","protected":false},"excerpt":{"rendered":"<p>Bazen kendi g\u00fcc\u00fcm\u00fcz\u00fcn fark\u0131na varamay\u0131z. \u0130\u015fte ben de kanatlar\u0131m\u0131n fark\u0131nda de\u011fildim. Kim bilir belki sen de hik\u00e2yemi okuduktan sonra fark\u0131nda olmad\u0131\u011f\u0131n bir \u00f6zelli\u011fini ke\u015ffedersin! Topla\u015f\u0131n! Doktor<span class=\"excerpt-hellip\"> [\u2026]<\/span><\/p>\n","protected":false},"featured_media":0,"template":"","meta":{"_monsterinsights_skip_tracking":false,"_monsterinsights_sitenote_active":false,"_monsterinsights_sitenote_note":"","_monsterinsights_sitenote_category":0},"product_brand":[],"product_cat":[12274,12284],"product_tag":[],"class_list":{"0":"post-766885","1":"product","2":"type-product","3":"status-publish","5":"product_cat-cocuk-ve-genclik-kitaplari","6":"product_cat-hikayeler","7":"pa_cilt-ciltsiz","8":"pa_tur-kitap","9":"pa_yayinevi-zizi-cocuk","10":"pa_yazar-ozlem-ates","12":"first","13":"instock","14":"sale","15":"shipping-taxable","16":"purchasable","17":"product-type-simple"},"_links":{"self":[{"href":"https:\/\/roveyayinevi.com.tr\/index.php\/wp-json\/wp\/v2\/product\/766885","targetHints":{"allow":["GET"]}}],"collection":[{"href":"https:\/\/roveyayinevi.com.tr\/index.php\/wp-json\/wp\/v2\/product"}],"about":[{"href":"https:\/\/roveyayinevi.com.tr\/index.php\/wp-json\/wp\/v2\/types\/product"}],"wp:attachment":[{"href":"https:\/\/roveyayinevi.com.tr\/index.php\/wp-json\/wp\/v2\/media?parent=766885"}],"wp:term":[{"taxonomy":"product_brand","embeddable":true,"href":"https:\/\/roveyayinevi.com.tr\/index.php\/wp-json\/wp\/v2\/product_brand?post=766885"},{"taxonomy":"product_cat","embeddable":true,"href":"https:\/\/roveyayinevi.com.tr\/index.php\/wp-json\/wp\/v2\/product_cat?post=766885"},{"taxonomy":"product_tag","embeddable":true,"href":"https:\/\/roveyayinevi.com.tr\/index.php\/wp-json\/wp\/v2\/product_tag?post=766885"}],"curies":[{"name":"wp","href":"https:\/\/api.w.org\/{rel}","templated":true}]}}