{"id":766884,"date":"2025-08-28T12:29:04","date_gmt":"2025-08-28T09:29:04","guid":{"rendered":"https:\/\/roveyayinevi.com.tr\/index.php\/urun\/yaratici-dusunme-ve-modern-ogrenme\/"},"modified":"2026-04-06T13:39:21","modified_gmt":"2026-04-06T10:39:21","slug":"yaratici-dusunme-ve-modern-ogrenme","status":"publish","type":"product","link":"https:\/\/roveyayinevi.com.tr\/index.php\/urun\/yaratici-dusunme-ve-modern-ogrenme\/","title":{"rendered":"Yarat\u0131c\u0131 D\u00fc\u015f\u00fcnme ve Modern \u00d6\u011frenme"},"content":{"rendered":"<p>Yeni d\u00fc\u015f\u00fcnceler, yeni al\u0131\u015ft\u0131rmalar ve yeni beceriler her ya\u015fta insan\u0131n beyin h\u00fccrelerinde yeni ba\u011flar ve yeni genler olu\u015ftururlar. Beynimizin bu geli\u015fme \u00f6zelli\u011fi, ancak \u00e7evremizden ve i\u00e7imizden gelen d\u00fcrt\u00fclere kulak verirsek; yani onlar\u0131n fark\u0131na var\u0131rsak ortaya \u00e7\u0131kabilir. Herkes kitaplardan yarat\u0131c\u0131 d\u00fc\u015f\u00fcnce \u00fczerine bilgiler edinebilir. Ancak nas\u0131l bisiklete binmek, bisiklete binenlere bakarak ya da bir film izleyerek \u00f6\u011frenilmiyorsa, kitaplardan al\u0131nan bilgilerle de insan yarat\u0131c\u0131 olam\u0131yor. Bisiklete binmeyi \u00f6\u011frenmek, nas\u0131l ki; dikkatli ve yorucu al\u0131\u015ft\u0131rmalar sonucunda m\u00fcmk\u00fcn oluyorsa, \u201cyarat\u0131c\u0131 d\u00fc\u015f\u00fcnme\u201d becerisi de, sistemli olarak yap\u0131lacak \u201c\u00f6\u011frenme, alg\u0131lama, etkileme, de\u011ferlendirme ve haf\u0131zaya alma\u201d gibi beyin jimnastikleri sonucunda geli\u015febilir. Bu kitap size yarat\u0131c\u0131 d\u00fc\u015f\u00fcnceler olu\u015fturman\u0131z i\u00e7in yard\u0131mc\u0131 olacakt\u0131r. Yarat\u0131c\u0131l\u0131k metotlar\u0131 ve haf\u0131zaya alma teknikleri \u00fczerine ilgin\u00e7 \u00f6rnekler size modern \u00f6\u011frenmenin yolunu a\u00e7acakt\u0131r. <\/p>\n","protected":false},"excerpt":{"rendered":"<p>Yeni d\u00fc\u015f\u00fcnceler, yeni al\u0131\u015ft\u0131rmalar ve yeni beceriler her ya\u015fta insan\u0131n beyin h\u00fccrelerinde yeni ba\u011flar ve yeni genler olu\u015ftururlar. Beynimizin bu geli\u015fme \u00f6zelli\u011fi, ancak \u00e7evremizden ve i\u00e7imizden<span class=\"excerpt-hellip\"> [\u2026]<\/span><\/p>\n","protected":false},"featured_media":0,"template":"","meta":{"_monsterinsights_skip_tracking":false,"_monsterinsights_sitenote_active":false,"_monsterinsights_sitenote_note":"","_monsterinsights_sitenote_category":0},"product_brand":[],"product_cat":[12566],"product_tag":[],"class_list":{"0":"post-766884","1":"product","2":"type-product","3":"status-publish","5":"product_cat-egitim","6":"pa_cilt-ciltsiz","7":"pa_tur-kitap","8":"pa_yayinevi-sinirsiz-kitap","9":"pa_yazar-ismail-kaplan","11":"first","12":"instock","13":"sale","14":"shipping-taxable","15":"purchasable","16":"product-type-simple"},"_links":{"self":[{"href":"https:\/\/roveyayinevi.com.tr\/index.php\/wp-json\/wp\/v2\/product\/766884","targetHints":{"allow":["GET"]}}],"collection":[{"href":"https:\/\/roveyayinevi.com.tr\/index.php\/wp-json\/wp\/v2\/product"}],"about":[{"href":"https:\/\/roveyayinevi.com.tr\/index.php\/wp-json\/wp\/v2\/types\/product"}],"wp:attachment":[{"href":"https:\/\/roveyayinevi.com.tr\/index.php\/wp-json\/wp\/v2\/media?parent=766884"}],"wp:term":[{"taxonomy":"product_brand","embeddable":true,"href":"https:\/\/roveyayinevi.com.tr\/index.php\/wp-json\/wp\/v2\/product_brand?post=766884"},{"taxonomy":"product_cat","embeddable":true,"href":"https:\/\/roveyayinevi.com.tr\/index.php\/wp-json\/wp\/v2\/product_cat?post=766884"},{"taxonomy":"product_tag","embeddable":true,"href":"https:\/\/roveyayinevi.com.tr\/index.php\/wp-json\/wp\/v2\/product_tag?post=766884"}],"curies":[{"name":"wp","href":"https:\/\/api.w.org\/{rel}","templated":true}]}}