{"id":766883,"date":"2025-08-28T12:29:03","date_gmt":"2025-08-28T09:29:03","guid":{"rendered":"https:\/\/roveyayinevi.com.tr\/index.php\/urun\/matematikte-kaybolmak\/"},"modified":"2026-04-15T03:32:40","modified_gmt":"2026-04-15T00:32:40","slug":"matematikte-kaybolmak","status":"publish","type":"product","link":"https:\/\/roveyayinevi.com.tr\/index.php\/urun\/matematikte-kaybolmak\/","title":{"rendered":"Matematikte Kaybolmak"},"content":{"rendered":"<p>Fizik\u00e7iler, ister kara deliklerin varl\u0131\u011f\u0131 \u00fczerine d\u00fc\u015f\u00fcn\u00fcyor ister maddenin do\u011fas\u0131n\u0131 inceliyor olsunlar, en iyi kuramlar\u0131n g\u00fczel, basit ve zarif oldu\u011funa inan\u0131rlar. Ama ne yaz\u0131k ki, fizik\u00e7i Sabine Hossenfelder\u2019in savundu\u011fu gibi, bu standartlar, fizikte k\u0131rk y\u0131ld\u0131r \u00f6nemli bir kuramsal at\u0131l\u0131m yap\u0131lamamas\u0131na yol a\u00e7m\u0131\u015ft\u0131r. Hossenfelder Matematikte Kaybolmak\u2019ta, g\u00fczellik kayg\u0131s\u0131n\u0131n do\u011fal d\u00fcnyay\u0131 oldu\u011fu gibi g\u00f6rmekten bizi nas\u0131l al\u0131koydu\u011funu a\u00e7\u0131kl\u0131yor. Estetik \u00f6l\u00e7\u00fctlerin k\u0131lavuzlu\u011funu benimseyen fizik\u00e7iler, ak\u0131llara durgunluk veren kuramlar geli\u015ftirdi, onlarca par\u00e7ac\u0131k icat etti ve uzay\u0131n birbirinden uzak noktalar\u0131n\u0131n solucan delikleriyle ba\u011flant\u0131l\u0131 oldu\u011funu ilan etti. Ancak bunlar\u0131n neredeyse hi\u00e7birisi g\u00f6zlemlerle do\u011frulanamad\u0131; asl\u0131na bak\u0131l\u0131rsa \u00e7o\u011fu s\u0131nanabilir hale bile gelmedi. Bu k\u0131s\u0131rd\u00f6ng\u00fcden \u00e7\u0131kabilmek i\u00e7in fizik\u00e7ilerin kuramlar\u0131n\u0131 in\u015fa etme bi\u00e7imlerini g\u00f6zden ge\u00e7irmeleri gerekecek. Matematikte Kaybolmak\u2019\u0131n g\u00f6sterdi\u011fi gibi, bilim insanlar\u0131, evrenle ilgili ger\u00e7ekleri ancak karga\u015fay\u0131 ve karma\u015fay\u0131 benimseyerek elde edebilecek.   \u201cK\u0131\u015fk\u0131rt\u0131c\u0131 bir kitap.\u201d \u2013New York Times   \u201cHossenfelder\u2019e g\u00f6re Einstein ve benzer \u015fekilde \u00e7al\u0131\u015fan di\u011ferleri, canl\u0131 ve k\u0131\u015fk\u0131rt\u0131c\u0131 kitab\u0131n\u0131n ba\u015fl\u0131\u011f\u0131 gibi \u2018matematikte kaybolmu\u015flar\u2019.\u201d \u2013Wall Street Journal   \u201cHossenfelder\u2019in, kuantum mekani\u011fi ve g\u00fczellik gibi b\u00fcy\u00fck sorular\u0131 e\u011flenceli ve b\u00fcy\u00fcleyici bir \u015fekilde ele al\u0131yor.\u201d \u2013Popular Science <\/p>\n","protected":false},"excerpt":{"rendered":"<p>Fizik\u00e7iler, ister kara deliklerin varl\u0131\u011f\u0131 \u00fczerine d\u00fc\u015f\u00fcn\u00fcyor ister maddenin do\u011fas\u0131n\u0131 inceliyor olsunlar, en iyi kuramlar\u0131n g\u00fczel, basit ve zarif oldu\u011funa inan\u0131rlar. Ama ne yaz\u0131k ki, fizik\u00e7i<span class=\"excerpt-hellip\"> [\u2026]<\/span><\/p>\n","protected":false},"featured_media":0,"template":"","meta":{"_monsterinsights_skip_tracking":false,"_monsterinsights_sitenote_active":false,"_monsterinsights_sitenote_note":"","_monsterinsights_sitenote_category":0},"product_brand":[],"product_cat":[13005,16724],"product_tag":[],"class_list":{"0":"post-766883","1":"product","2":"type-product","3":"status-publish","5":"product_cat-bilim-muhendislik","6":"product_cat-matematik","7":"pa_cilt-ciltsiz","8":"pa_tur-kitap","9":"pa_yayinevi-alfa-yayinlari","10":"pa_yazar-sabine-hossenfelder","12":"first","13":"instock","14":"sale","15":"shipping-taxable","16":"purchasable","17":"product-type-simple"},"_links":{"self":[{"href":"https:\/\/roveyayinevi.com.tr\/index.php\/wp-json\/wp\/v2\/product\/766883","targetHints":{"allow":["GET"]}}],"collection":[{"href":"https:\/\/roveyayinevi.com.tr\/index.php\/wp-json\/wp\/v2\/product"}],"about":[{"href":"https:\/\/roveyayinevi.com.tr\/index.php\/wp-json\/wp\/v2\/types\/product"}],"wp:attachment":[{"href":"https:\/\/roveyayinevi.com.tr\/index.php\/wp-json\/wp\/v2\/media?parent=766883"}],"wp:term":[{"taxonomy":"product_brand","embeddable":true,"href":"https:\/\/roveyayinevi.com.tr\/index.php\/wp-json\/wp\/v2\/product_brand?post=766883"},{"taxonomy":"product_cat","embeddable":true,"href":"https:\/\/roveyayinevi.com.tr\/index.php\/wp-json\/wp\/v2\/product_cat?post=766883"},{"taxonomy":"product_tag","embeddable":true,"href":"https:\/\/roveyayinevi.com.tr\/index.php\/wp-json\/wp\/v2\/product_tag?post=766883"}],"curies":[{"name":"wp","href":"https:\/\/api.w.org\/{rel}","templated":true}]}}