{"id":766882,"date":"2025-08-28T12:29:01","date_gmt":"2025-08-28T09:29:01","guid":{"rendered":"https:\/\/roveyayinevi.com.tr\/index.php\/urun\/modern-kapitalizm\/"},"modified":"2026-04-15T03:32:40","modified_gmt":"2026-04-15T00:32:40","slug":"modern-kapitalizm","status":"publish","type":"product","link":"https:\/\/roveyayinevi.com.tr\/index.php\/urun\/modern-kapitalizm\/","title":{"rendered":"Modern Kapitalizm"},"content":{"rendered":"<p>Werner Sombart ba\u015fyap\u0131t\u0131 Modern Kapitalizm\u2019i tamamlad\u0131\u011f\u0131nda eserin uyand\u0131rd\u0131\u011f\u0131 ilk izlenim, sosyal bilimlerin bu \u00e7\u0131\u011f\u0131r a\u00e7\u0131c\u0131 eseri, bir Balzac roman\u0131ndan, bir Shakespeare oyunundan ya da Brughel\u2019in ayr\u0131nt\u0131lara n\u00fcfuz eden genel bir insanl\u0131k resminden pek de farks\u0131z de\u011fildir.   Sombart i\u00e7inde bulunulan ekonomik evreni (yani b\u00fcy\u00fck bir bo\u015flu\u011fu) 11. y\u00fczy\u0131ldan itibaren ele al\u0131r. Ki\u015fisel ve sosyal ya\u015famdaki bu uzun ve sert d\u00f6n\u00fc\u015f\u00fcm\u00fc anlat\u0131rken kapitalizmi belli bir zaman \u00e7izgisine yerle\u015ftirir. \u0130nsanl\u0131k elbette bug\u00fcnk\u00fc d\u00f6nemden \u00e7ok farkl\u0131 de\u011ferler ile tan\u0131\u015fm\u0131\u015ft\u0131. Geleneksel bir ortamda zanaatk\u00e2rlara dayal\u0131, ki\u015filerin ustal\u0131k ve yeteneklerini gerektiren g\u00f6rece mutlu bir ya\u015fam, sonras\u0131nda yerini tek bir g\u00fcc\u00fcn hemen her \u015feyi kontrol edip mekanikle\u015ftirdi\u011fi bir d\u00fcnyaya terk etmi\u015ftir. Sombart Orta\u00e7a\u011f\u2019dan g\u00fcn\u00fcm\u00fcze modern kapitalizmin hangi ko\u015fullar alt\u0131nda do\u011fdu\u011funu son derece nesnel bir dille anlat\u0131r. \u201cKapitalist ruhu\u201d [spiritus Capitalisticus] ve dolay\u0131s\u0131yla sahip olma i\u00e7g\u00fcd\u00fcs\u00fcn\u00fc, s\u0131n\u0131rs\u0131zl\u0131\u011f\u0131 ve h\u00fckmetme g\u00fcc\u00fcn\u00fc tarihsel ko\u015fullar i\u00e7inde de\u011ferlendirir.   Sombart eser boyunca belge ve kay\u0131tlara, rapor ve istatistiklere dayan\u0131r. Ger\u00e7ek\u00e7i ve g\u00fcndelik bir ya\u015famdan ayr\u0131lmaz. \u0130malathane ve at\u00f6lyelerden, \u00e7e\u015fitli meslek gruplar\u0131ndan say\u0131s\u0131z \u00f6rnekler verir. \u015eehir hayat\u0131na ge\u00e7ilirken hemen her kesim bu b\u00fcy\u00fck d\u00f6n\u00fc\u015f\u00fcm\u00fc birlikte ya\u015fam\u0131\u015ft\u0131r. K\u0131rsal kesim ve yoksul s\u0131n\u0131flar kadar b\u00fcy\u00fck toprak sahipleri ve \u00fcnl\u00fc zengin aileler de yer al\u0131r bu tabloda.   Sonu\u00e7ta Avrupa tarihinin en ger\u00e7ek\u00e7i resimlerinden biri Werner Sombart\u2019\u0131n Modern Kapitalizm adl\u0131 eserinde bir araya gelir. <\/p>\n","protected":false},"excerpt":{"rendered":"<p>Werner Sombart ba\u015fyap\u0131t\u0131 Modern Kapitalizm\u2019i tamamlad\u0131\u011f\u0131nda eserin uyand\u0131rd\u0131\u011f\u0131 ilk izlenim, sosyal bilimlerin bu \u00e7\u0131\u011f\u0131r a\u00e7\u0131c\u0131 eseri, bir Balzac roman\u0131ndan, bir Shakespeare oyunundan ya da Brughel\u2019in ayr\u0131nt\u0131lara<span class=\"excerpt-hellip\"> [\u2026]<\/span><\/p>\n","protected":false},"featured_media":0,"template":"","meta":{"_monsterinsights_skip_tracking":false,"_monsterinsights_sitenote_active":false,"_monsterinsights_sitenote_note":"","_monsterinsights_sitenote_category":0},"product_brand":[],"product_cat":[12324],"product_tag":[],"class_list":{"0":"post-766882","1":"product","2":"type-product","3":"status-publish","5":"product_cat-sosyoloji","6":"pa_cilt-ciltsiz","7":"pa_tur-kitap","8":"pa_yayinevi-dogu-bati-yayinlari","9":"pa_yazar-werner-sombart","11":"first","12":"instock","13":"sale","14":"shipping-taxable","15":"purchasable","16":"product-type-simple"},"_links":{"self":[{"href":"https:\/\/roveyayinevi.com.tr\/index.php\/wp-json\/wp\/v2\/product\/766882","targetHints":{"allow":["GET"]}}],"collection":[{"href":"https:\/\/roveyayinevi.com.tr\/index.php\/wp-json\/wp\/v2\/product"}],"about":[{"href":"https:\/\/roveyayinevi.com.tr\/index.php\/wp-json\/wp\/v2\/types\/product"}],"wp:attachment":[{"href":"https:\/\/roveyayinevi.com.tr\/index.php\/wp-json\/wp\/v2\/media?parent=766882"}],"wp:term":[{"taxonomy":"product_brand","embeddable":true,"href":"https:\/\/roveyayinevi.com.tr\/index.php\/wp-json\/wp\/v2\/product_brand?post=766882"},{"taxonomy":"product_cat","embeddable":true,"href":"https:\/\/roveyayinevi.com.tr\/index.php\/wp-json\/wp\/v2\/product_cat?post=766882"},{"taxonomy":"product_tag","embeddable":true,"href":"https:\/\/roveyayinevi.com.tr\/index.php\/wp-json\/wp\/v2\/product_tag?post=766882"}],"curies":[{"name":"wp","href":"https:\/\/api.w.org\/{rel}","templated":true}]}}