{"id":766880,"date":"2025-08-28T12:28:57","date_gmt":"2025-08-28T09:28:57","guid":{"rendered":"https:\/\/roveyayinevi.com.tr\/index.php\/urun\/gosterimde-olmayan-filmler\/"},"modified":"2026-04-15T03:32:40","modified_gmt":"2026-04-15T00:32:40","slug":"gosterimde-olmayan-filmler","status":"publish","type":"product","link":"https:\/\/roveyayinevi.com.tr\/index.php\/urun\/gosterimde-olmayan-filmler\/","title":{"rendered":"G\u00f6sterimde Olmayan Filmler"},"content":{"rendered":"<p>Cato\u2019nun do\u011fdu\u011fu g\u00fcn, annesi hayata veda etmi\u015ftir. Babas\u0131 ise genellikle mesafeli ve sessizdir. Bu durumu kan\u0131ksayan Cato kung-fu filmleri izleyerek, foto\u011fraf \u00e7ekerek ve evcil tav\u015fan\u0131 Beggar So\u2019yla oynayarak zaman ge\u00e7irir. Evde, terk edilmi\u015f, eski bir sinemadan gelen gizemli bir kart bulunca her \u015fey de\u011fi\u015fir. K\u0131sa s\u00fcre sonra Cato, tuhaf Bayan Kano\u2019yla tan\u0131\u015f\u0131r ve al\u0131\u015f\u0131lmad\u0131k t\u00fcrden bir sinema perdesi ke\u015ffeder: \u0130\u00e7inden ge\u00e7erek bir an\u0131ya ad\u0131m atman\u0131z\u0131 sa\u011flayan t\u00fcrden bir perdedir bu. B\u00f6ylece Cato zaman ve an\u0131lar aras\u0131nda m\u00fcthi\u015f bir yolculu\u011fa s\u00fcr\u00fcklenir. Bu yolculuk onu do\u011frudan kalbinin derinliklerine, kendisinden bile saklamay\u0131 ba\u015fard\u0131\u011f\u0131 bir yere g\u00f6t\u00fcrecektir.   S\u00fcrprizlerle dolu bu macera Cato\u2019ya sevginin, kayb\u0131nve y\u00fczle\u015fmenin ger\u00e7ek anlam\u0131n\u0131 \u00f6\u011fretecek, kendisinin ve babas\u0131n\u0131n hayatlar\u0131n\u0131 sonsuza dek de\u011fi\u015ftirecektir.<\/p>\n","protected":false},"excerpt":{"rendered":"<p>Cato\u2019nun do\u011fdu\u011fu g\u00fcn, annesi hayata veda etmi\u015ftir. Babas\u0131 ise genellikle mesafeli ve sessizdir. Bu durumu kan\u0131ksayan Cato kung-fu filmleri izleyerek, foto\u011fraf \u00e7ekerek ve evcil tav\u015fan\u0131 Beggar<span class=\"excerpt-hellip\"> [\u2026]<\/span><\/p>\n","protected":false},"featured_media":0,"template":"","meta":{"_monsterinsights_skip_tracking":false,"_monsterinsights_sitenote_active":false,"_monsterinsights_sitenote_note":"","_monsterinsights_sitenote_category":0},"product_brand":[],"product_cat":[12274,12284],"product_tag":[],"class_list":{"0":"post-766880","1":"product","2":"type-product","3":"status-publish","5":"product_cat-cocuk-ve-genclik-kitaplari","6":"product_cat-hikayeler","7":"pa_cilt-ciltsiz","8":"pa_tur-kitap","9":"pa_yayinevi-can-cocuk-yayinlari","10":"pa_yazar-yorick-goldewijk","12":"first","13":"instock","14":"sale","15":"shipping-taxable","16":"purchasable","17":"product-type-simple"},"_links":{"self":[{"href":"https:\/\/roveyayinevi.com.tr\/index.php\/wp-json\/wp\/v2\/product\/766880","targetHints":{"allow":["GET"]}}],"collection":[{"href":"https:\/\/roveyayinevi.com.tr\/index.php\/wp-json\/wp\/v2\/product"}],"about":[{"href":"https:\/\/roveyayinevi.com.tr\/index.php\/wp-json\/wp\/v2\/types\/product"}],"wp:attachment":[{"href":"https:\/\/roveyayinevi.com.tr\/index.php\/wp-json\/wp\/v2\/media?parent=766880"}],"wp:term":[{"taxonomy":"product_brand","embeddable":true,"href":"https:\/\/roveyayinevi.com.tr\/index.php\/wp-json\/wp\/v2\/product_brand?post=766880"},{"taxonomy":"product_cat","embeddable":true,"href":"https:\/\/roveyayinevi.com.tr\/index.php\/wp-json\/wp\/v2\/product_cat?post=766880"},{"taxonomy":"product_tag","embeddable":true,"href":"https:\/\/roveyayinevi.com.tr\/index.php\/wp-json\/wp\/v2\/product_tag?post=766880"}],"curies":[{"name":"wp","href":"https:\/\/api.w.org\/{rel}","templated":true}]}}