{"id":766877,"date":"2025-08-28T12:28:50","date_gmt":"2025-08-28T09:28:50","guid":{"rendered":"https:\/\/roveyayinevi.com.tr\/index.php\/urun\/karakatip\/"},"modified":"2026-04-15T03:32:40","modified_gmt":"2026-04-15T00:32:40","slug":"karakatip","status":"publish","type":"product","link":"https:\/\/roveyayinevi.com.tr\/index.php\/urun\/karakatip\/","title":{"rendered":"Karakatip"},"content":{"rendered":"<p>Kitaba kendi ad\u0131 Karak\u00e2tip\u2019i veren anlat\u0131c\u0131, bu t\u00fcyler \u00fcrpertici \u00f6yk\u00fclerde \u00e7e\u015fitli ki\u015filiklere b\u00fcr\u00fcn\u00fcyor. Ne var ki, on \u00fc\u00e7 \u00f6yk\u00fcn\u00fcn her birinde korkun\u00e7 s\u0131rlar\u0131 anlatan \u201cses\u201d hi\u00e7 de\u011fi\u015fmiyor. Karak\u00e2tip, \u00f6yk\u00fclerde anlat\u0131lanlar\u0131n kimi zaman tan\u0131\u011f\u0131, kimi zaman faili, kimi zaman kurban\u0131 olarak kar\u015f\u0131m\u0131za \u00e7\u0131karken, bu kasvetli ama ilgin\u00e7 ortamda bize yol g\u00f6steriyor. \u0130ster \u201clanetli\u201dlerin, ister \u201ciblis\u201din ya da \u201cd\u00fc\u015f g\u00f6ren\u201din, \u201c\u00e7ocuk\u201dun ya da \u201cad\u0131m\u0131z\u201d\u0131n sesi olsun, Karak\u00e2tip olanlar\u0131 Edgar Allan Poe ve Nathaniel Hawthorne\u2019un izinden giden bir bi\u00e7emde ve nitelikte aktar\u0131yor bizlere. Kendi ger\u00e7e\u011fimizin g\u00f6r\u00fcn\u00fcrdeki cephesinin hemen ard\u0131nda yer alan garip d\u00fcnyalar\u0131n imgeleri \u00f6n\u00fcm\u00fczde s\u0131ralan\u0131yor.   Karak\u00e2tip \u00e7a\u011fda\u015f korku edebiyat\u0131n\u0131n simge yazarlar\u0131ndan Thomas Ligotti\u2019nin elinizden d\u00fc\u015f\u00fcremeyece\u011finiz bir yap\u0131t\u0131. <\/p>\n","protected":false},"excerpt":{"rendered":"<p>Kitaba kendi ad\u0131 Karak\u00e2tip\u2019i veren anlat\u0131c\u0131, bu t\u00fcyler \u00fcrpertici \u00f6yk\u00fclerde \u00e7e\u015fitli ki\u015filiklere b\u00fcr\u00fcn\u00fcyor. Ne var ki, on \u00fc\u00e7 \u00f6yk\u00fcn\u00fcn her birinde korkun\u00e7 s\u0131rlar\u0131 anlatan \u201cses\u201d hi\u00e7<span class=\"excerpt-hellip\"> [\u2026]<\/span><\/p>\n","protected":false},"featured_media":0,"template":"","meta":{"_monsterinsights_skip_tracking":false,"_monsterinsights_sitenote_active":false,"_monsterinsights_sitenote_note":"","_monsterinsights_sitenote_category":0},"product_brand":[],"product_cat":[12291,12711],"product_tag":[],"class_list":{"0":"post-766877","1":"product","2":"type-product","3":"status-publish","5":"product_cat-edebiyat","6":"product_cat-roman-oyku","7":"pa_cilt-ciltsiz","8":"pa_tur-kitap","9":"pa_yayinevi-can-yayinlari","10":"pa_yazar-thomas-ligotti","12":"first","13":"instock","14":"sale","15":"shipping-taxable","16":"purchasable","17":"product-type-simple"},"_links":{"self":[{"href":"https:\/\/roveyayinevi.com.tr\/index.php\/wp-json\/wp\/v2\/product\/766877","targetHints":{"allow":["GET"]}}],"collection":[{"href":"https:\/\/roveyayinevi.com.tr\/index.php\/wp-json\/wp\/v2\/product"}],"about":[{"href":"https:\/\/roveyayinevi.com.tr\/index.php\/wp-json\/wp\/v2\/types\/product"}],"wp:attachment":[{"href":"https:\/\/roveyayinevi.com.tr\/index.php\/wp-json\/wp\/v2\/media?parent=766877"}],"wp:term":[{"taxonomy":"product_brand","embeddable":true,"href":"https:\/\/roveyayinevi.com.tr\/index.php\/wp-json\/wp\/v2\/product_brand?post=766877"},{"taxonomy":"product_cat","embeddable":true,"href":"https:\/\/roveyayinevi.com.tr\/index.php\/wp-json\/wp\/v2\/product_cat?post=766877"},{"taxonomy":"product_tag","embeddable":true,"href":"https:\/\/roveyayinevi.com.tr\/index.php\/wp-json\/wp\/v2\/product_tag?post=766877"}],"curies":[{"name":"wp","href":"https:\/\/api.w.org\/{rel}","templated":true}]}}