{"id":766876,"date":"2025-08-28T12:28:48","date_gmt":"2025-08-28T09:28:48","guid":{"rendered":"https:\/\/roveyayinevi.com.tr\/index.php\/urun\/iyiliksever\/"},"modified":"2026-04-15T03:32:40","modified_gmt":"2026-04-15T00:32:40","slug":"iyiliksever","status":"publish","type":"product","link":"https:\/\/roveyayinevi.com.tr\/index.php\/urun\/iyiliksever\/","title":{"rendered":"\u0130yiliksever"},"content":{"rendered":"<p>\u201cHen\u00fcz mutlulukla uzla\u015fam\u0131yorum. \u015eiddetli bir ironi g\u0131rtla\u011f\u0131m\u0131 s\u0131k\u0131yor. D\u00fc\u015flerimi ele ge\u00e7iriyor. Beni korkun\u00e7, faydas\u0131z eylemlere itiyor. Kendimi fazla ciddiye almama neden oluyor ve r\u00fcyalar\u0131mdaki su\u00e7 ortaklar\u0131 ile ak\u0131l hocalar\u0131 d\u0131\u015f\u0131nda, ba\u015fka birini ciddiye almam\u0131 engelleyerek son buluyor.\u201d   Al\u0131\u015f\u0131ld\u0131k insani h\u0131rslardan yoksun Hippolyte, zengin, ho\u015fg\u00f6r\u00fcl\u00fc babas\u0131 taraf\u0131ndan da desteklenen gen\u00e7 bir adamd\u0131r. \u00dcniversitenin \u00fc\u00e7\u00fcnc\u00fc s\u0131n\u0131f\u0131nda yazd\u0131\u011f\u0131 bir makale sayesinde arzulad\u0131\u011f\u0131 entelekt\u00fcel \u00e7evreyle tan\u0131\u015fma f\u0131rsat\u0131 bulur ve zaman\u0131n\u0131n \u00e7o\u011funu, bir\u00e7ok incelikli konu\u015fmac\u0131n\u0131n u\u011frak yeri olan Frau Anders\u2019in salonunda ge\u00e7irir. \u00c7ok ge\u00e7meden \u00fcniversite e\u011fitimini yar\u0131da b\u0131rak\u0131r. Daha sonralar\u0131 bir dizi rahats\u0131z edici r\u00fcya g\u00f6rmeye ba\u015flar ve bir karar verir: Bundan b\u00f6yle hayat\u0131n\u0131 yorumlamak i\u00e7in r\u00fcyalar\u0131n\u0131 kullanmak yerine, r\u00fcyalar\u0131n\u0131 yorumlamak i\u00e7in hayat\u0131n\u0131 kullanacakt\u0131r.   1963\u2019te yay\u0131mlanan ve e\u015fsiz bir yazar\u0131 d\u00fcnyaya duyuran \u0130yiliksever e\u011flenceli olmas\u0131n\u0131n yan\u0131 s\u0131ra rahats\u0131z edici ve derinlikli bir anti-roman.   \u201c\u00d6nemli bir yazar. \u00d6zellikle r\u00fcyalar\u0131 ve d\u00fc\u015f\u00fcnceleri ger\u00e7ek bir hik\u00e2yeye d\u00f6n\u00fc\u015ft\u00fcrme bi\u00e7imine hayran\u0131m.\u201d Hannah Arendt <\/p>\n","protected":false},"excerpt":{"rendered":"<p>\u201cHen\u00fcz mutlulukla uzla\u015fam\u0131yorum. \u015eiddetli bir ironi g\u0131rtla\u011f\u0131m\u0131 s\u0131k\u0131yor. D\u00fc\u015flerimi ele ge\u00e7iriyor. Beni korkun\u00e7, faydas\u0131z eylemlere itiyor. Kendimi fazla ciddiye almama neden oluyor ve r\u00fcyalar\u0131mdaki su\u00e7 ortaklar\u0131<span class=\"excerpt-hellip\"> [\u2026]<\/span><\/p>\n","protected":false},"featured_media":0,"template":"","meta":{"_monsterinsights_skip_tracking":false,"_monsterinsights_sitenote_active":false,"_monsterinsights_sitenote_note":"","_monsterinsights_sitenote_category":0},"product_brand":[],"product_cat":[12291,12711],"product_tag":[],"class_list":{"0":"post-766876","1":"product","2":"type-product","3":"status-publish","5":"product_cat-edebiyat","6":"product_cat-roman-oyku","7":"pa_cilt-ciltsiz","8":"pa_tur-kitap","9":"pa_yayinevi-can-yayinlari","10":"pa_yazar-susan-sontag","12":"first","13":"instock","14":"sale","15":"shipping-taxable","16":"purchasable","17":"product-type-simple"},"_links":{"self":[{"href":"https:\/\/roveyayinevi.com.tr\/index.php\/wp-json\/wp\/v2\/product\/766876","targetHints":{"allow":["GET"]}}],"collection":[{"href":"https:\/\/roveyayinevi.com.tr\/index.php\/wp-json\/wp\/v2\/product"}],"about":[{"href":"https:\/\/roveyayinevi.com.tr\/index.php\/wp-json\/wp\/v2\/types\/product"}],"wp:attachment":[{"href":"https:\/\/roveyayinevi.com.tr\/index.php\/wp-json\/wp\/v2\/media?parent=766876"}],"wp:term":[{"taxonomy":"product_brand","embeddable":true,"href":"https:\/\/roveyayinevi.com.tr\/index.php\/wp-json\/wp\/v2\/product_brand?post=766876"},{"taxonomy":"product_cat","embeddable":true,"href":"https:\/\/roveyayinevi.com.tr\/index.php\/wp-json\/wp\/v2\/product_cat?post=766876"},{"taxonomy":"product_tag","embeddable":true,"href":"https:\/\/roveyayinevi.com.tr\/index.php\/wp-json\/wp\/v2\/product_tag?post=766876"}],"curies":[{"name":"wp","href":"https:\/\/api.w.org\/{rel}","templated":true}]}}