{"id":766873,"date":"2025-08-28T12:28:43","date_gmt":"2025-08-28T09:28:43","guid":{"rendered":"https:\/\/roveyayinevi.com.tr\/index.php\/urun\/ilhamin-kanatlandigi-anlar\/"},"modified":"2026-04-15T03:32:40","modified_gmt":"2026-04-15T00:32:40","slug":"ilhamin-kanatlandigi-anlar","status":"publish","type":"product","link":"https:\/\/roveyayinevi.com.tr\/index.php\/urun\/ilhamin-kanatlandigi-anlar\/","title":{"rendered":"\u0130lham\u0131n Kanatland\u0131\u011f\u0131 Anlar"},"content":{"rendered":"<p>\u0130lham\u0131n Kanatland\u0131\u011f\u0131 Anlar, T\u00fcrk musikisine merakl\u0131 t\u00fcm okurlar i\u00e7in e\u015fsiz bir ba\u015fvuru kayna\u011f\u0131. Fikret Karakaya\u2019n\u0131n musikiye olan derin tutkusunun ve vukufunun yans\u0131d\u0131\u011f\u0131 bu eser, T\u00fcrk musikisinin ba\u015fl\u0131ca makamlar\u0131n\u0131 ve onlar\u0131n en parlak \u00f6rneklerini \u00f6zel bir dikkatle ele al\u0131yor. Her b\u00f6l\u00fcmde bir makam\u0131n tarihi ve m\u00fczikal yap\u0131s\u0131, b\u00fcy\u00fck bestek\u00e2rlar\u0131n b\u00fcy\u00fck eserleri \u00fczerinden anlat\u0131l\u0131yor. Karakaya, eserlerin yarat\u0131l\u0131\u015f s\u00fcrecini yaln\u0131zca bir sanat eseri olarak de\u011fil, nazar\u00ee bir perspektifle de ele alarak okuyucuya sunuyor. Her b\u00f6l\u00fcmde, makamlar\u0131n bile\u015fimi ve geli\u015fimi detayland\u0131r\u0131l\u0131rken, bestek\u00e2rlar\u0131n ilham dolu anlar\u0131na ve bu ilhamla \u015fekillenen eserlerin nas\u0131l b\u00fcy\u00fck sanat eserlerine d\u00f6n\u00fc\u015ft\u00fc\u011f\u00fcne dair kapsaml\u0131 bir analiz yap\u0131l\u0131yor. T\u00fcrk musikisinin y\u00fczy\u0131llara yay\u0131lm\u0131\u015f ser\u00fcvenini, bu sanat\u0131n \u201c\u015f\u00e2heserleri\u201d \u00fczerinden de\u011ferlendirmeyi hedefleyen bu kitap, yaln\u0131zca nota bilenlere de\u011fil, musikiyi \u00f6zellikle dinleyerek ve hissederek anlayanlara da rehberlik edecek. T\u00fcrk musikisi \u00fczerine d\u00fc\u015f\u00fcnmek ve derinle\u015fmek isteyen herkes i\u00e7in vazge\u00e7ilmez bir kaynak olan \u0130lham\u0131n Kanatland\u0131\u011f\u0131 Anlar, geleneksel musikimizin ruhunu ve inceliklerini olanca derinli\u011fiyle kavramak isteyenler i\u00e7in bir ba\u015fucu kitab\u0131d\u0131r. Vak\u0131fBank K\u00fclt\u00fcr Yay\u0131nlar\u0131, yaln\u0131z icrac\u0131lar\u0131, akademisyenleri ve musiki tutkunlar\u0131n\u0131 de\u011fil, b\u00fct\u00fcn entelekt\u00fcelleri kendine \u00e7ekecek olan bu eseri okurlar\u0131na sunmakla bahtiyard\u0131r. <\/p>\n","protected":false},"excerpt":{"rendered":"<p>\u0130lham\u0131n Kanatland\u0131\u011f\u0131 Anlar, T\u00fcrk musikisine merakl\u0131 t\u00fcm okurlar i\u00e7in e\u015fsiz bir ba\u015fvuru kayna\u011f\u0131. Fikret Karakaya\u2019n\u0131n musikiye olan derin tutkusunun ve vukufunun yans\u0131d\u0131\u011f\u0131 bu eser, T\u00fcrk musikisinin<span class=\"excerpt-hellip\"> [\u2026]<\/span><\/p>\n","protected":false},"featured_media":0,"template":"","meta":{"_monsterinsights_skip_tracking":false,"_monsterinsights_sitenote_active":false,"_monsterinsights_sitenote_note":"","_monsterinsights_sitenote_category":0},"product_brand":[],"product_cat":[12408],"product_tag":[],"class_list":{"0":"post-766873","1":"product","2":"type-product","3":"status-publish","5":"product_cat-sanat","6":"pa_cilt-ciltsiz","7":"pa_tur-kitap","8":"pa_yayinevi-vakifbank-kultur-yayinlari","9":"pa_yazar-fikret-karakaya","11":"first","12":"instock","13":"sale","14":"shipping-taxable","15":"purchasable","16":"product-type-simple"},"_links":{"self":[{"href":"https:\/\/roveyayinevi.com.tr\/index.php\/wp-json\/wp\/v2\/product\/766873","targetHints":{"allow":["GET"]}}],"collection":[{"href":"https:\/\/roveyayinevi.com.tr\/index.php\/wp-json\/wp\/v2\/product"}],"about":[{"href":"https:\/\/roveyayinevi.com.tr\/index.php\/wp-json\/wp\/v2\/types\/product"}],"wp:attachment":[{"href":"https:\/\/roveyayinevi.com.tr\/index.php\/wp-json\/wp\/v2\/media?parent=766873"}],"wp:term":[{"taxonomy":"product_brand","embeddable":true,"href":"https:\/\/roveyayinevi.com.tr\/index.php\/wp-json\/wp\/v2\/product_brand?post=766873"},{"taxonomy":"product_cat","embeddable":true,"href":"https:\/\/roveyayinevi.com.tr\/index.php\/wp-json\/wp\/v2\/product_cat?post=766873"},{"taxonomy":"product_tag","embeddable":true,"href":"https:\/\/roveyayinevi.com.tr\/index.php\/wp-json\/wp\/v2\/product_tag?post=766873"}],"curies":[{"name":"wp","href":"https:\/\/api.w.org\/{rel}","templated":true}]}}