{"id":766868,"date":"2025-08-28T12:28:32","date_gmt":"2025-08-28T09:28:32","guid":{"rendered":"https:\/\/roveyayinevi.com.tr\/index.php\/urun\/bir-siyer-mangasi-beklenen-1\/"},"modified":"2026-01-28T03:55:20","modified_gmt":"2026-01-28T00:55:20","slug":"bir-siyer-mangasi-beklenen-1","status":"publish","type":"product","link":"https:\/\/roveyayinevi.com.tr\/index.php\/urun\/bir-siyer-mangasi-beklenen-1\/","title":{"rendered":"Bir Siyer Mangas\u0131: Beklenen-1"},"content":{"rendered":"<p>Y\u00fczy\u0131llard\u0131r beklenendi O (s.a.v.). Yolu g\u00f6zlenen, hasretle \u00f6zlenen, geli\u015fine \u00fcmit ba\u011flanand\u0131. Peygamberimizin hayat\u0131n\u0131 anlatan ilk manga serisi! Soluk solu\u011fa akan bir kurgu, ak\u0131c\u0131 ve s\u00fcr\u00fckleyici bir anlat\u0131m, film sahnelerini aratmayan kareler. Siyer hi\u00e7 bu kadar canl\u0131 yaz\u0131lmad\u0131, gen\u00e7lerin d\u00fcnyas\u0131na bu kadar yak\u0131n anlat\u0131lmad\u0131. K\u00fct\u00fcphanenizin tozunu al\u0131n! Beklenen, \u015fimdi geliyor! <\/p>\n","protected":false},"excerpt":{"rendered":"<p>Y\u00fczy\u0131llard\u0131r beklenendi O (s.a.v.). Yolu g\u00f6zlenen, hasretle \u00f6zlenen, geli\u015fine \u00fcmit ba\u011flanand\u0131. Peygamberimizin hayat\u0131n\u0131 anlatan ilk manga serisi! Soluk solu\u011fa akan bir kurgu, ak\u0131c\u0131 ve s\u00fcr\u00fckleyici bir<span class=\"excerpt-hellip\"> [\u2026]<\/span><\/p>\n","protected":false},"featured_media":0,"template":"","meta":{"_monsterinsights_skip_tracking":false,"_monsterinsights_sitenote_active":false,"_monsterinsights_sitenote_note":"","_monsterinsights_sitenote_category":0},"product_brand":[],"product_cat":[12416,12291],"product_tag":[],"class_list":{"0":"post-766868","1":"product","2":"type-product","3":"status-publish","5":"product_cat-cizgi-roman","6":"product_cat-edebiyat","7":"pa_cilt-ciltsiz","8":"pa_tur-kitap","9":"pa_yayinevi-aile-yayinlari","10":"pa_yazar-omer-faruk-paksu","12":"first","13":"instock","14":"sale","15":"shipping-taxable","16":"purchasable","17":"product-type-simple"},"_links":{"self":[{"href":"https:\/\/roveyayinevi.com.tr\/index.php\/wp-json\/wp\/v2\/product\/766868","targetHints":{"allow":["GET"]}}],"collection":[{"href":"https:\/\/roveyayinevi.com.tr\/index.php\/wp-json\/wp\/v2\/product"}],"about":[{"href":"https:\/\/roveyayinevi.com.tr\/index.php\/wp-json\/wp\/v2\/types\/product"}],"wp:attachment":[{"href":"https:\/\/roveyayinevi.com.tr\/index.php\/wp-json\/wp\/v2\/media?parent=766868"}],"wp:term":[{"taxonomy":"product_brand","embeddable":true,"href":"https:\/\/roveyayinevi.com.tr\/index.php\/wp-json\/wp\/v2\/product_brand?post=766868"},{"taxonomy":"product_cat","embeddable":true,"href":"https:\/\/roveyayinevi.com.tr\/index.php\/wp-json\/wp\/v2\/product_cat?post=766868"},{"taxonomy":"product_tag","embeddable":true,"href":"https:\/\/roveyayinevi.com.tr\/index.php\/wp-json\/wp\/v2\/product_tag?post=766868"}],"curies":[{"name":"wp","href":"https:\/\/api.w.org\/{rel}","templated":true}]}}