{"id":766866,"date":"2025-08-28T12:28:29","date_gmt":"2025-08-28T09:28:29","guid":{"rendered":"https:\/\/roveyayinevi.com.tr\/index.php\/urun\/2025-astrosifa-ajandasi\/"},"modified":"2026-04-15T03:32:40","modified_gmt":"2026-04-15T00:32:40","slug":"2025-astrosifa-ajandasi","status":"publish","type":"product","link":"https:\/\/roveyayinevi.com.tr\/index.php\/urun\/2025-astrosifa-ajandasi\/","title":{"rendered":"2025 Astro\u015fifa Ajandas\u0131"},"content":{"rendered":"<p>Sevgili Okuyucum, 2025 y\u0131l\u0131, yepyeni ba\u015flang\u0131\u00e7lar ve heyecan verici ke\u015fiflerle dolu bir y\u0131l olacak! Bu y\u0131l, g\u00f6ky\u00fcz\u00fc bizlere d\u00f6n\u00fc\u015f\u00fcm ve yenilik f\u0131rsatlar\u0131n\u0131 c\u00f6mert\u00e7e sunarken, siz de hem ki\u015fisel hem de toplumsal olarak b\u00fcy\u00fck ad\u0131mlar atmaya haz\u0131r olacaks\u0131n\u0131z. Nept\u00fcn\u2019\u00fcn Ko\u00e7 burcundaki etkisi, cesaret ve ruhsal geli\u015fim alan\u0131nda sizi desteklerken, Uran\u00fcs\u2019\u00fcn \u0130kizler burcuna ge\u00e7i\u015fiyle teknoloji ve ileti\u015fim d\u00fcnyas\u0131nda hayal bile edemeyece\u011finiz yenilikler kap\u0131n\u0131z\u0131 \u00e7alacak. Hologram teknolojileri ve sanal d\u00fcnyalar art\u0131k sadece bir hayal de\u011fil, hayat\u0131m\u0131z\u0131n bir par\u00e7as\u0131 olacak! Pl\u00fcton\u2019un Kova burcundaki g\u00fc\u00e7l\u00fc enerjisiyle, toplumsal dayan\u0131\u015fman\u0131n, \u00f6zg\u00fcrl\u00fc\u011f\u00fcn ve fikir liderlerinin y\u00fckseli\u015fine tan\u0131kl\u0131k edeceksiniz. Belki zaman zaman belirsizliklerle ve zorluklarla kar\u015f\u0131la\u015facaks\u0131n\u0131z, ancak bu y\u0131l\u0131n esas temas\u0131 birlik ve beraberlik olacak. Zorluklar kar\u015f\u0131s\u0131nda birbirimize kenetlenerek daha g\u00fc\u00e7l\u00fc \u00e7\u0131kaca\u011f\u0131z! Bu ajanda, 2025\u2019in b\u00fcy\u00fcl\u00fc enerjisini en iyi \u015fekilde kullanman\u0131z, kendinizi ke\u015ffetmeniz ve yeniliklerle dolu bu d\u00f6nemde i\u00e7sel dengeyi yakalaman\u0131z i\u00e7in size ilham verecek. Hayat\u0131n sundu\u011fu f\u0131rsatlar\u0131 yakalamak, her an\u0131 dolu dolu ya\u015famak ve 2026\u2019ya yepyeni bir g\u00fc\u00e7le ad\u0131m atmak i\u00e7in bu y\u0131l\u0131n size getireceklerine haz\u0131r olun! Unutmay\u0131n, 2025 y\u0131l\u0131 sizin yuvan\u0131zda, kalbinizde ve ruhunuzda b\u00fcy\u00fck de\u011fi\u015fimlerin ba\u015flang\u0131c\u0131 olacak. Gelecek \u015fimdi ba\u015fl\u0131yor, g\u00f6ky\u00fcz\u00fc sizin i\u00e7in parl\u0131yor! <\/p>\n","protected":false},"excerpt":{"rendered":"<p>Sevgili Okuyucum, 2025 y\u0131l\u0131, yepyeni ba\u015flang\u0131\u00e7lar ve heyecan verici ke\u015fiflerle dolu bir y\u0131l olacak! Bu y\u0131l, g\u00f6ky\u00fcz\u00fc bizlere d\u00f6n\u00fc\u015f\u00fcm ve yenilik f\u0131rsatlar\u0131n\u0131 c\u00f6mert\u00e7e sunarken, siz de<span class=\"excerpt-hellip\"> [\u2026]<\/span><\/p>\n","protected":false},"featured_media":0,"template":"","meta":{"_monsterinsights_skip_tracking":false,"_monsterinsights_sitenote_active":false,"_monsterinsights_sitenote_note":"","_monsterinsights_sitenote_category":0},"product_brand":[],"product_cat":[19840,12364],"product_tag":[],"class_list":{"0":"post-766866","1":"product","2":"type-product","3":"status-publish","5":"product_cat-astroloji","6":"product_cat-genel-konular","7":"pa_cilt-ciltsiz","8":"pa_tur-kitap","9":"pa_yayinevi-inkilap-kitabevi","10":"pa_yazar-aygul-aydin","12":"first","13":"instock","14":"sale","15":"shipping-taxable","16":"purchasable","17":"product-type-simple"},"_links":{"self":[{"href":"https:\/\/roveyayinevi.com.tr\/index.php\/wp-json\/wp\/v2\/product\/766866","targetHints":{"allow":["GET"]}}],"collection":[{"href":"https:\/\/roveyayinevi.com.tr\/index.php\/wp-json\/wp\/v2\/product"}],"about":[{"href":"https:\/\/roveyayinevi.com.tr\/index.php\/wp-json\/wp\/v2\/types\/product"}],"wp:attachment":[{"href":"https:\/\/roveyayinevi.com.tr\/index.php\/wp-json\/wp\/v2\/media?parent=766866"}],"wp:term":[{"taxonomy":"product_brand","embeddable":true,"href":"https:\/\/roveyayinevi.com.tr\/index.php\/wp-json\/wp\/v2\/product_brand?post=766866"},{"taxonomy":"product_cat","embeddable":true,"href":"https:\/\/roveyayinevi.com.tr\/index.php\/wp-json\/wp\/v2\/product_cat?post=766866"},{"taxonomy":"product_tag","embeddable":true,"href":"https:\/\/roveyayinevi.com.tr\/index.php\/wp-json\/wp\/v2\/product_tag?post=766866"}],"curies":[{"name":"wp","href":"https:\/\/api.w.org\/{rel}","templated":true}]}}