{"id":766863,"date":"2025-08-28T12:28:23","date_gmt":"2025-08-28T09:28:23","guid":{"rendered":"https:\/\/roveyayinevi.com.tr\/index.php\/urun\/yeni-baslayanlar-icin-dijital-illustrasyon\/"},"modified":"2026-04-15T03:32:40","modified_gmt":"2026-04-15T00:32:40","slug":"yeni-baslayanlar-icin-dijital-illustrasyon","status":"publish","type":"product","link":"https:\/\/roveyayinevi.com.tr\/index.php\/urun\/yeni-baslayanlar-icin-dijital-illustrasyon\/","title":{"rendered":"Yeni Ba\u015flayanlar \u0130\u00e7in Dijital \u0130ll\u00fcstrasyon"},"content":{"rendered":"<p>Dijital sanat d\u00fcnyas\u0131na ad\u0131m atmak i\u00e7in do\u011fru yerdesiniz! \u201cYeni Ba\u015flayanlar \u0130\u00e7in Dijital \u0130ll\u00fcstrasyon\u201d kitab\u0131, hayal g\u00fcc\u00fcn\u00fcz\u00fc etkili \u00e7izgilerle yans\u0131tman\u0131za yard\u0131mc\u0131 olacak kapsaml\u0131 bir eser&#8230;   Procreate, kullan\u0131c\u0131 dostu aray\u00fcz\u00fc ve zengin f\u0131r\u00e7a se\u00e7enekleri sayesinde hem yeni ba\u015flayanlar hem de deneyimli sanat\u00e7\u0131lar i\u00e7in ideal bir uygulamad\u0131r. Geleneksel \u00e7izim deneyimini dijital d\u00fcnyaya ta\u015f\u0131yan Procreate, yarat\u0131c\u0131 s\u00fcre\u00e7lerinizi kolayla\u015ft\u0131ran bir\u00e7ok olanak sunar. Bu kitapta Procreate\u2019in; katman y\u00f6netimi, renk paleti olu\u015fturma ve doku, filtre, efekt ekleme gibi temel \u00f6zellikleri ke\u015ffedeceksiniz. G\u00f6rsel \u00f6rneklerle desteklenen, pratik ipu\u00e7lar\u0131 ve teknikler bar\u0131nd\u0131ran bu eser, dijital \u00e7izim ser\u00fcveninize haz\u0131rl\u0131k yapman\u0131z\u0131 sa\u011flayacak\u2026   Haydi, bu kitab\u0131n rehberli\u011finde Procreate ile sanat yolculu\u011funuza ba\u015flay\u0131n! <\/p>\n","protected":false},"excerpt":{"rendered":"<p>Dijital sanat d\u00fcnyas\u0131na ad\u0131m atmak i\u00e7in do\u011fru yerdesiniz! \u201cYeni Ba\u015flayanlar \u0130\u00e7in Dijital \u0130ll\u00fcstrasyon\u201d kitab\u0131, hayal g\u00fcc\u00fcn\u00fcz\u00fc etkili \u00e7izgilerle yans\u0131tman\u0131za yard\u0131mc\u0131 olacak kapsaml\u0131 bir eser&#8230; Procreate, kullan\u0131c\u0131<span class=\"excerpt-hellip\"> [\u2026]<\/span><\/p>\n","protected":false},"featured_media":0,"template":"","meta":{"_monsterinsights_skip_tracking":false,"_monsterinsights_sitenote_active":false,"_monsterinsights_sitenote_note":"","_monsterinsights_sitenote_category":0},"product_brand":[],"product_cat":[12408],"product_tag":[],"class_list":{"0":"post-766863","1":"product","2":"type-product","3":"status-publish","5":"product_cat-sanat","6":"pa_cilt-ciltsiz","7":"pa_tur-kitap","8":"pa_yayinevi-profil-kitap","9":"pa_yazar-meryem-kurt","11":"first","12":"instock","13":"sale","14":"shipping-taxable","15":"purchasable","16":"product-type-simple"},"_links":{"self":[{"href":"https:\/\/roveyayinevi.com.tr\/index.php\/wp-json\/wp\/v2\/product\/766863","targetHints":{"allow":["GET"]}}],"collection":[{"href":"https:\/\/roveyayinevi.com.tr\/index.php\/wp-json\/wp\/v2\/product"}],"about":[{"href":"https:\/\/roveyayinevi.com.tr\/index.php\/wp-json\/wp\/v2\/types\/product"}],"wp:attachment":[{"href":"https:\/\/roveyayinevi.com.tr\/index.php\/wp-json\/wp\/v2\/media?parent=766863"}],"wp:term":[{"taxonomy":"product_brand","embeddable":true,"href":"https:\/\/roveyayinevi.com.tr\/index.php\/wp-json\/wp\/v2\/product_brand?post=766863"},{"taxonomy":"product_cat","embeddable":true,"href":"https:\/\/roveyayinevi.com.tr\/index.php\/wp-json\/wp\/v2\/product_cat?post=766863"},{"taxonomy":"product_tag","embeddable":true,"href":"https:\/\/roveyayinevi.com.tr\/index.php\/wp-json\/wp\/v2\/product_tag?post=766863"}],"curies":[{"name":"wp","href":"https:\/\/api.w.org\/{rel}","templated":true}]}}